{"id":2933,"date":"2016-03-11T10:48:07","date_gmt":"2016-03-11T09:48:07","guid":{"rendered":"https:\/\/www.labelleviededaniel.fr\/?page_id=2933"},"modified":"2018-06-24T10:31:14","modified_gmt":"2018-06-24T09:31:14","slug":"au-pret-sur-gage-livre-de-pauline-peretz-aux-editions-du-seuil-col-raconter-la-vie-octobre-2014","status":"publish","type":"page","link":"https:\/\/www.labelleviededaniel.fr\/?page_id=2933","title":{"rendered":"\u00ab\u00a0Au pr\u00eat sur gage\u00a0\u00bb, livre de Pauline Peretz aux \u00e9ditions du Seuil ( col. raconter la vie), octobre 2014"},"content":{"rendered":"<p><a href=\"https:\/\/www.labelleviededaniel.fr\/wp-content\/uploads\/2016\/03\/pretdurgage.jpg\" rel=\"attachment wp-att-2932\"><img loading=\"lazy\" decoding=\"async\" class=\"size-full wp-image-2932 aligncenter\" src=\"https:\/\/www.labelleviededaniel.fr\/wp-content\/uploads\/2016\/03\/pretdurgage.jpg\" alt=\"pretdurgage\" width=\"158\" height=\"224\" \/><\/a><\/p>\n<p>Autres sites internet:<br \/>\n<a href=\"http:\/\/www.creditmunicipal.fr\/accueil.html\">le cr\u00e9dit municipal de Paris<\/a><br \/>\n<a href=\"http:\/\/www.pretsurgage.fr\/\">sites des cr\u00e9dits municipaux de France<\/a><\/p>\n<p>La quatri\u00e8me de couverture:<br \/>\nA l\u2019ancien Mont-de-Pi\u00e9t\u00e9, le besoin n\u2019a plus le visage de la pauvret\u00e9, mais celui de la d\u00e9brouillardise \u2013 f\u00e9minine, immigr\u00e9e. Les clientes y utilisent leurs bijoux comme source du desserrement des contraintes qui p\u00e8sent sur elles, comme ressort de leur \u00e9mancipation. Le Cr\u00e9dit Municipal de Paris est en effet un lieu o\u00f9 l\u2019or octroie un type de pouvoir qui vient relativiser celui de l\u2019argent. Dans la mise en gage, se jouent l\u2019affirmation d\u2019une ind\u00e9pendance &#8211; financi\u00e8re, affective, communautaire\u00a0-, le d\u00e9voilement d\u2019une ing\u00e9niosit\u00e9, l\u2019utilisation d\u2019une institution \u00e0 des fins propres.<\/p>\n<blockquote><p>Vous entrez, vous d\u00e9posez de l\u2019or sur le comptoir et vous ressortez avec une somme \u00e9quivalente au produit du grammage par le cours du jour. Inutile de discuter ou de contester.<\/p>\n<p>&nbsp;<\/p><\/blockquote>\n","protected":false},"excerpt":{"rendered":"<p>Autres sites internet: le cr\u00e9dit municipal de Paris sites des cr\u00e9dits municipaux de France La quatri\u00e8me de couverture: A l\u2019ancien Mont-de-Pi\u00e9t\u00e9, le besoin n\u2019a plus le visage de la pauvret\u00e9, mais celui de la d\u00e9brouillardise \u2013 f\u00e9minine, immigr\u00e9e. Les clientes y utilisent leurs bijoux comme source du desserrement des contraintes qui p\u00e8sent sur elles, comme &hellip; <a href=\"https:\/\/www.labelleviededaniel.fr\/?page_id=2933\" class=\"more-link\">Continuer la lecture de <span class=\"screen-reader-text\">\u00ab\u00a0Au pr\u00eat sur gage\u00a0\u00bb, livre de Pauline Peretz aux \u00e9ditions du Seuil ( col. raconter la vie), octobre 2014<\/span> <span class=\"meta-nav\">&rarr;<\/span><\/a><\/p>\n","protected":false},"author":1,"featured_media":0,"parent":3284,"menu_order":0,"comment_status":"closed","ping_status":"closed","template":"","meta":{"footnotes":""},"class_list":["post-2933","page","type-page","status-publish","hentry"],"_links":{"self":[{"href":"https:\/\/www.labelleviededaniel.fr\/index.php?rest_route=\/wp\/v2\/pages\/2933","targetHints":{"allow":["GET"]}}],"collection":[{"href":"https:\/\/www.labelleviededaniel.fr\/index.php?rest_route=\/wp\/v2\/pages"}],"about":[{"href":"https:\/\/www.labelleviededaniel.fr\/index.php?rest_route=\/wp\/v2\/types\/page"}],"author":[{"embeddable":true,"href":"https:\/\/www.labelleviededaniel.fr\/index.php?rest_route=\/wp\/v2\/users\/1"}],"replies":[{"embeddable":true,"href":"https:\/\/www.labelleviededaniel.fr\/index.php?rest_route=%2Fwp%2Fv2%2Fcomments&post=2933"}],"version-history":[{"count":4,"href":"https:\/\/www.labelleviededaniel.fr\/index.php?rest_route=\/wp\/v2\/pages\/2933\/revisions"}],"predecessor-version":[{"id":7035,"href":"https:\/\/www.labelleviededaniel.fr\/index.php?rest_route=\/wp\/v2\/pages\/2933\/revisions\/7035"}],"up":[{"embeddable":true,"href":"https:\/\/www.labelleviededaniel.fr\/index.php?rest_route=\/wp\/v2\/pages\/3284"}],"wp:attachment":[{"href":"https:\/\/www.labelleviededaniel.fr\/index.php?rest_route=%2Fwp%2Fv2%2Fmedia&parent=2933"}],"curies":[{"name":"wp","href":"https:\/\/api.w.org\/{rel}","templated":true}]}}