{"id":2988,"date":"2016-03-17T09:39:52","date_gmt":"2016-03-17T08:39:52","guid":{"rendered":"https:\/\/www.labelleviededaniel.fr\/?page_id=2988"},"modified":"2018-06-24T10:30:07","modified_gmt":"2018-06-24T09:30:07","slug":"la-passion-du-tuning-livre-de-stephanie-maurice-aux-editions-du-seuil-col-raconter-la-vie-mars-2015","status":"publish","type":"page","link":"https:\/\/www.labelleviededaniel.fr\/?page_id=2988","title":{"rendered":"\u00ab\u00a0La passion du tuning\u00a0\u00bb livre de St\u00e9phanie Maurice aux \u00e9ditions du Seuil ( col. raconter la vie) , mars 2015."},"content":{"rendered":"<p><a href=\"https:\/\/www.labelleviededaniel.fr\/wp-content\/uploads\/2016\/03\/passion-du-tuning.jpg\" rel=\"attachment wp-att-2987\"><img loading=\"lazy\" decoding=\"async\" class=\"size-full wp-image-2987 aligncenter\" src=\"https:\/\/www.labelleviededaniel.fr\/wp-content\/uploads\/2016\/03\/passion-du-tuning.jpg\" alt=\"passion du tuning\" width=\"163\" height=\"224\" \/><\/a><\/p>\n<p>Plong\u00e9e dans l\u2019univers des parkings aux c\u00f4t\u00e9s de ces fous de voitures capables de ne compter ni le temps ni l\u2019argent pour transformer leur bolide.<br \/>\nDonn\u00e9 pour mort, le tuning a de beaux jours devant lui. Dans le Nord, ce loisir populaire bat son plein au rythme de meetings attirant toutes sortes de passionn\u00e9s qui cherchent la distinction et la classe par la personnalisation de leur v\u00e9hicule. Le r\u00eave automobile fait tenir quand la crise frappe.<\/p>\n<blockquote><p>Avec ce monde parall\u00e8le improbable, les hectares de bitume des surfaces commerciales ont une vie underground nocturne.<\/p>\n<p>&nbsp;<\/p><\/blockquote>\n","protected":false},"excerpt":{"rendered":"<p>Plong\u00e9e dans l\u2019univers des parkings aux c\u00f4t\u00e9s de ces fous de voitures capables de ne compter ni le temps ni l\u2019argent pour transformer leur bolide. Donn\u00e9 pour mort, le tuning a de beaux jours devant lui. Dans le Nord, ce loisir populaire bat son plein au rythme de meetings attirant toutes sortes de passionn\u00e9s qui &hellip; <a href=\"https:\/\/www.labelleviededaniel.fr\/?page_id=2988\" class=\"more-link\">Continuer la lecture de <span class=\"screen-reader-text\">\u00ab\u00a0La passion du tuning\u00a0\u00bb livre de St\u00e9phanie Maurice aux \u00e9ditions du Seuil ( col. raconter la vie) , mars 2015.<\/span> <span class=\"meta-nav\">&rarr;<\/span><\/a><\/p>\n","protected":false},"author":1,"featured_media":0,"parent":3284,"menu_order":0,"comment_status":"closed","ping_status":"closed","template":"","meta":{"footnotes":""},"class_list":["post-2988","page","type-page","status-publish","hentry"],"_links":{"self":[{"href":"https:\/\/www.labelleviededaniel.fr\/index.php?rest_route=\/wp\/v2\/pages\/2988","targetHints":{"allow":["GET"]}}],"collection":[{"href":"https:\/\/www.labelleviededaniel.fr\/index.php?rest_route=\/wp\/v2\/pages"}],"about":[{"href":"https:\/\/www.labelleviededaniel.fr\/index.php?rest_route=\/wp\/v2\/types\/page"}],"author":[{"embeddable":true,"href":"https:\/\/www.labelleviededaniel.fr\/index.php?rest_route=\/wp\/v2\/users\/1"}],"replies":[{"embeddable":true,"href":"https:\/\/www.labelleviededaniel.fr\/index.php?rest_route=%2Fwp%2Fv2%2Fcomments&post=2988"}],"version-history":[{"count":3,"href":"https:\/\/www.labelleviededaniel.fr\/index.php?rest_route=\/wp\/v2\/pages\/2988\/revisions"}],"predecessor-version":[{"id":7034,"href":"https:\/\/www.labelleviededaniel.fr\/index.php?rest_route=\/wp\/v2\/pages\/2988\/revisions\/7034"}],"up":[{"embeddable":true,"href":"https:\/\/www.labelleviededaniel.fr\/index.php?rest_route=\/wp\/v2\/pages\/3284"}],"wp:attachment":[{"href":"https:\/\/www.labelleviededaniel.fr\/index.php?rest_route=%2Fwp%2Fv2%2Fmedia&parent=2988"}],"curies":[{"name":"wp","href":"https:\/\/api.w.org\/{rel}","templated":true}]}}