{"id":3026,"date":"2016-03-30T09:06:00","date_gmt":"2016-03-30T08:06:00","guid":{"rendered":"https:\/\/www.labelleviededaniel.fr\/?page_id=3026"},"modified":"2016-04-04T11:52:24","modified_gmt":"2016-04-04T10:52:24","slug":"labbaye-des-vaux-de-cernay-dans-les-yvelines","status":"publish","type":"page","link":"https:\/\/www.labelleviededaniel.fr\/?page_id=3026","title":{"rendered":"\u00ab\u00a0L&rsquo;Abbaye des Vaux de Cernay\u00a0\u00bb dans les Yvelines"},"content":{"rendered":"<p>Premi\u00e8re visite lors du WE de P\u00e2ques 2016 ( 26 et 27 mars ) avec s\u00e9jour \u00e0 la ferme des vall\u00e9es \u00e0 Auffargis.<\/p>\n<p><a href=\"http:\/\/www.lafermedesvallees.com\/\">La ferme des vall\u00e9es<\/a><br \/>\n<a href=\"http:\/\/www.abbayedecernay.com\/\">le site officiel de l&rsquo;Abbaye des Vaux de Cernay<\/a><\/p>\n","protected":false},"excerpt":{"rendered":"<p>Premi\u00e8re visite lors du WE de P\u00e2ques 2016 ( 26 et 27 mars ) avec s\u00e9jour \u00e0 la ferme des vall\u00e9es \u00e0 Auffargis. La ferme des vall\u00e9es le site officiel de l&rsquo;Abbaye des Vaux de Cernay<\/p>\n","protected":false},"author":1,"featured_media":0,"parent":331,"menu_order":0,"comment_status":"closed","ping_status":"closed","template":"","meta":{"footnotes":""},"class_list":["post-3026","page","type-page","status-publish","hentry"],"_links":{"self":[{"href":"https:\/\/www.labelleviededaniel.fr\/index.php?rest_route=\/wp\/v2\/pages\/3026","targetHints":{"allow":["GET"]}}],"collection":[{"href":"https:\/\/www.labelleviededaniel.fr\/index.php?rest_route=\/wp\/v2\/pages"}],"about":[{"href":"https:\/\/www.labelleviededaniel.fr\/index.php?rest_route=\/wp\/v2\/types\/page"}],"author":[{"embeddable":true,"href":"https:\/\/www.labelleviededaniel.fr\/index.php?rest_route=\/wp\/v2\/users\/1"}],"replies":[{"embeddable":true,"href":"https:\/\/www.labelleviededaniel.fr\/index.php?rest_route=%2Fwp%2Fv2%2Fcomments&post=3026"}],"version-history":[{"count":7,"href":"https:\/\/www.labelleviededaniel.fr\/index.php?rest_route=\/wp\/v2\/pages\/3026\/revisions"}],"predecessor-version":[{"id":3219,"href":"https:\/\/www.labelleviededaniel.fr\/index.php?rest_route=\/wp\/v2\/pages\/3026\/revisions\/3219"}],"up":[{"embeddable":true,"href":"https:\/\/www.labelleviededaniel.fr\/index.php?rest_route=\/wp\/v2\/pages\/331"}],"wp:attachment":[{"href":"https:\/\/www.labelleviededaniel.fr\/index.php?rest_route=%2Fwp%2Fv2%2Fmedia&parent=3026"}],"curies":[{"name":"wp","href":"https:\/\/api.w.org\/{rel}","templated":true}]}}