{"id":3289,"date":"2016-04-09T09:17:16","date_gmt":"2016-04-09T08:17:16","guid":{"rendered":"https:\/\/www.labelleviededaniel.fr\/?page_id=3289"},"modified":"2024-07-05T08:19:54","modified_gmt":"2024-07-05T07:19:54","slug":"annie-ernaux","status":"publish","type":"page","link":"https:\/\/www.labelleviededaniel.fr\/?page_id=3289","title":{"rendered":"Annie Ernaux, Prix Nobel de litt\u00e9rature le 6 octobre 2022"},"content":{"rendered":"<p><a href=\"https:\/\/www.labelleviededaniel.fr\/wp-content\/uploads\/2022\/10\/Ernaux-une-de-liberation-le-7-octobre-2022.jpg\"><img loading=\"lazy\" decoding=\"async\" class=\"alignnone size-full wp-image-10319\" src=\"https:\/\/www.labelleviededaniel.fr\/wp-content\/uploads\/2022\/10\/Ernaux-une-de-liberation-le-7-octobre-2022.jpg\" alt=\"\" width=\"727\" height=\"922\" srcset=\"https:\/\/www.labelleviededaniel.fr\/wp-content\/uploads\/2022\/10\/Ernaux-une-de-liberation-le-7-octobre-2022.jpg 727w, https:\/\/www.labelleviededaniel.fr\/wp-content\/uploads\/2022\/10\/Ernaux-une-de-liberation-le-7-octobre-2022-237x300.jpg 237w, https:\/\/www.labelleviededaniel.fr\/wp-content\/uploads\/2022\/10\/Ernaux-une-de-liberation-le-7-octobre-2022-700x888.jpg 700w\" sizes=\"auto, (max-width: 727px) 100vw, 727px\" \/><\/a><br \/>\n<a href=\"https:\/\/www.labelleviededaniel.fr\/wp-content\/uploads\/2022\/10\/Liberation_le-7-octobre-202_apres-annonce-du-Nobel_page-2-et-3.pdf\">Liberation_le 7 octobre 202_apres annonce du Nobel_page 2 et 3<\/a><br \/>\n<a href=\"https:\/\/www.labelleviededaniel.fr\/wp-content\/uploads\/2022\/10\/Liberation_le-7-octobre-202_apres-annonce-du-Nobel_page-4-et-5.pdf\">Liberation_le 7 octobre 202_apres annonce du Nobel_page 4 et 5<\/a><br \/>\n<a href=\"https:\/\/www.labelleviededaniel.fr\/wp-content\/uploads\/2022\/10\/Liberation_le-7-octobre-202_apres-annonce-du-Nobel_page-6-et-7.pdf\">Liberation_le 7 octobre 202_apres annonce du Nobel_page 6 et 7<\/a><\/p>\n<p>Annie Ernaux discute avec Augustin Trapenard, le 29 mai 2022<\/p>\n<p><iframe loading=\"lazy\" title=\"YouTube video player\" src=\"https:\/\/www.youtube.com\/embed\/n1DtLsvtUEw\" width=\"560\" height=\"315\" frameborder=\"0\" allowfullscreen=\"allowfullscreen\"><span style=\"display: inline-block; width: 0px; overflow: hidden; line-height: 0;\" data-mce-type=\"bookmark\" class=\"mce_SELRES_start\">\ufeff<\/span><\/iframe><\/p>\n<figure id=\"attachment_7132\" aria-describedby=\"caption-attachment-7132\" style=\"width: 738px\" class=\"wp-caption alignnone\"><a href=\"https:\/\/www.labelleviededaniel.fr\/wp-content\/uploads\/2018\/06\/annie-ernaux.jpg\"><img loading=\"lazy\" decoding=\"async\" class=\"wp-image-7132 size-full\" src=\"https:\/\/www.labelleviededaniel.fr\/wp-content\/uploads\/2018\/06\/annie-ernaux.jpg\" alt=\"\" width=\"738\" height=\"494\" srcset=\"https:\/\/www.labelleviededaniel.fr\/wp-content\/uploads\/2018\/06\/annie-ernaux.jpg 738w, https:\/\/www.labelleviededaniel.fr\/wp-content\/uploads\/2018\/06\/annie-ernaux-300x201.jpg 300w, https:\/\/www.labelleviededaniel.fr\/wp-content\/uploads\/2018\/06\/annie-ernaux-700x469.jpg 700w\" sizes=\"auto, (max-width: 738px) 100vw, 738px\" \/><\/a><figcaption id=\"caption-attachment-7132\" class=\"wp-caption-text\">Annie Ernaux en mars 2018<\/figcaption><\/figure>\n<p><iframe loading=\"lazy\" src=\"https:\/\/www.franceculture.fr\/player\/export-reecouter?content=5d65b80c-7188-450d-8654-1396fcf7599a\" width=\"481\" height=\"137\" frameborder=\"0\" scrolling=\"no\"><\/iframe><\/p>\n<p><a href=\"https:\/\/www.labelleviededaniel.fr\/wp-content\/uploads\/2016\/04\/Annie-Ernaux-je-ne-pensais-qua-d\u00e9sob\u00e9ir-Le-mondu-du-3-avril-2016.pdf\" rel=\"\">Annie Ernaux je ne pensais qu&rsquo;a d\u00e9sob\u00e9ir Le mondu du 3 avril 2016<br \/>\nVid\u00e9o sur Annie Ernaux : \u00ab\u00a0Faut-il lire M\u00e9moire de fille ?\u00a0\u00bb<\/a><\/p>\n<p><a href=\"https:\/\/www.labelleviededaniel.fr\/wp-content\/uploads\/2016\/04\/FlyerAnnieErnaux.pdf\">FlyerAnnieErnaux<\/a> : pour d\u00e9dicace du livre : M\u00e9moire de fille \u00e0 Yvet\u00f4t \u00e0 la librairie la Buissonni\u00e8re le 24 mai 2016<\/p>\n<p>Documents :<a href=\"https:\/\/www.labelleviededaniel.fr\/wp-content\/uploads\/2022\/10\/extrait-journal-intime-octobre-2012-a-propos-de-Annie-Ernaux.pdf\">extrait journal intime octobre 2012 \u00e0 propos de Annie Ernaux<\/a><\/p>\n","protected":false},"excerpt":{"rendered":"<p>Liberation_le 7 octobre 202_apres annonce du Nobel_page 2 et 3 Liberation_le 7 octobre 202_apres annonce du Nobel_page 4 et 5 Liberation_le 7 octobre 202_apres annonce du Nobel_page 6 et 7 Annie Ernaux discute avec Augustin Trapenard, le 29 mai 2022 \ufeff Annie Ernaux je ne pensais qu&rsquo;a d\u00e9sob\u00e9ir Le mondu du 3 avril 2016 Vid\u00e9o &hellip; <a href=\"https:\/\/www.labelleviededaniel.fr\/?page_id=3289\" class=\"more-link\">Continuer la lecture de <span class=\"screen-reader-text\">Annie Ernaux, Prix Nobel de litt\u00e9rature le 6 octobre 2022<\/span> <span class=\"meta-nav\">&rarr;<\/span><\/a><\/p>\n","protected":false},"author":1,"featured_media":0,"parent":3282,"menu_order":0,"comment_status":"closed","ping_status":"closed","template":"","meta":{"footnotes":""},"class_list":["post-3289","page","type-page","status-publish","hentry"],"_links":{"self":[{"href":"https:\/\/www.labelleviededaniel.fr\/index.php?rest_route=\/wp\/v2\/pages\/3289","targetHints":{"allow":["GET"]}}],"collection":[{"href":"https:\/\/www.labelleviededaniel.fr\/index.php?rest_route=\/wp\/v2\/pages"}],"about":[{"href":"https:\/\/www.labelleviededaniel.fr\/index.php?rest_route=\/wp\/v2\/types\/page"}],"author":[{"embeddable":true,"href":"https:\/\/www.labelleviededaniel.fr\/index.php?rest_route=\/wp\/v2\/users\/1"}],"replies":[{"embeddable":true,"href":"https:\/\/www.labelleviededaniel.fr\/index.php?rest_route=%2Fwp%2Fv2%2Fcomments&post=3289"}],"version-history":[{"count":17,"href":"https:\/\/www.labelleviededaniel.fr\/index.php?rest_route=\/wp\/v2\/pages\/3289\/revisions"}],"predecessor-version":[{"id":11544,"href":"https:\/\/www.labelleviededaniel.fr\/index.php?rest_route=\/wp\/v2\/pages\/3289\/revisions\/11544"}],"up":[{"embeddable":true,"href":"https:\/\/www.labelleviededaniel.fr\/index.php?rest_route=\/wp\/v2\/pages\/3282"}],"wp:attachment":[{"href":"https:\/\/www.labelleviededaniel.fr\/index.php?rest_route=%2Fwp%2Fv2%2Fmedia&parent=3289"}],"curies":[{"name":"wp","href":"https:\/\/api.w.org\/{rel}","templated":true}]}}