{"id":334,"date":"2014-06-01T16:45:02","date_gmt":"2014-06-01T15:45:02","guid":{"rendered":"https:\/\/www.labelleviededaniel.fr\/?page_id=334"},"modified":"2014-07-10T16:04:08","modified_gmt":"2014-07-10T15:04:08","slug":"le-vexin","status":"publish","type":"page","link":"https:\/\/www.labelleviededaniel.fr\/?page_id=334","title":{"rendered":"Le Vexin"},"content":{"rendered":"<p>D\u00e9part le samedi matin en direction du Vexin au d\u00e9part de Poissy par Meulan. Nous atteignons le (joli) village de <strong>Seraincourt<\/strong> et prenons un caf\u00e9 ensoleill\u00e9 au Relais du Vexin.<br \/>\nSurprise \u00e0 Th\u00e9m\u00e9ricourt o\u00f9 se trouve <strong>la Maison du Parc R\u00e9gional du Vexin<\/strong> install\u00e9e dans le ch\u00e2teau. La Maison est ferm\u00e9e en ce samedi matin et nous en profitons pour visiter la brasserie locale. A travers de petites routes s\u00e9parant de vastes champs de c\u00e9r\u00e9ales (bl\u00e9, orge, lin\u2026) faisant la beaut\u00e9 et la richesse du Vexin, nous traversons de tr\u00e8s beaux villages construits avec cette pierre blanche caract\u00e9ristique pour gagner le domaine de Villarceaux, via Maud\u00e9tour en Vexin.<br \/>\n<strong>Le Domaine de Villarceaux<\/strong> est un endroit remarquable qui se compose du manoir de Ninon, des communs du manoir des 15-16e s et de son ch\u00e2teau Louis XV.<br \/>\nJolis jardins et plans d\u2019eau. Dans le cadre des journ\u00e9es Nationales \u00ab Rendez-vous au Jardin \u00bb des 30 mai et 1 juin 2014 , nous pouvons assister sur place aux manifestations pr\u00e9vues \u00e0 cet effet en croisant en particulier des figurants richement costum\u00e9s ( photo) se pr\u00e9parant \u00e0 jouer des sayn\u00e8tes reconstituant la glorieuse \u00e9poque du ch\u00e2teau.<br \/>\nUn petit march\u00e9 artisanal tr\u00e8s sympathique est \u00e9galement pr\u00e9sent avec de nombreux exposants dont l\u2019\u00e9tonnant : \u00ab lateliertoutencarton \u00bb pr\u00e9sentant une grande quantit\u00e9 d\u2019objets (fauteuil, meubles etc\u2026 ) enti\u00e8rement r\u00e9alis\u00e9s en carton. Tout pr\u00e8s, une soprane chante des airs d\u2019op\u00e9ra sous des voutes magnifiques\u2026<br \/>\nNous continuons notre route en direction de <strong>la Roche-Guyon<\/strong> (potager au pied du ch\u00e2teau, promenade dans les ruelles en direction de la Seine). Ensuite direction <strong>Vernon<\/strong> et <strong>Saint Pierre la Garenne<\/strong>\u00a0 dans l&rsquo;Eure o\u00f9 se trouve notre h\u00f4tel : les Canisses en bordure de Seine.<\/p>\n<p>la carte du trajet aller:<br \/>\n<iframe loading=\"lazy\" style=\"border: 0;\" src=\"https:\/\/www.google.com\/maps\/embed?pb=!1m77!1m12!1m3!1d334772.36865041225!2d1.449773264845395!3d49.04084399857331!2m3!1f0!2f0!3f0!3m2!1i1024!2i768!4f13.1!4m62!1i0!3e0!4m5!1s0x47e68947dded65e3%3A0x40b82c3688c39a0!2sPoissy%2C+France!3m2!1d48.929584!2d2.046982!4m5!1s0x47e6928bd54e2f31%3A0x40b82c3688c3ae0!2sLes+Mureaux%2C+France!3m2!1d48.990181!2d1.912178!4m5!1s0x47e6edb62b1f5281%3A0x69332b5bdc2425dc!2zVGjDqW3DqXJpY291cnQsIEZyYW5jZQ!3m2!1d49.091356999999995!2d1.904394!4m5!1s0x47e6ec16a5bf211f%3A0x40b82c3688b3660!2sAvernes%2C+France!3m2!1d49.087046!2d1.8719169999999998!4m5!1s0x47e6e9f5a26dd253%3A0x40b82c3688b3080!2sMaud%C3%A9tour-en-Vexin%2C+France!3m2!1d49.100119!2d1.77588!4m5!1s0x47e6c3cd944d2793%3A0x3bbe84b6c6a81031!2sDomaine+de+Villarceaux%2C+95710+Chaussy%2C+France!3m2!1d49.123056!2d1.705833!4m5!1s0x47e6c6a1bd70992f%3A0x40b82c3688b36f0!2sAmenucourt%2C+France!3m2!1d49.106189!2d1.64178!4m5!1s0x47e6c6ed5a6f8243%3A0x40b82c3688b2e30!2sLa+Roche-Guyon%2C+France!3m2!1d49.080652!2d1.6291289999999998!4m5!1s0x47e6cbdd7d3ddcb1%3A0xeb9fd94417956f9a!2sVernon%2C+France!3m2!1d49.091958!2d1.4881069999999998!4m5!1s0x47e1332600810d69%3A0x40c14484fbb9040!2sSaint-Pierre-la-Garenne%2C+France!3m2!1d49.156182!2d1.4008699999999998!5e0!3m2!1sfr!2s!4v1401651832256\" width=\"600\" height=\"450\" frameborder=\"0\"><\/iframe><\/p>\n<p>&nbsp;<\/p>\n<p>&nbsp;<\/p>\n<p>&nbsp;<\/p>\n\n<p>&nbsp;<\/p>\n<p>&nbsp;<\/p>\n<p>&nbsp;<\/p>\n<p>&nbsp;<\/p>\n<p>&nbsp;<\/p>\n<p>&nbsp;<\/p>\n<p>&nbsp;<\/p>\n","protected":false},"excerpt":{"rendered":"<p>D\u00e9part le samedi matin en direction du Vexin au d\u00e9part de Poissy par Meulan. Nous atteignons le (joli) village de Seraincourt et prenons un caf\u00e9 ensoleill\u00e9 au Relais du Vexin. Surprise \u00e0 Th\u00e9m\u00e9ricourt o\u00f9 se trouve la Maison du Parc R\u00e9gional du Vexin install\u00e9e dans le ch\u00e2teau. La Maison est ferm\u00e9e en ce samedi matin &hellip; <a href=\"https:\/\/www.labelleviededaniel.fr\/?page_id=334\" class=\"more-link\">Continuer la lecture de <span class=\"screen-reader-text\">Le Vexin<\/span> <span class=\"meta-nav\">&rarr;<\/span><\/a><\/p>\n","protected":false},"author":1,"featured_media":0,"parent":331,"menu_order":0,"comment_status":"open","ping_status":"open","template":"","meta":{"footnotes":""},"class_list":["post-334","page","type-page","status-publish","hentry"],"_links":{"self":[{"href":"https:\/\/www.labelleviededaniel.fr\/index.php?rest_route=\/wp\/v2\/pages\/334","targetHints":{"allow":["GET"]}}],"collection":[{"href":"https:\/\/www.labelleviededaniel.fr\/index.php?rest_route=\/wp\/v2\/pages"}],"about":[{"href":"https:\/\/www.labelleviededaniel.fr\/index.php?rest_route=\/wp\/v2\/types\/page"}],"author":[{"embeddable":true,"href":"https:\/\/www.labelleviededaniel.fr\/index.php?rest_route=\/wp\/v2\/users\/1"}],"replies":[{"embeddable":true,"href":"https:\/\/www.labelleviededaniel.fr\/index.php?rest_route=%2Fwp%2Fv2%2Fcomments&post=334"}],"version-history":[{"count":9,"href":"https:\/\/www.labelleviededaniel.fr\/index.php?rest_route=\/wp\/v2\/pages\/334\/revisions"}],"predecessor-version":[{"id":368,"href":"https:\/\/www.labelleviededaniel.fr\/index.php?rest_route=\/wp\/v2\/pages\/334\/revisions\/368"}],"up":[{"embeddable":true,"href":"https:\/\/www.labelleviededaniel.fr\/index.php?rest_route=\/wp\/v2\/pages\/331"}],"wp:attachment":[{"href":"https:\/\/www.labelleviededaniel.fr\/index.php?rest_route=%2Fwp%2Fv2%2Fmedia&parent=334"}],"curies":[{"name":"wp","href":"https:\/\/api.w.org\/{rel}","templated":true}]}}