{"id":3344,"date":"2016-04-11T09:03:08","date_gmt":"2016-04-11T08:03:08","guid":{"rendered":"https:\/\/www.labelleviededaniel.fr\/?page_id=3344"},"modified":"2018-06-24T10:27:19","modified_gmt":"2018-06-24T09:27:19","slug":"dans-loeil-du-gardien-livre-de-j-f-lae-aux-editions-du-seuil-coll-raconter-la-vie","status":"publish","type":"page","link":"https:\/\/www.labelleviededaniel.fr\/?page_id=3344","title":{"rendered":"\u00ab\u00a0Dans l&rsquo;oeil du gardien\u00a0\u00bb livre de J-F La\u00e9  aux \u00e9ditions du Seuil ( coll. raconter la vie)"},"content":{"rendered":"<p><a href=\"https:\/\/www.labelleviededaniel.fr\/wp-content\/uploads\/2016\/04\/oeildugradien.jpg\" rel=\"attachment wp-att-3343\"><img loading=\"lazy\" decoding=\"async\" class=\"alignnone wp-image-3343\" src=\"https:\/\/www.labelleviededaniel.fr\/wp-content\/uploads\/2016\/04\/oeildugradien-150x150.jpg\" alt=\"oeildugradien\" width=\"150\" height=\"150\" \/><\/a><\/p>\n<p>Dans une cit\u00e9 HLM du nord de Paris en pleine r\u00e9novation, des gardiens sont au travail\u00a0: ils surveillent, r\u00e9parent, temp\u00e8rent. A travers leur regard, on entrevoit ce qui n\u2019est pas montr\u00e9 d\u2019habitude\u00a0: des r\u00e9sidents qui s\u2019observent, les plaintes quotidiennes, les vrais probl\u00e8mes. On red\u00e9couvre aussi un m\u00e9tier de nouveau convoit\u00e9\u00a0: le gardien n\u2019est plus l\u2019homme \u00e0 tout faire d\u2019hier, il est devenu le m\u00e9diateur de la cit\u00e9.<\/p>\n<blockquote><p>Que fait-il, ce gardien de HLM, trousseau de clefs en main, \u00e0 d\u00e9visager les immeubles comme les monuments\u00a0?<\/p><\/blockquote>\n","protected":false},"excerpt":{"rendered":"<p>Dans une cit\u00e9 HLM du nord de Paris en pleine r\u00e9novation, des gardiens sont au travail\u00a0: ils surveillent, r\u00e9parent, temp\u00e8rent. A travers leur regard, on entrevoit ce qui n\u2019est pas montr\u00e9 d\u2019habitude\u00a0: des r\u00e9sidents qui s\u2019observent, les plaintes quotidiennes, les vrais probl\u00e8mes. On red\u00e9couvre aussi un m\u00e9tier de nouveau convoit\u00e9\u00a0: le gardien n\u2019est plus l\u2019homme &hellip; <a href=\"https:\/\/www.labelleviededaniel.fr\/?page_id=3344\" class=\"more-link\">Continuer la lecture de <span class=\"screen-reader-text\">\u00ab\u00a0Dans l&rsquo;oeil du gardien\u00a0\u00bb livre de J-F La\u00e9  aux \u00e9ditions du Seuil ( coll. raconter la vie)<\/span> <span class=\"meta-nav\">&rarr;<\/span><\/a><\/p>\n","protected":false},"author":1,"featured_media":0,"parent":3284,"menu_order":0,"comment_status":"closed","ping_status":"closed","template":"","meta":{"footnotes":""},"class_list":["post-3344","page","type-page","status-publish","hentry"],"_links":{"self":[{"href":"https:\/\/www.labelleviededaniel.fr\/index.php?rest_route=\/wp\/v2\/pages\/3344","targetHints":{"allow":["GET"]}}],"collection":[{"href":"https:\/\/www.labelleviededaniel.fr\/index.php?rest_route=\/wp\/v2\/pages"}],"about":[{"href":"https:\/\/www.labelleviededaniel.fr\/index.php?rest_route=\/wp\/v2\/types\/page"}],"author":[{"embeddable":true,"href":"https:\/\/www.labelleviededaniel.fr\/index.php?rest_route=\/wp\/v2\/users\/1"}],"replies":[{"embeddable":true,"href":"https:\/\/www.labelleviededaniel.fr\/index.php?rest_route=%2Fwp%2Fv2%2Fcomments&post=3344"}],"version-history":[{"count":4,"href":"https:\/\/www.labelleviededaniel.fr\/index.php?rest_route=\/wp\/v2\/pages\/3344\/revisions"}],"predecessor-version":[{"id":7032,"href":"https:\/\/www.labelleviededaniel.fr\/index.php?rest_route=\/wp\/v2\/pages\/3344\/revisions\/7032"}],"up":[{"embeddable":true,"href":"https:\/\/www.labelleviededaniel.fr\/index.php?rest_route=\/wp\/v2\/pages\/3284"}],"wp:attachment":[{"href":"https:\/\/www.labelleviededaniel.fr\/index.php?rest_route=%2Fwp%2Fv2%2Fmedia&parent=3344"}],"curies":[{"name":"wp","href":"https:\/\/api.w.org\/{rel}","templated":true}]}}