{"id":3353,"date":"2016-04-20T09:37:44","date_gmt":"2016-04-20T08:37:44","guid":{"rendered":"https:\/\/www.labelleviededaniel.fr\/?page_id=3353"},"modified":"2016-04-20T09:38:47","modified_gmt":"2016-04-20T08:38:47","slug":"coupures-de-journaux","status":"publish","type":"page","link":"https:\/\/www.labelleviededaniel.fr\/?page_id=3353","title":{"rendered":"coupures de journaux"},"content":{"rendered":"<p>C\u00e9r\u00e9monie de remise de dons organis\u00e9e par le Lions Club de Maisons-Laffitte le Mesnil-le-Roi le 8 avril 2016 . Article paru dans le courrier des Yvelines le 20 avril 2016.<\/p>\n<p><a href=\"https:\/\/www.labelleviededaniel.fr\/wp-content\/uploads\/2016\/04\/maisonslaffitte.jpg\"><img loading=\"lazy\" decoding=\"async\" class=\"alignnone size-thumbnail wp-image-3349\" src=\"https:\/\/www.labelleviededaniel.fr\/wp-content\/uploads\/2016\/04\/maisonslaffitte-150x150.jpg\" alt=\"maisonslaffitte\" width=\"150\" height=\"150\" \/><\/a><\/p>\n","protected":false},"excerpt":{"rendered":"<p>C\u00e9r\u00e9monie de remise de dons organis\u00e9e par le Lions Club de Maisons-Laffitte le Mesnil-le-Roi le 8 avril 2016 . Article paru dans le courrier des Yvelines le 20 avril 2016.<\/p>\n","protected":false},"author":1,"featured_media":0,"parent":3350,"menu_order":0,"comment_status":"closed","ping_status":"closed","template":"","meta":{"footnotes":""},"class_list":["post-3353","page","type-page","status-publish","hentry"],"_links":{"self":[{"href":"https:\/\/www.labelleviededaniel.fr\/index.php?rest_route=\/wp\/v2\/pages\/3353","targetHints":{"allow":["GET"]}}],"collection":[{"href":"https:\/\/www.labelleviededaniel.fr\/index.php?rest_route=\/wp\/v2\/pages"}],"about":[{"href":"https:\/\/www.labelleviededaniel.fr\/index.php?rest_route=\/wp\/v2\/types\/page"}],"author":[{"embeddable":true,"href":"https:\/\/www.labelleviededaniel.fr\/index.php?rest_route=\/wp\/v2\/users\/1"}],"replies":[{"embeddable":true,"href":"https:\/\/www.labelleviededaniel.fr\/index.php?rest_route=%2Fwp%2Fv2%2Fcomments&post=3353"}],"version-history":[{"count":2,"href":"https:\/\/www.labelleviededaniel.fr\/index.php?rest_route=\/wp\/v2\/pages\/3353\/revisions"}],"predecessor-version":[{"id":3355,"href":"https:\/\/www.labelleviededaniel.fr\/index.php?rest_route=\/wp\/v2\/pages\/3353\/revisions\/3355"}],"up":[{"embeddable":true,"href":"https:\/\/www.labelleviededaniel.fr\/index.php?rest_route=\/wp\/v2\/pages\/3350"}],"wp:attachment":[{"href":"https:\/\/www.labelleviededaniel.fr\/index.php?rest_route=%2Fwp%2Fv2%2Fmedia&parent=3353"}],"curies":[{"name":"wp","href":"https:\/\/api.w.org\/{rel}","templated":true}]}}