{"id":3462,"date":"2016-05-11T14:28:26","date_gmt":"2016-05-11T13:28:26","guid":{"rendered":"https:\/\/www.labelleviededaniel.fr\/?page_id=3462"},"modified":"2018-06-24T10:26:00","modified_gmt":"2018-06-24T09:26:00","slug":"un-chemin-de-tables-livre-de-maylis-de-kerangal-editions-du-seuil-col-raconter-la-vie-mars-2016","status":"publish","type":"page","link":"https:\/\/www.labelleviededaniel.fr\/?page_id=3462","title":{"rendered":"\u00ab\u00a0Un chemin de tables\u00a0\u00bb livre de Maylis de Kerangal, \u00e9ditions  du Seuil ( col. raconter la vie), mars 2016"},"content":{"rendered":"<p><a href=\"https:\/\/www.labelleviededaniel.fr\/wp-content\/uploads\/2016\/05\/unchemindetable-3.jpg\"><img loading=\"lazy\" decoding=\"async\" class=\"size-full wp-image-3471 aligncenter\" src=\"https:\/\/www.labelleviededaniel.fr\/wp-content\/uploads\/2016\/05\/unchemindetable-3.jpg\" alt=\"unchemindetable\" width=\"160\" height=\"225\" \/><\/a><br \/>\nUn Chemin de tables<br \/>\nLa 4e de couverture du livre:<br \/>\nBrasserie parisienne, restaurant \u00e9toil\u00e9, auberge gourmande, bistrot gastronomique, taverne mondialis\u00e9e, cantine branch\u00e9e, Mauro, jeune cuisinier autodidacte, traverse Paris \u00e0 v\u00e9lo, de place en place, de table en table. Un parcours dans les coulisses d\u2019un monde m\u00e9connu, sond\u00e9 \u00e0 la fois comme haut-lieu du patrimoine national et comme exp\u00e9rience d\u2019un travail, de ses gestes, de ses violences, de ses solidarit\u00e9s et de sa fatigue. Au cours de ce chemin de tables, Mauro fait l\u2019apprentissage de la cr\u00e9ation collective, tout en \u00e9laborant une culture sp\u00e9cifique du go\u00fbt, des aliments, de la commensalit\u00e9. A la fois jeune chef en vogue et gardien d\u2019une certaine id\u00e9e de la cuisine, celle que l\u2019on cr\u00e9e pour les autres, celle que l\u2019on invente et que l\u2019on partage.<\/p>\n<p>&nbsp;<\/p>\n","protected":false},"excerpt":{"rendered":"<p>Un Chemin de tables La 4e de couverture du livre: Brasserie parisienne, restaurant \u00e9toil\u00e9, auberge gourmande, bistrot gastronomique, taverne mondialis\u00e9e, cantine branch\u00e9e, Mauro, jeune cuisinier autodidacte, traverse Paris \u00e0 v\u00e9lo, de place en place, de table en table. Un parcours dans les coulisses d\u2019un monde m\u00e9connu, sond\u00e9 \u00e0 la fois comme haut-lieu du patrimoine national &hellip; <a href=\"https:\/\/www.labelleviededaniel.fr\/?page_id=3462\" class=\"more-link\">Continuer la lecture de <span class=\"screen-reader-text\">\u00ab\u00a0Un chemin de tables\u00a0\u00bb livre de Maylis de Kerangal, \u00e9ditions  du Seuil ( col. raconter la vie), mars 2016<\/span> <span class=\"meta-nav\">&rarr;<\/span><\/a><\/p>\n","protected":false},"author":1,"featured_media":0,"parent":3284,"menu_order":0,"comment_status":"closed","ping_status":"closed","template":"","meta":{"footnotes":""},"class_list":["post-3462","page","type-page","status-publish","hentry"],"_links":{"self":[{"href":"https:\/\/www.labelleviededaniel.fr\/index.php?rest_route=\/wp\/v2\/pages\/3462","targetHints":{"allow":["GET"]}}],"collection":[{"href":"https:\/\/www.labelleviededaniel.fr\/index.php?rest_route=\/wp\/v2\/pages"}],"about":[{"href":"https:\/\/www.labelleviededaniel.fr\/index.php?rest_route=\/wp\/v2\/types\/page"}],"author":[{"embeddable":true,"href":"https:\/\/www.labelleviededaniel.fr\/index.php?rest_route=\/wp\/v2\/users\/1"}],"replies":[{"embeddable":true,"href":"https:\/\/www.labelleviededaniel.fr\/index.php?rest_route=%2Fwp%2Fv2%2Fcomments&post=3462"}],"version-history":[{"count":10,"href":"https:\/\/www.labelleviededaniel.fr\/index.php?rest_route=\/wp\/v2\/pages\/3462\/revisions"}],"predecessor-version":[{"id":7031,"href":"https:\/\/www.labelleviededaniel.fr\/index.php?rest_route=\/wp\/v2\/pages\/3462\/revisions\/7031"}],"up":[{"embeddable":true,"href":"https:\/\/www.labelleviededaniel.fr\/index.php?rest_route=\/wp\/v2\/pages\/3284"}],"wp:attachment":[{"href":"https:\/\/www.labelleviededaniel.fr\/index.php?rest_route=%2Fwp%2Fv2%2Fmedia&parent=3462"}],"curies":[{"name":"wp","href":"https:\/\/api.w.org\/{rel}","templated":true}]}}