{"id":3602,"date":"2016-05-12T14:43:08","date_gmt":"2016-05-12T13:43:08","guid":{"rendered":"https:\/\/www.labelleviededaniel.fr\/?page_id=3602"},"modified":"2016-05-12T14:45:41","modified_gmt":"2016-05-12T13:45:41","slug":"memoire-de-fille-livre-dannie-ernaux-editions-gallimard-avril-2016","status":"publish","type":"page","link":"https:\/\/www.labelleviededaniel.fr\/?page_id=3602","title":{"rendered":"\u00ab\u00a0M\u00e9moire de fille\u00a0\u00bb, livre d&rsquo;Annie Ernaux (\u00e9ditions Gallimard), avril 2016"},"content":{"rendered":"<div class=\"history\">\u00a0<a href=\"https:\/\/www.labelleviededaniel.fr\/wp-content\/uploads\/2016\/05\/memoiredefille.jpg\"><img loading=\"lazy\" decoding=\"async\" class=\"size-full wp-image-3604 aligncenter\" src=\"https:\/\/www.labelleviededaniel.fr\/wp-content\/uploads\/2016\/05\/memoiredefille.jpg\" alt=\"memoiredefille\" width=\"197\" height=\"291\" \/><\/a><\/div>\n<div class=\"history\"><\/div>\n<div class=\"history\">\u00a0la quatri\u00e8me de couverture<\/div>\n<div>Collection <a href=\"http:\/\/www.gallimard.fr\/Catalogue\/GALLIMARD\/Blanche\">Blanche<\/a>, Gallimard<\/div>\n<div>Parution : 01-04-2016<\/div>\n<div>\n<div>\u00abJ\u2019ai voulu l\u2019oublier cette fille. L\u2019oublier vraiment, c\u2019est-\u00e0-dire ne plus avoir envie d\u2019\u00e9crire sur elle. Ne plus penser que je dois \u00e9crire sur elle, son d\u00e9sir, sa folie, son idiotie et son orgueil, sa faim et son sang tari. Je n\u2019y suis jamais parvenue.\u00bb<br \/>\nDans M\u00e9moire de fille, Annie Ernaux replonge dans l\u2019\u00e9t\u00e9 1958, celui de sa premi\u00e8re nuit avec un homme, \u00e0 la colonie de S dans l\u2019Orne. Nuit dont l&rsquo;onde de choc s\u2019est propag\u00e9e violemment dans son corps et sur son existence durant deux ann\u00e9es.<br \/>\nS\u2019appuyant sur des images ind\u00e9l\u00e9biles de sa m\u00e9moire, des photos et des lettres \u00e9crites \u00e0 ses amies, elle interroge cette fille qu\u2019elle a \u00e9t\u00e9 dans un va-et-vient implacable entre hier et aujourd\u2019hui.<\/div>\n<\/div>\n<div><\/div>\n<div>Entretien avec Annie Ernaux sur le site de Gallimard:<\/div>\n<div>\n<div>\n<p>\u00ab Il n\u2019y a aucune photo d\u2019elle l\u2019\u00e9t\u00e9 1958. Pas m\u00eame une de son anniversaire, ses dix-huit ans, qu\u2019elle a f\u00eat\u00e9 l\u00e0, \u00e0 la colonie \u2013 la plus jeune de tous les moniteurs et monitrices \u2013 son anniversaire qui tombait pour elle un jour de cong\u00e9, si bien qu\u2019elle avait eu le temps d\u2019acheter en ville l\u2019apr\u00e8s-midi des bouteilles de mousseux, des boudoirs et des Chamonix-orange, mais ils n\u2019avaient \u00e9t\u00e9 qu\u2019une poign\u00e9e \u00e0 \u00eatre pass\u00e9s dans sa chambre boire un verre et grignoter, s\u2019\u00e9clipsant vite \u2013 peut-\u00eatre d\u00e9j\u00e0 devenue infr\u00e9quentable, ou seulement inint\u00e9ressante parce qu\u2019elle n\u2019avait apport\u00e9 \u00e0 la colonie ni disques ni \u00e9lectrophone.<br \/>\nDe tous ceux qui l\u2019ont c\u00f4toy\u00e9e cet \u00e9t\u00e9 1958 \u00e0 la colonie de S dans l\u2019Orne, est-ce qu\u2019il y en a qui se souviennent d\u2019elle, cette fille ? Sans doute personne.\u2009\u00bb<\/p>\n<p>Peut-on lire M\u00e9moire de fille\u00a0comme une cl\u00e9 de l\u2019ensemble de votre \u0153uvre ?<br \/>\nNon, \u00e0 moins de consid\u00e9rer comme une cl\u00e9 ce qui fait peur \u00e0 \u00e9crire, qu\u2019on remet sans cesse comme trop difficile, trop dangereux \u00e0 \u00e9crire. Je vois surtout ce texte comme une tentative d\u2019arracher au temps celle que j\u2019ai \u00e9t\u00e9 entre 18 et 20 ans, en retrouvant ses croyances, ses faits et gestes, sa \u00abconduite\u00bb comme on disait alors pour d\u00e9finir et classer les filles.<\/p>\n<p>Peut-on dire qu\u2019entre autres apprentissages, vous avez alors fait celui de la cruaut\u00e9 ?<br \/>\nJe ne pense nullement, alors, que les autres font preuve de cruaut\u00e9 \u00e0 mon \u00e9gard. Une forme d\u2019orgueil m\u2019en emp\u00eache peut-\u00eatre. Par-dessus tout, l\u2019euphorie de vivre pour la premi\u00e8re fois dans un groupe de jeunes\u2009\u2014 avec des gar\u00e7ons, chose rare \u00e0 l\u2019\u00e9poque \u2014 l\u2019emporte sur les blessures. C\u2019est ensuite que la honte me submergera.<\/p>\n<p>Comme souvent, vous faites r\u00e9f\u00e9rence aux photos, aux chansons, \u00e0 la mode. Est-ce une mani\u00e8re, comme dans vos livres pr\u00e9c\u00e9dents, d\u2019ancrer le r\u00e9cit dans le temps ?<br \/>\nLes photos, comme celle de mon livret scolaire du bac, sont avant tout les archives d\u2019un moi disparu, des preuves, de m\u00eame que les lettres \u00e9crites \u00e0 une amie de classe. D\u00e9crire et interroger une photo, c\u2019est \u00abdonner corps\u00bb dans le texte \u00e0 cette fille d\u2019autrefois, et en saisir l\u2019\u00e9volution continuelle.<br \/>\nLes chansons, ici, sont bien plus que des marqueurs de temps. Comme le film Les Amants\u00a0de Louis Malle, elles ont particip\u00e9 de la transformation d\u2019une exp\u00e9rience sexuelle violente en amour fou. Et, depuis, elles continuent de d\u00e9tenir le pouvoir de ressusciter cet \u00e9t\u00e9 l\u00e0. Elles sont le pur pr\u00e9sent du pass\u00e9.<\/p>\n<p>Vous avez choisi de n\u2019\u00e9voquer certains lieux et certaines personnes que par une initiale. Simple discr\u00e9tion, ou volont\u00e9 de donner au texte une port\u00e9e plus vaste en \u00e9vitant l\u2019anecdotique ?<br \/>\nIl n\u2019y a qu\u2019un lieu d\u00e9sign\u00e9 par une initiale, c\u2019est S. Il m\u2019a sembl\u00e9 que le flou de la simple lettre refl\u00e9tait la cl\u00f4ture et l\u2019\u00e9tranget\u00e9 de cette b\u00e2tisse s\u00e9culaire o\u00f9 j\u2019ai d\u00e9barqu\u00e9 l\u2019\u00e9t\u00e9 de mes 18 ans.<br \/>\nJ\u2019ai \u00e9cart\u00e9 d\u2019embl\u00e9e la possibilit\u00e9 de publier les noms de ceux et celles qui apparaissent dans mon livre. L\u2019\u00e9cart qu\u2019il y a entre la fille de 18 ans qu\u2019ils ont connue et la femme d\u2019aujourd\u2019hui existe aussi pour eux. Donner les noms serait commettre quelque chose d\u2019injuste, de malhonn\u00eate.<\/p>\n<p>L\u2019\u00e9criture est-elle pour vous le passage oblig\u00e9 pour comprendre le monde et vous comprendre ?<br \/>\nJe dirais que c\u2019est mon incapacit\u00e9 \u00e0 traduire en pens\u00e9es la sensation de ce qui m\u2019arrive au moment o\u00f9 cela m\u2019arrive \u2013 ou arrive dans le monde \u2013 qui m\u2019oblige \u00e0 \u00e9crire. M\u00e9moire de fille\u00a0est \u00e0 ce titre une exp\u00e9rience extr\u00eame d\u2019\u00e9criture, o\u00f9 il me fallait mettre des mots sur des choses qui n\u2019en avaient jamais eu, ou qui n\u2019\u00e9taient pas les bons\u2026<\/p>\n<p>Vivez-vous l\u2019\u00e9criture comme une forme de r\u00e9silience ?<br \/>\nJe vis confus\u00e9ment l\u2019\u00e9criture comme un mandat dont je serais charg\u00e9e, celui de rendre compte de ce qui m\u2019a travers\u00e9e, de dissoudre le personnel, l\u2019intime, dans l\u2019anonymat collectif de lecteurs. Je ne sais pas s\u2019il s\u2019agit d\u2019une forme tordue de r\u00e9silience\u2026<\/p>\n<p>Entretien r\u00e9alis\u00e9 avec Annie Ernaux \u00e0 l\u2019occasion de la parution de <a href=\"http:\/\/www.gallimard.fr\/Catalogue\/GALLIMARD\/Blanche\/Memoire-de-fille\" target=\"_self\">M\u00e9moire de fille<\/a>.<\/p>\n<\/div>\n<\/div>\n","protected":false},"excerpt":{"rendered":"<p>\u00a0 \u00a0la quatri\u00e8me de couverture Collection Blanche, Gallimard Parution : 01-04-2016 \u00abJ\u2019ai voulu l\u2019oublier cette fille. L\u2019oublier vraiment, c\u2019est-\u00e0-dire ne plus avoir envie d\u2019\u00e9crire sur elle. Ne plus penser que je dois \u00e9crire sur elle, son d\u00e9sir, sa folie, son idiotie et son orgueil, sa faim et son sang tari. Je n\u2019y suis jamais parvenue.\u00bb &hellip; <a href=\"https:\/\/www.labelleviededaniel.fr\/?page_id=3602\" class=\"more-link\">Continuer la lecture de <span class=\"screen-reader-text\">\u00ab\u00a0M\u00e9moire de fille\u00a0\u00bb, livre d&rsquo;Annie Ernaux (\u00e9ditions Gallimard), avril 2016<\/span> <span class=\"meta-nav\">&rarr;<\/span><\/a><\/p>\n","protected":false},"author":1,"featured_media":0,"parent":3284,"menu_order":0,"comment_status":"closed","ping_status":"closed","template":"","meta":{"footnotes":""},"class_list":["post-3602","page","type-page","status-publish","hentry"],"_links":{"self":[{"href":"https:\/\/www.labelleviededaniel.fr\/index.php?rest_route=\/wp\/v2\/pages\/3602","targetHints":{"allow":["GET"]}}],"collection":[{"href":"https:\/\/www.labelleviededaniel.fr\/index.php?rest_route=\/wp\/v2\/pages"}],"about":[{"href":"https:\/\/www.labelleviededaniel.fr\/index.php?rest_route=\/wp\/v2\/types\/page"}],"author":[{"embeddable":true,"href":"https:\/\/www.labelleviededaniel.fr\/index.php?rest_route=\/wp\/v2\/users\/1"}],"replies":[{"embeddable":true,"href":"https:\/\/www.labelleviededaniel.fr\/index.php?rest_route=%2Fwp%2Fv2%2Fcomments&post=3602"}],"version-history":[{"count":2,"href":"https:\/\/www.labelleviededaniel.fr\/index.php?rest_route=\/wp\/v2\/pages\/3602\/revisions"}],"predecessor-version":[{"id":3605,"href":"https:\/\/www.labelleviededaniel.fr\/index.php?rest_route=\/wp\/v2\/pages\/3602\/revisions\/3605"}],"up":[{"embeddable":true,"href":"https:\/\/www.labelleviededaniel.fr\/index.php?rest_route=\/wp\/v2\/pages\/3284"}],"wp:attachment":[{"href":"https:\/\/www.labelleviededaniel.fr\/index.php?rest_route=%2Fwp%2Fv2%2Fmedia&parent=3602"}],"curies":[{"name":"wp","href":"https:\/\/api.w.org\/{rel}","templated":true}]}}