{"id":3705,"date":"2016-05-28T10:54:20","date_gmt":"2016-05-28T09:54:20","guid":{"rendered":"https:\/\/www.labelleviededaniel.fr\/?page_id=3705"},"modified":"2017-03-15T12:43:55","modified_gmt":"2017-03-15T11:43:55","slug":"agir-et-vivre-lautisme","status":"publish","type":"page","link":"https:\/\/www.labelleviededaniel.fr\/?page_id=3705","title":{"rendered":"Agir et vivre l&rsquo;Autisme"},"content":{"rendered":"<p><a href=\"https:\/\/www.labelleviededaniel.fr\/wp-content\/uploads\/2016\/05\/1604Flyers_-AVA_-2015-HD.pdf\">1604Flyers_ AVA_ 2015 HD<\/a><br \/>\n<a href=\"https:\/\/www.labelleviededaniel.fr\/wp-content\/uploads\/2016\/05\/Lettre-dinfo-d\u00e9cembre-2015.pdf\">Lettre d&rsquo;info d\u00e9cembre 2015<\/a><br \/>\n<a href=\"https:\/\/www.labelleviededaniel.fr\/wp-content\/uploads\/2016\/05\/Pr\u00e9sentation-Agir-et-Vivre-lAutisme-avril2016.pdf\">Pr\u00e9sentation Agir et Vivre l&rsquo;Autisme avril2016<\/a><br \/>\nLettre du collectif Autisme au Pr\u00e9sident de la R\u00e9publique du 17 mai 2016<br \/>\n<a href=\"https:\/\/www.labelleviededaniel.fr\/wp-content\/uploads\/2016\/05\/COLLECTIFAUTISMEETEGALITED-CourrierPresidenceRepubliqueCNH19mai2016.pdf\">COLLECTIF+AUTISME++ET+EGALITED++-+Courrier+Presidence+Republique+CNH+19+mai+2016<\/a><br \/>\n<a href=\"https:\/\/www.labelleviededaniel.fr\/wp-content\/uploads\/2016\/05\/AVA_D\u00e9velopper-les-habilit\u00e9s-sociales-des-enfants_-Lions-Club-Chambourcy-2016.pdf\">AVA_D\u00e9velopper les habilit\u00e9s sociales des enfants_ Lions Club Chambourcy 2016<\/a><br \/>\n<a href=\"https:\/\/www.labelleviededaniel.fr\/wp-content\/uploads\/2016\/05\/AVAuseoffundsplouf2016trainingprogram.pdf\">Plouf2016_projet d&rsquo;utilisationdesfonds_formation<\/a><\/p>\n","protected":false},"excerpt":{"rendered":"<p>1604Flyers_ AVA_ 2015 HD Lettre d&rsquo;info d\u00e9cembre 2015 Pr\u00e9sentation Agir et Vivre l&rsquo;Autisme avril2016 Lettre du collectif Autisme au Pr\u00e9sident de la R\u00e9publique du 17 mai 2016 COLLECTIF+AUTISME++ET+EGALITED++-+Courrier+Presidence+Republique+CNH+19+mai+2016 AVA_D\u00e9velopper les habilit\u00e9s sociales des enfants_ Lions Club Chambourcy 2016 Plouf2016_projet d&rsquo;utilisationdesfonds_formation<\/p>\n","protected":false},"author":1,"featured_media":0,"parent":1585,"menu_order":0,"comment_status":"closed","ping_status":"closed","template":"","meta":{"footnotes":""},"class_list":["post-3705","page","type-page","status-publish","hentry"],"_links":{"self":[{"href":"https:\/\/www.labelleviededaniel.fr\/index.php?rest_route=\/wp\/v2\/pages\/3705","targetHints":{"allow":["GET"]}}],"collection":[{"href":"https:\/\/www.labelleviededaniel.fr\/index.php?rest_route=\/wp\/v2\/pages"}],"about":[{"href":"https:\/\/www.labelleviededaniel.fr\/index.php?rest_route=\/wp\/v2\/types\/page"}],"author":[{"embeddable":true,"href":"https:\/\/www.labelleviededaniel.fr\/index.php?rest_route=\/wp\/v2\/users\/1"}],"replies":[{"embeddable":true,"href":"https:\/\/www.labelleviededaniel.fr\/index.php?rest_route=%2Fwp%2Fv2%2Fcomments&post=3705"}],"version-history":[{"count":8,"href":"https:\/\/www.labelleviededaniel.fr\/index.php?rest_route=\/wp\/v2\/pages\/3705\/revisions"}],"predecessor-version":[{"id":4943,"href":"https:\/\/www.labelleviededaniel.fr\/index.php?rest_route=\/wp\/v2\/pages\/3705\/revisions\/4943"}],"up":[{"embeddable":true,"href":"https:\/\/www.labelleviededaniel.fr\/index.php?rest_route=\/wp\/v2\/pages\/1585"}],"wp:attachment":[{"href":"https:\/\/www.labelleviededaniel.fr\/index.php?rest_route=%2Fwp%2Fv2%2Fmedia&parent=3705"}],"curies":[{"name":"wp","href":"https:\/\/api.w.org\/{rel}","templated":true}]}}