{"id":3734,"date":"2016-06-15T13:06:51","date_gmt":"2016-06-15T12:06:51","guid":{"rendered":"https:\/\/www.labelleviededaniel.fr\/?page_id=3734"},"modified":"2017-11-21T16:28:58","modified_gmt":"2017-11-21T15:28:58","slug":"donnees-financieres-associations-medico-sociales","status":"publish","type":"page","link":"https:\/\/www.labelleviededaniel.fr\/?page_id=3734","title":{"rendered":"Donn\u00e9es financi\u00e8res  associations m\u00e9dico-sociales"},"content":{"rendered":"<p>Ann\u00e9e 2016<br \/>\n<a href=\"https:\/\/www.labelleviededaniel.fr\/wp-content\/uploads\/2017\/11\/1711comptesannuelsImagineformargo2016.pdf\">1711comptesannuelsImagineformargo2016<\/a><\/p>\n<p>Ann\u00e9e 2015<br \/>\n<a href=\"https:\/\/www.labelleviededaniel.fr\/wp-content\/uploads\/2016\/06\/1607AFM-TELETHONcomptesannuels2015.pdf\">1607AFM-TELETHONcomptesannuels2015<\/a><br \/>\n<a href=\"https:\/\/www.labelleviededaniel.fr\/wp-content\/uploads\/2016\/06\/1607FranceAlzheimercomptesannuels2015.pdf\">1607FranceAlzheimercomptesannuels2015<\/a><br \/>\n<a href=\"https:\/\/www.labelleviededaniel.fr\/wp-content\/uploads\/2016\/06\/1607LaCroixRougecomptesannuels2015.pdf\">1607LaCroixRougecomptesannuels2015<\/a><br \/>\n<a href=\"https:\/\/www.labelleviededaniel.fr\/wp-content\/uploads\/2016\/06\/1607ImagineforMargocomptesannuels2015.pdf\">1607ImagineforMargocomptesannuels2015<\/a><br \/>\n<a href=\"https:\/\/www.labelleviededaniel.fr\/wp-content\/uploads\/2016\/06\/1606cptes-annuels30avril2015lesrestosducoeur.pdf\">1606cptes annuels30avril2015lesrestosducoeur<\/a><br \/>\n<a href=\"https:\/\/www.labelleviededaniel.fr\/wp-content\/uploads\/2016\/06\/1607donssolidairescomptesannuels2015.pdf\">1607donssolidairescomptesannuels2015<\/a><br \/>\n<a href=\"https:\/\/www.labelleviededaniel.fr\/wp-content\/uploads\/2016\/06\/1607AVACOMPTES2015.pdf\">1607AVACOMPTES2015<\/a><br \/>\n<a href=\"https:\/\/www.labelleviededaniel.fr\/wp-content\/uploads\/2016\/06\/1606comptesannuels2015associationJeanLachenaud.pdf\">1606comptesannuels2015associationJeanLachenaud<\/a><br \/>\n<a href=\"https:\/\/www.labelleviededaniel.fr\/wp-content\/uploads\/2016\/06\/1609comptes2015HandicapAnjou.pdf\">1609comptes2015handicapanjou<\/a><\/p>\n<p>Ann\u00e9e 2014<br \/>\n<a href=\"https:\/\/www.labelleviededaniel.fr\/wp-content\/uploads\/2016\/06\/1611BINANAFN-2014.pdf\">API les Mureaux bilan financier 2014<\/a><br \/>\n<a href=\"https:\/\/www.labelleviededaniel.fr\/wp-content\/uploads\/2016\/06\/1606compteannuelsAVAau31decembre2014.pdf\">1606compteannuelsAVAau31decembre2014<\/a><br \/>\n<a href=\"https:\/\/www.labelleviededaniel.fr\/wp-content\/uploads\/2016\/06\/1606compteannuelsMCCau31decembre2014.pdf\">1606compteannuelsMCCau31decembre2014<\/a><br \/>\n<a href=\"https:\/\/www.labelleviededaniel.fr\/wp-content\/uploads\/2016\/06\/1606comptesannuels2014AVENIRAPEI.pdf\">1606comptesannuels2014AVENIRAPEI<\/a><br \/>\n<a href=\"https:\/\/www.labelleviededaniel.fr\/wp-content\/uploads\/2016\/06\/1606comptesannuels2014IAMGINEFORMARGO.pdf\">1606comptesannuels2014IAMGINEFORMARGO<\/a><br \/>\n<a href=\"https:\/\/www.labelleviededaniel.fr\/wp-content\/uploads\/2016\/06\/1606comptesannuels2014LACROIXROUGEFRANCAISE.pdf\">1606comptesannuels2014LACROIXROUGEFRANCAISE<\/a><br \/>\n<a href=\"https:\/\/www.labelleviededaniel.fr\/wp-content\/uploads\/2016\/06\/1606compteannuelsFRANCEALZHEIMERau31decembre2014.pdf\">1606compteannuelsFRANCEALZHEIMERau31decembre2014<\/a><br \/>\n<a href=\"https:\/\/www.labelleviededaniel.fr\/wp-content\/uploads\/2016\/06\/1606comptesannuels2014AFM-TELETHON.pdf\">1606comptesannuels2014AFM-TELETHON<\/a><br \/>\n<a href=\"https:\/\/www.labelleviededaniel.fr\/wp-content\/uploads\/2016\/06\/1606comptesannuels2014associationJeanLachenaud.pdf\">1606comptesannuels2014associationJeanLachenaud<\/a><\/p>\n","protected":false},"excerpt":{"rendered":"<p>Ann\u00e9e 2016 1711comptesannuelsImagineformargo2016 Ann\u00e9e 2015 1607AFM-TELETHONcomptesannuels2015 1607FranceAlzheimercomptesannuels2015 1607LaCroixRougecomptesannuels2015 1607ImagineforMargocomptesannuels2015 1606cptes annuels30avril2015lesrestosducoeur 1607donssolidairescomptesannuels2015 1607AVACOMPTES2015 1606comptesannuels2015associationJeanLachenaud 1609comptes2015handicapanjou Ann\u00e9e 2014 API les Mureaux bilan financier 2014 1606compteannuelsAVAau31decembre2014 1606compteannuelsMCCau31decembre2014 1606comptesannuels2014AVENIRAPEI 1606comptesannuels2014IAMGINEFORMARGO 1606comptesannuels2014LACROIXROUGEFRANCAISE 1606compteannuelsFRANCEALZHEIMERau31decembre2014 1606comptesannuels2014AFM-TELETHON 1606comptesannuels2014associationJeanLachenaud<\/p>\n","protected":false},"author":1,"featured_media":0,"parent":1585,"menu_order":0,"comment_status":"closed","ping_status":"closed","template":"","meta":{"footnotes":""},"class_list":["post-3734","page","type-page","status-publish","hentry"],"_links":{"self":[{"href":"https:\/\/www.labelleviededaniel.fr\/index.php?rest_route=\/wp\/v2\/pages\/3734","targetHints":{"allow":["GET"]}}],"collection":[{"href":"https:\/\/www.labelleviededaniel.fr\/index.php?rest_route=\/wp\/v2\/pages"}],"about":[{"href":"https:\/\/www.labelleviededaniel.fr\/index.php?rest_route=\/wp\/v2\/types\/page"}],"author":[{"embeddable":true,"href":"https:\/\/www.labelleviededaniel.fr\/index.php?rest_route=\/wp\/v2\/users\/1"}],"replies":[{"embeddable":true,"href":"https:\/\/www.labelleviededaniel.fr\/index.php?rest_route=%2Fwp%2Fv2%2Fcomments&post=3734"}],"version-history":[{"count":15,"href":"https:\/\/www.labelleviededaniel.fr\/index.php?rest_route=\/wp\/v2\/pages\/3734\/revisions"}],"predecessor-version":[{"id":5950,"href":"https:\/\/www.labelleviededaniel.fr\/index.php?rest_route=\/wp\/v2\/pages\/3734\/revisions\/5950"}],"up":[{"embeddable":true,"href":"https:\/\/www.labelleviededaniel.fr\/index.php?rest_route=\/wp\/v2\/pages\/1585"}],"wp:attachment":[{"href":"https:\/\/www.labelleviededaniel.fr\/index.php?rest_route=%2Fwp%2Fv2%2Fmedia&parent=3734"}],"curies":[{"name":"wp","href":"https:\/\/api.w.org\/{rel}","templated":true}]}}