{"id":3777,"date":"2016-06-23T07:46:49","date_gmt":"2016-06-23T06:46:49","guid":{"rendered":"https:\/\/www.labelleviededaniel.fr\/?page_id=3777"},"modified":"2016-06-23T07:46:49","modified_gmt":"2016-06-23T06:46:49","slug":"le-defi-saint-bernard","status":"publish","type":"page","link":"https:\/\/www.labelleviededaniel.fr\/?page_id=3777","title":{"rendered":"Le D\u00e9fi Saint Bernard"},"content":{"rendered":"<p>Le communiqu\u00e9 de presse de l&rsquo;\u00e9v\u00e8nement:<br \/>\n<a href=\"https:\/\/www.labelleviededaniel.fr\/wp-content\/uploads\/2015\/10\/1407cp_defi_saint_bernard_marathon_cycliste_transalpin.pdf\">1407cp_defi_saint_bernard_marathon_cycliste_transalpin<\/a><\/p>\n","protected":false},"excerpt":{"rendered":"<p>Le communiqu\u00e9 de presse de l&rsquo;\u00e9v\u00e8nement: 1407cp_defi_saint_bernard_marathon_cycliste_transalpin<\/p>\n","protected":false},"author":1,"featured_media":0,"parent":1964,"menu_order":0,"comment_status":"closed","ping_status":"closed","template":"","meta":{"footnotes":""},"class_list":["post-3777","page","type-page","status-publish","hentry"],"_links":{"self":[{"href":"https:\/\/www.labelleviededaniel.fr\/index.php?rest_route=\/wp\/v2\/pages\/3777","targetHints":{"allow":["GET"]}}],"collection":[{"href":"https:\/\/www.labelleviededaniel.fr\/index.php?rest_route=\/wp\/v2\/pages"}],"about":[{"href":"https:\/\/www.labelleviededaniel.fr\/index.php?rest_route=\/wp\/v2\/types\/page"}],"author":[{"embeddable":true,"href":"https:\/\/www.labelleviededaniel.fr\/index.php?rest_route=\/wp\/v2\/users\/1"}],"replies":[{"embeddable":true,"href":"https:\/\/www.labelleviededaniel.fr\/index.php?rest_route=%2Fwp%2Fv2%2Fcomments&post=3777"}],"version-history":[{"count":1,"href":"https:\/\/www.labelleviededaniel.fr\/index.php?rest_route=\/wp\/v2\/pages\/3777\/revisions"}],"predecessor-version":[{"id":3778,"href":"https:\/\/www.labelleviededaniel.fr\/index.php?rest_route=\/wp\/v2\/pages\/3777\/revisions\/3778"}],"up":[{"embeddable":true,"href":"https:\/\/www.labelleviededaniel.fr\/index.php?rest_route=\/wp\/v2\/pages\/1964"}],"wp:attachment":[{"href":"https:\/\/www.labelleviededaniel.fr\/index.php?rest_route=%2Fwp%2Fv2%2Fmedia&parent=3777"}],"curies":[{"name":"wp","href":"https:\/\/api.w.org\/{rel}","templated":true}]}}