{"id":3782,"date":"2016-06-23T17:07:49","date_gmt":"2016-06-23T16:07:49","guid":{"rendered":"https:\/\/www.labelleviededaniel.fr\/?page_id=3782"},"modified":"2017-02-17T12:26:18","modified_gmt":"2017-02-17T11:26:18","slug":"plouf-2016-2","status":"publish","type":"page","link":"https:\/\/www.labelleviededaniel.fr\/?page_id=3782","title":{"rendered":"Plouf 2016"},"content":{"rendered":"<p>Plouf 2017 Youtube full video( Christian)<br \/>\n<iframe loading=\"lazy\" src=\"https:\/\/www.youtube.com\/embed\/CrBfaQlpQrs\" width=\"560\" height=\"315\" frameborder=\"0\" allowfullscreen=\"allowfullscreen\"><\/iframe><br \/>\nPlouf 2017 youtube short vid\u00e9o ( Christian)<br \/>\n<iframe loading=\"lazy\" src=\"https:\/\/www.youtube.com\/embed\/gTmOLZCvv7c\" width=\"560\" height=\"315\" frameborder=\"0\" allowfullscreen=\"allowfullscreen\"><\/iframe><\/p>\n<p>le reportage d&rsquo;Yvelines Premi\u00e8re ( d\u00e9marrage \u00e0 7 mi 40)<br \/>\n<iframe loading=\"lazy\" src=\"https:\/\/player.vimeo.com\/video\/191766168\" width=\"640\" height=\"360\" frameborder=\"0\" allowfullscreen=\"allowfullscreen\"><\/iframe><\/p>\n<p>Le poster de la 4e \u00e9dition:<br \/>\n<a href=\"https:\/\/www.labelleviededaniel.fr\/wp-content\/uploads\/2016\/06\/1606Plouf2016_Poster_V1.pdf\">1606Plouf2016_Poster_V1<\/a><\/p>\n<p>les articles de presse sur\u00a0 Plouf 2016<br \/>\n<a href=\"https:\/\/www.labelleviededaniel.fr\/wp-content\/uploads\/2016\/06\/1610Article-plouf-croissy-nov-2016.pdf\">1610article-plouf-croissy-nov-2016<\/a><br \/>\n<a href=\"https:\/\/www.labelleviededaniel.fr\/wp-content\/uploads\/2016\/06\/1611magazinemunicipaldeChambourcynovembre-decembre-2016Chambourcy-Actualit\u00e9s_Manifestatin-PLOUF.pdf\">1611magazinemunicipaldechambourcynovembre-decembre-2016chambourcy-actualites_manifestatin-plouf<\/a><br \/>\n<a href=\"https:\/\/www.labelleviededaniel.fr\/wp-content\/uploads\/2016\/06\/1610articleTheSnippet.pdf\">1610articlethesnippet<\/a><br \/>\n<a href=\"https:\/\/www.labelleviededaniel.fr\/wp-content\/uploads\/2016\/06\/1611Chamb-Actu_Nov-Dec2016.pdf\">1611chamb-actu_nov-dec2016<\/a><br \/>\n<a href=\"https:\/\/www.labelleviededaniel.fr\/wp-content\/uploads\/2016\/06\/MERCI-PLOUF-2016.pdf\">Remerciements de la part de Bulle d&rsquo;Air pour le Plouf 2016<\/a><br \/>\nRemerciements de la part de Priscilla apr\u00e8s la remise du ch\u00e8que du LCYH<br \/>\n<a href=\"https:\/\/www.labelleviededaniel.fr\/wp-content\/uploads\/2016\/06\/remerciementsPriscillapourPlouf2016.pdf\">remerciementsPriscillapourPlouf2016<\/a><br \/>\n<a href=\"https:\/\/www.labelleviededaniel.fr\/wp-content\/uploads\/2016\/06\/PloufLePecqTexte-apr\u00e8s-Plouf-sans-photo.pdf\">Bulletin Municipal du Pecq apr\u00e8s le 11 novembre 2016<\/a><br \/>\nPhotos du Plouf 2016 : source : Wendy Smith<br \/>\n<iframe loading=\"lazy\" src=\"https:\/\/onedrive.live.com\/embed?cid=D0FEDC9F058245E1&amp;resid=D0FEDC9F058245E1%2155060&amp;authkey=AP4k3_opFEfgUyM\" width=\"165\" height=\"128\" frameborder=\"0\" scrolling=\"no\"><\/iframe><\/p>\n","protected":false},"excerpt":{"rendered":"<p>Plouf 2017 Youtube full video( Christian) Plouf 2017 youtube short vid\u00e9o ( Christian) le reportage d&rsquo;Yvelines Premi\u00e8re ( d\u00e9marrage \u00e0 7 mi 40) Le poster de la 4e \u00e9dition: 1606Plouf2016_Poster_V1 les articles de presse sur\u00a0 Plouf 2016 1610article-plouf-croissy-nov-2016 1611magazinemunicipaldechambourcynovembre-decembre-2016chambourcy-actualites_manifestatin-plouf 1610articlethesnippet 1611chamb-actu_nov-dec2016 Remerciements de la part de Bulle d&rsquo;Air pour le Plouf 2016 Remerciements de la &hellip; <a href=\"https:\/\/www.labelleviededaniel.fr\/?page_id=3782\" class=\"more-link\">Continuer la lecture de <span class=\"screen-reader-text\">Plouf 2016<\/span> <span class=\"meta-nav\">&rarr;<\/span><\/a><\/p>\n","protected":false},"author":1,"featured_media":0,"parent":2542,"menu_order":0,"comment_status":"closed","ping_status":"closed","template":"","meta":{"footnotes":""},"class_list":["post-3782","page","type-page","status-publish","hentry"],"_links":{"self":[{"href":"https:\/\/www.labelleviededaniel.fr\/index.php?rest_route=\/wp\/v2\/pages\/3782","targetHints":{"allow":["GET"]}}],"collection":[{"href":"https:\/\/www.labelleviededaniel.fr\/index.php?rest_route=\/wp\/v2\/pages"}],"about":[{"href":"https:\/\/www.labelleviededaniel.fr\/index.php?rest_route=\/wp\/v2\/types\/page"}],"author":[{"embeddable":true,"href":"https:\/\/www.labelleviededaniel.fr\/index.php?rest_route=\/wp\/v2\/users\/1"}],"replies":[{"embeddable":true,"href":"https:\/\/www.labelleviededaniel.fr\/index.php?rest_route=%2Fwp%2Fv2%2Fcomments&post=3782"}],"version-history":[{"count":12,"href":"https:\/\/www.labelleviededaniel.fr\/index.php?rest_route=\/wp\/v2\/pages\/3782\/revisions"}],"predecessor-version":[{"id":4853,"href":"https:\/\/www.labelleviededaniel.fr\/index.php?rest_route=\/wp\/v2\/pages\/3782\/revisions\/4853"}],"up":[{"embeddable":true,"href":"https:\/\/www.labelleviededaniel.fr\/index.php?rest_route=\/wp\/v2\/pages\/2542"}],"wp:attachment":[{"href":"https:\/\/www.labelleviededaniel.fr\/index.php?rest_route=%2Fwp%2Fv2%2Fmedia&parent=3782"}],"curies":[{"name":"wp","href":"https:\/\/api.w.org\/{rel}","templated":true}]}}