{"id":4082,"date":"2016-08-09T08:56:56","date_gmt":"2016-08-09T07:56:56","guid":{"rendered":"https:\/\/www.labelleviededaniel.fr\/?page_id=4082"},"modified":"2016-08-09T09:00:08","modified_gmt":"2016-08-09T08:00:08","slug":"paroles-de-chansons","status":"publish","type":"page","link":"https:\/\/www.labelleviededaniel.fr\/?page_id=4082","title":{"rendered":"Paroles de chansons"},"content":{"rendered":"<p>La Chanson Edelweiss : r\u00e9f\u00e9rence : \u00ab\u00a0The Sound of Music\u00a0\u00bb com\u00e9die musicale US et film sorti en 1965. Les paroles sont de l&rsquo;am\u00e9ricain Oscar  Hammerstein, d\u00e9c\u00e9d\u00e9 en 1960 et la musique de  Richard Rodgers.<br \/>\n<a href=\"https:\/\/www.labelleviededaniel.fr\/wp-content\/uploads\/2016\/08\/edelweissparoles.pdf\">edelweissparoles<\/a><br \/>\n<a href=\"https:\/\/www.labelleviededaniel.fr\/wp-content\/uploads\/2016\/08\/EdelweissL0.pdf\">EdelweissL0<\/a><\/p>\n","protected":false},"excerpt":{"rendered":"<p>La Chanson Edelweiss : r\u00e9f\u00e9rence : \u00ab\u00a0The Sound of Music\u00a0\u00bb com\u00e9die musicale US et film sorti en 1965. Les paroles sont de l&rsquo;am\u00e9ricain Oscar Hammerstein, d\u00e9c\u00e9d\u00e9 en 1960 et la musique de Richard Rodgers. edelweissparoles EdelweissL0<\/p>\n","protected":false},"author":1,"featured_media":0,"parent":4080,"menu_order":0,"comment_status":"closed","ping_status":"closed","template":"","meta":{"footnotes":""},"class_list":["post-4082","page","type-page","status-publish","hentry"],"_links":{"self":[{"href":"https:\/\/www.labelleviededaniel.fr\/index.php?rest_route=\/wp\/v2\/pages\/4082","targetHints":{"allow":["GET"]}}],"collection":[{"href":"https:\/\/www.labelleviededaniel.fr\/index.php?rest_route=\/wp\/v2\/pages"}],"about":[{"href":"https:\/\/www.labelleviededaniel.fr\/index.php?rest_route=\/wp\/v2\/types\/page"}],"author":[{"embeddable":true,"href":"https:\/\/www.labelleviededaniel.fr\/index.php?rest_route=\/wp\/v2\/users\/1"}],"replies":[{"embeddable":true,"href":"https:\/\/www.labelleviededaniel.fr\/index.php?rest_route=%2Fwp%2Fv2%2Fcomments&post=4082"}],"version-history":[{"count":2,"href":"https:\/\/www.labelleviededaniel.fr\/index.php?rest_route=\/wp\/v2\/pages\/4082\/revisions"}],"predecessor-version":[{"id":4088,"href":"https:\/\/www.labelleviededaniel.fr\/index.php?rest_route=\/wp\/v2\/pages\/4082\/revisions\/4088"}],"up":[{"embeddable":true,"href":"https:\/\/www.labelleviededaniel.fr\/index.php?rest_route=\/wp\/v2\/pages\/4080"}],"wp:attachment":[{"href":"https:\/\/www.labelleviededaniel.fr\/index.php?rest_route=%2Fwp%2Fv2%2Fmedia&parent=4082"}],"curies":[{"name":"wp","href":"https:\/\/api.w.org\/{rel}","templated":true}]}}