{"id":4260,"date":"2016-08-24T07:12:09","date_gmt":"2016-08-24T06:12:09","guid":{"rendered":"https:\/\/www.labelleviededaniel.fr\/?page_id=4260"},"modified":"2023-05-18T16:21:33","modified_gmt":"2023-05-18T15:21:33","slug":"ma-grand-mere-paternelle","status":"publish","type":"page","link":"https:\/\/www.labelleviededaniel.fr\/?page_id=4260","title":{"rendered":"Ma grand-m\u00e8re paternelle (1889-1968)"},"content":{"rendered":"<p>Ma grand-m\u00e8re paternelle, Berthe Marie F\u00e9ray, \u00e9pouse\u00a0 Blondel est n\u00e9e le 21 mai 1889 \u00e0\u00a0 Cany-Barville (76) et d\u00e9c\u00e9d\u00e9e le 16 d\u00e9cembre 1968 \u00e0 Yvet\u00f4t (76)<\/p>\n<p><a href=\"https:\/\/www.labelleviededaniel.fr\/wp-content\/uploads\/2016\/08\/1608carteidentit\u00e9BertheFERAY.pdf\">la carte d&rsquo;identit\u00e9 de ma grand-m\u00e8re paternelle<\/a><\/p>\n<p><a href=\"https:\/\/www.labelleviededaniel.fr\/wp-content\/uploads\/2016\/08\/photoBertheBLONDEL.jpg\"><img loading=\"lazy\" decoding=\"async\" class=\"alignnone size-full wp-image-4263\" src=\"https:\/\/www.labelleviededaniel.fr\/wp-content\/uploads\/2016\/08\/photoBertheBLONDEL.jpg\" alt=\"photoBertheBLONDEL\" width=\"733\" height=\"463\" srcset=\"https:\/\/www.labelleviededaniel.fr\/wp-content\/uploads\/2016\/08\/photoBertheBLONDEL.jpg 733w, https:\/\/www.labelleviededaniel.fr\/wp-content\/uploads\/2016\/08\/photoBertheBLONDEL-300x189.jpg 300w\" sizes=\"auto, (max-width: 733px) 100vw, 733px\" \/><\/a><\/p>\n<p>Le \u00ab\u00a0testament\u00a0\u00bb non officiel de ma grand-m\u00e8re, r\u00e9dig\u00e9 en 1945 soit 23 ans avant sa mort en 1968 :<br \/>\n<a href=\"https:\/\/www.labelleviededaniel.fr\/wp-content\/uploads\/2016\/08\/1503TESTAMENTGRANDMEREBLONDEL.pdf\">Le testament de ma grand-m\u00e8re paternelle<\/a><\/p>\n<p><span style=\"border-radius: 2px; text-indent: 20px; width: auto; padding: 0px 4px 0px 0px; text-align: center; font: bold 11px\/20px 'Helvetica Neue',Helvetica,sans-serif; color: #ffffff; background: #bd081c no-repeat scroll 3px 50% \/ 14px 14px; position: absolute; opacity: 1; z-index: 8675309; display: none; cursor: pointer;\">Enregistrer<\/span><\/p>\n","protected":false},"excerpt":{"rendered":"<p>Ma grand-m\u00e8re paternelle, Berthe Marie F\u00e9ray, \u00e9pouse\u00a0 Blondel est n\u00e9e le 21 mai 1889 \u00e0\u00a0 Cany-Barville (76) et d\u00e9c\u00e9d\u00e9e le 16 d\u00e9cembre 1968 \u00e0 Yvet\u00f4t (76) la carte d&rsquo;identit\u00e9 de ma grand-m\u00e8re paternelle Le \u00ab\u00a0testament\u00a0\u00bb non officiel de ma grand-m\u00e8re, r\u00e9dig\u00e9 en 1945 soit 23 ans avant sa mort en 1968 : Le testament de &hellip; <a href=\"https:\/\/www.labelleviededaniel.fr\/?page_id=4260\" class=\"more-link\">Continuer la lecture de <span class=\"screen-reader-text\">Ma grand-m\u00e8re paternelle (1889-1968)<\/span> <span class=\"meta-nav\">&rarr;<\/span><\/a><\/p>\n","protected":false},"author":1,"featured_media":0,"parent":4095,"menu_order":0,"comment_status":"closed","ping_status":"closed","template":"","meta":{"footnotes":""},"class_list":["post-4260","page","type-page","status-publish","hentry"],"_links":{"self":[{"href":"https:\/\/www.labelleviededaniel.fr\/index.php?rest_route=\/wp\/v2\/pages\/4260","targetHints":{"allow":["GET"]}}],"collection":[{"href":"https:\/\/www.labelleviededaniel.fr\/index.php?rest_route=\/wp\/v2\/pages"}],"about":[{"href":"https:\/\/www.labelleviededaniel.fr\/index.php?rest_route=\/wp\/v2\/types\/page"}],"author":[{"embeddable":true,"href":"https:\/\/www.labelleviededaniel.fr\/index.php?rest_route=\/wp\/v2\/users\/1"}],"replies":[{"embeddable":true,"href":"https:\/\/www.labelleviededaniel.fr\/index.php?rest_route=%2Fwp%2Fv2%2Fcomments&post=4260"}],"version-history":[{"count":7,"href":"https:\/\/www.labelleviededaniel.fr\/index.php?rest_route=\/wp\/v2\/pages\/4260\/revisions"}],"predecessor-version":[{"id":5617,"href":"https:\/\/www.labelleviededaniel.fr\/index.php?rest_route=\/wp\/v2\/pages\/4260\/revisions\/5617"}],"up":[{"embeddable":true,"href":"https:\/\/www.labelleviededaniel.fr\/index.php?rest_route=\/wp\/v2\/pages\/4095"}],"wp:attachment":[{"href":"https:\/\/www.labelleviededaniel.fr\/index.php?rest_route=%2Fwp%2Fv2%2Fmedia&parent=4260"}],"curies":[{"name":"wp","href":"https:\/\/api.w.org\/{rel}","templated":true}]}}