{"id":4445,"date":"2016-11-18T15:52:51","date_gmt":"2016-11-18T14:52:51","guid":{"rendered":"https:\/\/www.labelleviededaniel.fr\/?page_id=4445"},"modified":"2017-09-23T16:29:29","modified_gmt":"2017-09-23T15:29:29","slug":"1973-1975-service-regional-damenagement-des-eaux-srae-de-haute-normandie","status":"publish","type":"page","link":"https:\/\/www.labelleviededaniel.fr\/?page_id=4445","title":{"rendered":"1973-1975 : Service R\u00e9gional d&rsquo;Am\u00e9nagement des Eaux ( SRAE ) de Haute Normandie"},"content":{"rendered":"<p>En 1972, le SRAE d\u00e9pendait du Minist\u00e8re de l&rsquo;Agriculture.<\/p>\n<p>Cet \u00e9tablissement , situ\u00e9 1 rue Dufay \u00e0 Rouen sur la rive gauche pr\u00e8s du jardin des plantes fait partie \u00e0 pr\u00e9sent de la DREAL ( Direction R\u00e9gionale de l&rsquo;Environnement, de l&rsquo;Am\u00e9nagement et du Logement) de la nouvelle r\u00e9gion\u00a0 Normandie cr\u00e9e le 1 janvier 2016.<br \/>\n<a href=\"https:\/\/www.labelleviededaniel.fr\/wp-content\/uploads\/2017\/09\/presentation_dreal_normandie_novembre_2016.pdf\">presentation_dreal_normandie_novembre_2016<\/a><\/p>\n","protected":false},"excerpt":{"rendered":"<p>En 1972, le SRAE d\u00e9pendait du Minist\u00e8re de l&rsquo;Agriculture. Cet \u00e9tablissement , situ\u00e9 1 rue Dufay \u00e0 Rouen sur la rive gauche pr\u00e8s du jardin des plantes fait partie \u00e0 pr\u00e9sent de la DREAL ( Direction R\u00e9gionale de l&rsquo;Environnement, de l&rsquo;Am\u00e9nagement et du Logement) de la nouvelle r\u00e9gion\u00a0 Normandie cr\u00e9e le 1 janvier 2016. presentation_dreal_normandie_novembre_2016<\/p>\n","protected":false},"author":1,"featured_media":0,"parent":4443,"menu_order":0,"comment_status":"closed","ping_status":"closed","template":"","meta":{"footnotes":""},"class_list":["post-4445","page","type-page","status-publish","hentry"],"_links":{"self":[{"href":"https:\/\/www.labelleviededaniel.fr\/index.php?rest_route=\/wp\/v2\/pages\/4445","targetHints":{"allow":["GET"]}}],"collection":[{"href":"https:\/\/www.labelleviededaniel.fr\/index.php?rest_route=\/wp\/v2\/pages"}],"about":[{"href":"https:\/\/www.labelleviededaniel.fr\/index.php?rest_route=\/wp\/v2\/types\/page"}],"author":[{"embeddable":true,"href":"https:\/\/www.labelleviededaniel.fr\/index.php?rest_route=\/wp\/v2\/users\/1"}],"replies":[{"embeddable":true,"href":"https:\/\/www.labelleviededaniel.fr\/index.php?rest_route=%2Fwp%2Fv2%2Fcomments&post=4445"}],"version-history":[{"count":3,"href":"https:\/\/www.labelleviededaniel.fr\/index.php?rest_route=\/wp\/v2\/pages\/4445\/revisions"}],"predecessor-version":[{"id":5677,"href":"https:\/\/www.labelleviededaniel.fr\/index.php?rest_route=\/wp\/v2\/pages\/4445\/revisions\/5677"}],"up":[{"embeddable":true,"href":"https:\/\/www.labelleviededaniel.fr\/index.php?rest_route=\/wp\/v2\/pages\/4443"}],"wp:attachment":[{"href":"https:\/\/www.labelleviededaniel.fr\/index.php?rest_route=%2Fwp%2Fv2%2Fmedia&parent=4445"}],"curies":[{"name":"wp","href":"https:\/\/api.w.org\/{rel}","templated":true}]}}