{"id":4569,"date":"2016-12-01T18:47:04","date_gmt":"2016-12-01T17:47:04","guid":{"rendered":"https:\/\/www.labelleviededaniel.fr\/?page_id=4569"},"modified":"2016-12-02T23:53:56","modified_gmt":"2016-12-02T22:53:56","slug":"atelier-pedagogique-individualise-a-p-i-les-mureaux","status":"publish","type":"page","link":"https:\/\/www.labelleviededaniel.fr\/?page_id=4569","title":{"rendered":"Atelier P\u00e9dagogique Individualis\u00e9 ( A.P.I.) , Les Mureaux"},"content":{"rendered":"<p><div id='gallery-1' class='gallery galleryid-4569 gallery-columns-3 gallery-size-thumbnail'><figure class='gallery-item'>\n\t\t\t<div class='gallery-icon portrait'>\n\t\t\t\t<a href='https:\/\/www.labelleviededaniel.fr\/?attachment_id=4570'><img loading=\"lazy\" decoding=\"async\" width=\"150\" height=\"150\" src=\"https:\/\/www.labelleviededaniel.fr\/wp-content\/uploads\/2016\/12\/Marieva_Sanceau-150x150.jpg\" class=\"attachment-thumbnail size-thumbnail\" alt=\"\" aria-describedby=\"gallery-1-4570\" \/><\/a>\n\t\t\t<\/div>\n\t\t\t\t<figcaption class='wp-caption-text gallery-caption' id='gallery-1-4570'>\n\t\t\t\tMari\u00e9va Sans\u00e9au-Baykara Directrice A.P.I.\n\t\t\t\t<\/figcaption><\/figure>\n\t\t<\/div>\n<br \/>\n<a href=\"https:\/\/www.labelleviededaniel.fr\/wp-content\/uploads\/2016\/12\/articlepresseAPI-1.pdf\">articlepresseapi<\/a><br \/>\n<a href=\"https:\/\/www.labelleviededaniel.fr\/wp-content\/uploads\/2016\/12\/contrat-de-ville-les-Mureaux.pdf\">Contrat de ville 2015-2021 Seine &amp; Vexin<\/a><br \/>\n<a href=\"https:\/\/www.labelleviededaniel.fr\/wp-content\/uploads\/2016\/12\/1611BINANAFN-2014.pdf\">R\u00e9sultats financiers \u00e0 fin 2014<\/a><br \/>\n<a href=\"https:\/\/www.labelleviededaniel.fr\/wp-content\/uploads\/2016\/12\/A.P.I.-Les-Mureaux-Pr\u00e9sentation.pdf\">Pr\u00e9sentation A.P.I. Les Mureaux<\/a><\/p>\n","protected":false},"excerpt":{"rendered":"<p>articlepresseapi Contrat de ville 2015-2021 Seine &amp; Vexin R\u00e9sultats financiers \u00e0 fin 2014 Pr\u00e9sentation A.P.I. Les Mureaux<\/p>\n","protected":false},"author":1,"featured_media":0,"parent":1585,"menu_order":0,"comment_status":"closed","ping_status":"closed","template":"","meta":{"footnotes":""},"class_list":["post-4569","page","type-page","status-publish","hentry"],"_links":{"self":[{"href":"https:\/\/www.labelleviededaniel.fr\/index.php?rest_route=\/wp\/v2\/pages\/4569","targetHints":{"allow":["GET"]}}],"collection":[{"href":"https:\/\/www.labelleviededaniel.fr\/index.php?rest_route=\/wp\/v2\/pages"}],"about":[{"href":"https:\/\/www.labelleviededaniel.fr\/index.php?rest_route=\/wp\/v2\/types\/page"}],"author":[{"embeddable":true,"href":"https:\/\/www.labelleviededaniel.fr\/index.php?rest_route=\/wp\/v2\/users\/1"}],"replies":[{"embeddable":true,"href":"https:\/\/www.labelleviededaniel.fr\/index.php?rest_route=%2Fwp%2Fv2%2Fcomments&post=4569"}],"version-history":[{"count":6,"href":"https:\/\/www.labelleviededaniel.fr\/index.php?rest_route=\/wp\/v2\/pages\/4569\/revisions"}],"predecessor-version":[{"id":4583,"href":"https:\/\/www.labelleviededaniel.fr\/index.php?rest_route=\/wp\/v2\/pages\/4569\/revisions\/4583"}],"up":[{"embeddable":true,"href":"https:\/\/www.labelleviededaniel.fr\/index.php?rest_route=\/wp\/v2\/pages\/1585"}],"wp:attachment":[{"href":"https:\/\/www.labelleviededaniel.fr\/index.php?rest_route=%2Fwp%2Fv2%2Fmedia&parent=4569"}],"curies":[{"name":"wp","href":"https:\/\/api.w.org\/{rel}","templated":true}]}}