{"id":462,"date":"2014-07-16T18:18:34","date_gmt":"2014-07-16T17:18:34","guid":{"rendered":"https:\/\/www.labelleviededaniel.fr\/?page_id=462"},"modified":"2022-07-11T21:38:16","modified_gmt":"2022-07-11T20:38:16","slug":"l-autisme","status":"publish","type":"page","link":"https:\/\/www.labelleviededaniel.fr\/?page_id=462","title":{"rendered":"l&rsquo; Autisme"},"content":{"rendered":"<p><a href=\"https:\/\/www.labelleviededaniel.fr\/wp-content\/uploads\/2019\/04\/the-big-mag-4-cachez-vos-donnees_Vezon.pdf\">Article on ASPertise and Frederic Vezon, issued on the BIG DATA magazine in june 2018<\/a><\/p>\n<p><strong>6 avril 2018<\/strong> : discours du Premier Ministre Edouard Philippe pour le lancement du<strong> 4e plan Autisme (2018-2022)<\/strong>: \u00ab\u00a0Pr\u00e9sentation de la strat\u00e9gie Nationale pour l&rsquo;autisme\u00a0\u00bb<br \/>\n<a href=\"https:\/\/www.labelleviededaniel.fr\/wp-content\/uploads\/2018\/04\/discours_de_m._edouard_philippe_premier_ministre_-_presentation_de_la_strategie_nationale_pour_lautisme_-_vendredi_6_avril_2018.pdf\">discours_de_m._edouard_philippe_premier_ministre_-_presentation_de_la_strategie_nationale_pour_lautisme_-_vendredi_6_avril_2018<\/a><\/p>\n<p><strong>5 avril 2018<\/strong>, quand Josef Schovanec casse les id\u00e9es re\u00e7ues sur l&rsquo;autisme<br \/>\nLes enfants autistes ne sont pas faits pour l&rsquo;\u00e9cole, ce sont des personnes insensibles, ne voulant pas vivre en soci\u00e9t\u00e9&#8230; Autant de clich\u00e9s auxquels Josef Schovanec, personne avec autisme comme il se d\u00e9finit, r\u00e9pond avec humour et provocation. A l&rsquo;occasion de la pr\u00e9sentation par le gouvernement de la Strat\u00e9gie nationale 2018-2022 pour l\u2019autisme au sein des troubles du neuro-d\u00e9veloppement, revue de d\u00e9tails des id\u00e9es re\u00e7ues les plus r\u00e9pandues.<br \/>\nvid\u00e9o\u00a0 en ligne le 5 avril 2018\u00a0 sur <a href=\"http:\/\/www.gouvernement.fr\/\">le site du gouvernement Fran\u00e7ais<\/a><\/p>\n<p><iframe loading=\"lazy\" src=\"https:\/\/www.youtube.com\/embed\/VsBte6SGEno\" width=\"560\" height=\"315\" frameborder=\"0\" allowfullscreen=\"allowfullscreen\"><\/iframe><\/p>\n<p><iframe loading=\"lazy\" src=\"https:\/\/www.youtube.com\/embed\/2F00xAyWmsM\" width=\"560\" height=\"315\" frameborder=\"0\" allowfullscreen=\"allowfullscreen\"><\/iframe><\/p>\n<p><strong>Documents sur l&rsquo;autisme en g\u00e9n\u00e9ral<\/strong><br \/>\n<a href=\"https:\/\/www.labelleviededaniel.fr\/wp-content\/uploads\/2014\/07\/1610livre-fondationorange-autisme-version-web.pdf\">Fondation Orange &#8211; 20 ans de recherche au service de l&rsquo;autisme : 30 chercheurs racontent ( 2012)<\/a><br \/>\nTroubles du spectre de l&rsquo;autisme, dossier technique, CNSA, mai 2016 : <a href=\"https:\/\/www.labelleviededaniel.fr\/wp-content\/uploads\/2014\/07\/cnsa-dta-2016_web.pdf\">cnsa-dta-2016_web<\/a><br \/>\nCentre de ressources autisme et MDPH,dossier technique, CNSA, juin 2015 : <a href=\"https:\/\/www.labelleviededaniel.fr\/wp-content\/uploads\/2014\/07\/cnsa-dt-cra-mdph-2015-web.pdf\">cnsa-dt-cra-mdph-2015-web<\/a><br \/>\n<a href=\"https:\/\/www.labelleviededaniel.fr\/wp-content\/uploads\/2014\/07\/programmedeBrunoLe-Maire-sur-lautisme.pdf\">Le programme du candidat Bruno Le Maire en mati\u00e8re d&rsquo; autisme ( octobre 2016)<\/a><\/p>\n<p>Remise de ch\u00e8que du Lions Club Yvelines Heraldic ( LCHY ) pour l&rsquo;association Autisme en Yvelines \u00e0 l&rsquo; IME de Carri\u00e8res-sous-Poissy le 6 mars 2015.<br \/>\nAutisme en Yvelines devenu depuis peu Autisme en Ile-de-France : <a href=\"https:\/\/www.autisme-en-idf.org\/\">https:\/\/www.autisme-en-idf.org\/<\/a><\/p>\n<figure id=\"attachment_1257\" aria-describedby=\"caption-attachment-1257\" style=\"width: 225px\" class=\"wp-caption aligncenter\"><a href=\"https:\/\/www.labelleviededaniel.fr\/wp-content\/uploads\/2015\/04\/1503REMISECHEQUEAYcomp2.jpg\"><img loading=\"lazy\" decoding=\"async\" class=\"wp-image-1257 size-medium\" src=\"https:\/\/www.labelleviededaniel.fr\/wp-content\/uploads\/2015\/04\/1503REMISECHEQUEAYcomp2-225x300.jpg\" alt=\"1503REMISECHEQUEAYcomp2\" width=\"225\" height=\"300\" \/><\/a><figcaption id=\"caption-attachment-1257\" class=\"wp-caption-text\"><em>Je remets en 2015 au nom du club, un ch\u00e8que de 14 000 \u20ac \u00e0 Marie-Th\u00e9r\u00e8se COUTROT ( IME Notre Ecole de Carri\u00e8re-sous-Poissy)<\/em><\/figcaption><\/figure>\n<p><strong>Liens internet <\/strong><br \/>\n<a href=\"http:\/\/www.slate.fr\/story\/160621\/autisme-psychanalyse-france-probleme-dolto\">La France a un probl\u00e8me avec l&rsquo;autisme et c&rsquo;est en partie \u00e0 cause de Fran\u00e7oise Dolto<\/a><br \/>\n<a href=\"https:\/\/www.centrebulledair.com\/\">Le centre de loisirs Bulle d&rsquo;Air pour enfants handicap\u00e9s de Croissy-sur-seine<\/a><br \/>\n<a href=\"https:\/\/www.autisme-en-idf.org\/\">l&rsquo;association Autisme en Ile de France<\/a><\/p>\n<p><strong>Vid\u00e9os<\/strong><\/p>\n<p>vid\u00e9o sur l&rsquo;autisme :\u00a0\u00bb les g\u00e8nes de l&rsquo;espoir\u00a0\u00bb ,\u00a0 juillet 2012, montrant entre autres les travaux\u00a0 de Thomas Bourgeron, Institut Pasteur, Paris.<br \/>\n<iframe loading=\"lazy\" src=\"\/\/www.youtube.com\/embed\/OYKqIR51-VY\" width=\"560\" height=\"315\" frameborder=\"0\" allowfullscreen=\"allowfullscreen\"><\/iframe><br \/>\nle\u00a0 Mur : de\u00a0\u00a0 Sophie Robert : le carr\u00e9 d&rsquo;As :\u00a0 Alexandre Stevens, Pierre Delion, Genevi\u00e8ve\u00a0 Loison, Daniel Vidlocher<br \/>\nhref=\u00a0\u00bbhttp:\/\/www.dailymotion.com\/dragonbleutv\u00a0\u00bb target=\u00a0\u00bb_blank\u00a0\u00bb rel=\u00a0\u00bbnoopener noreferrer\u00a0\u00bb&gt;dragonbleutv<br \/>\n<a href=\"https:\/\/www.labelleviededaniel.fr\/wp-content\/uploads\/2015\/05\/1505presentationJMMLouveciennes-Lions-Clubs-Defi78-200515-v1-2.pdf\">1505presentationJMMLouveciennes Lions Clubs &#8211; Defi78 &#8211; 200515 &#8211; v1 (2)<\/a><br \/>\n<a href=\"http:\/\/www.france5.fr\/emission\/mon-fils-un-si-long-combat\/diffusion-du-22-09-2015-21h50\">Mon fils, un si long combat : documentaire France 5 2013<\/a><br \/>\n<a href=\"https:\/\/www.labelleviededaniel.fr\/wp-content\/uploads\/2015\/10\/INFO-pour-LIONS-INTERNATIONAL.pdf\">Pr\u00e9sentation Bulle d&rsquo;Air octobre 2015<\/a><\/p>\n<p><strong>Cin\u00e9ma <\/strong><br \/>\nNovembre 2016 : le film \u00a0\u00bb Derni\u00e8res nouvelles du cosmos\u00a0\u00bb de Julia Bertuccelli<br \/>\n<a href=\"https:\/\/www.labelleviededaniel.fr\/wp-content\/uploads\/2014\/07\/dossierdepressedernieresnouvellesducosmos.pdf\">le dossier de presse du film<\/a><\/p>\n","protected":false},"excerpt":{"rendered":"<p>Article on ASPertise and Frederic Vezon, issued on the BIG DATA magazine in june 2018 6 avril 2018 : discours du Premier Ministre Edouard Philippe pour le lancement du 4e plan Autisme (2018-2022): \u00ab\u00a0Pr\u00e9sentation de la strat\u00e9gie Nationale pour l&rsquo;autisme\u00a0\u00bb discours_de_m._edouard_philippe_premier_ministre_-_presentation_de_la_strategie_nationale_pour_lautisme_-_vendredi_6_avril_2018 5 avril 2018, quand Josef Schovanec casse les id\u00e9es re\u00e7ues sur l&rsquo;autisme Les enfants &hellip; <a href=\"https:\/\/www.labelleviededaniel.fr\/?page_id=462\" class=\"more-link\">Continuer la lecture de <span class=\"screen-reader-text\">l&rsquo; Autisme<\/span> <span class=\"meta-nav\">&rarr;<\/span><\/a><\/p>\n","protected":false},"author":1,"featured_media":0,"parent":0,"menu_order":0,"comment_status":"open","ping_status":"open","template":"","meta":{"footnotes":""},"class_list":["post-462","page","type-page","status-publish","hentry"],"_links":{"self":[{"href":"https:\/\/www.labelleviededaniel.fr\/index.php?rest_route=\/wp\/v2\/pages\/462","targetHints":{"allow":["GET"]}}],"collection":[{"href":"https:\/\/www.labelleviededaniel.fr\/index.php?rest_route=\/wp\/v2\/pages"}],"about":[{"href":"https:\/\/www.labelleviededaniel.fr\/index.php?rest_route=\/wp\/v2\/types\/page"}],"author":[{"embeddable":true,"href":"https:\/\/www.labelleviededaniel.fr\/index.php?rest_route=\/wp\/v2\/users\/1"}],"replies":[{"embeddable":true,"href":"https:\/\/www.labelleviededaniel.fr\/index.php?rest_route=%2Fwp%2Fv2%2Fcomments&post=462"}],"version-history":[{"count":63,"href":"https:\/\/www.labelleviededaniel.fr\/index.php?rest_route=\/wp\/v2\/pages\/462\/revisions"}],"predecessor-version":[{"id":10073,"href":"https:\/\/www.labelleviededaniel.fr\/index.php?rest_route=\/wp\/v2\/pages\/462\/revisions\/10073"}],"wp:attachment":[{"href":"https:\/\/www.labelleviededaniel.fr\/index.php?rest_route=%2Fwp%2Fv2%2Fmedia&parent=462"}],"curies":[{"name":"wp","href":"https:\/\/api.w.org\/{rel}","templated":true}]}}