{"id":4832,"date":"2017-02-03T09:28:09","date_gmt":"2017-02-03T08:28:09","guid":{"rendered":"https:\/\/www.labelleviededaniel.fr\/?page_id=4832"},"modified":"2017-02-03T11:19:39","modified_gmt":"2017-02-03T10:19:39","slug":"cisv-childrens-international-summer-villages","status":"publish","type":"page","link":"https:\/\/www.labelleviededaniel.fr\/?page_id=4832","title":{"rendered":"CISV (Children&rsquo;s International Summer Villages)"},"content":{"rendered":"<p>Association rencontr\u00e9e le 1 f\u00e9vrier 2017 \u00e0 St Germain ( S\u00e9verine Richard-Vitton)<br \/>\n<a href=\"https:\/\/www.labelleviededaniel.fr\/wp-content\/uploads\/2017\/02\/1702Chapter-devt-training-Getting-to-know-CISVpdf.pdf\">1702Chapter devt training Getting to know CISVpdf<\/a><br \/>\n<a href=\"https:\/\/www.labelleviededaniel.fr\/wp-content\/uploads\/2017\/02\/1702-The-Passport-FrenchCISV.pdf\">1702 The Passport (French)CISV<\/a><br \/>\n<a href=\"https:\/\/www.labelleviededaniel.fr\/wp-content\/uploads\/2017\/02\/2017-CISV-Village-Subvention-Executive-Summary-Final-Version.pdf\">2017 CISV Village Subvention Executive Summary-Final Version<\/a><\/p>\n<p>&nbsp;<\/p>\n","protected":false},"excerpt":{"rendered":"<p>Association rencontr\u00e9e le 1 f\u00e9vrier 2017 \u00e0 St Germain ( S\u00e9verine Richard-Vitton) 1702Chapter devt training Getting to know CISVpdf 1702 The Passport (French)CISV 2017 CISV Village Subvention Executive Summary-Final Version &nbsp;<\/p>\n","protected":false},"author":1,"featured_media":0,"parent":1585,"menu_order":0,"comment_status":"closed","ping_status":"closed","template":"","meta":{"footnotes":""},"class_list":["post-4832","page","type-page","status-publish","hentry"],"_links":{"self":[{"href":"https:\/\/www.labelleviededaniel.fr\/index.php?rest_route=\/wp\/v2\/pages\/4832","targetHints":{"allow":["GET"]}}],"collection":[{"href":"https:\/\/www.labelleviededaniel.fr\/index.php?rest_route=\/wp\/v2\/pages"}],"about":[{"href":"https:\/\/www.labelleviededaniel.fr\/index.php?rest_route=\/wp\/v2\/types\/page"}],"author":[{"embeddable":true,"href":"https:\/\/www.labelleviededaniel.fr\/index.php?rest_route=\/wp\/v2\/users\/1"}],"replies":[{"embeddable":true,"href":"https:\/\/www.labelleviededaniel.fr\/index.php?rest_route=%2Fwp%2Fv2%2Fcomments&post=4832"}],"version-history":[{"count":4,"href":"https:\/\/www.labelleviededaniel.fr\/index.php?rest_route=\/wp\/v2\/pages\/4832\/revisions"}],"predecessor-version":[{"id":4839,"href":"https:\/\/www.labelleviededaniel.fr\/index.php?rest_route=\/wp\/v2\/pages\/4832\/revisions\/4839"}],"up":[{"embeddable":true,"href":"https:\/\/www.labelleviededaniel.fr\/index.php?rest_route=\/wp\/v2\/pages\/1585"}],"wp:attachment":[{"href":"https:\/\/www.labelleviededaniel.fr\/index.php?rest_route=%2Fwp%2Fv2%2Fmedia&parent=4832"}],"curies":[{"name":"wp","href":"https:\/\/api.w.org\/{rel}","templated":true}]}}