{"id":4926,"date":"2017-03-11T13:18:55","date_gmt":"2017-03-11T12:18:55","guid":{"rendered":"https:\/\/www.labelleviededaniel.fr\/?page_id=4926"},"modified":"2017-03-11T13:44:48","modified_gmt":"2017-03-11T12:44:48","slug":"les-apprentis-dauteuil","status":"publish","type":"page","link":"https:\/\/www.labelleviededaniel.fr\/?page_id=4926","title":{"rendered":"Apprentis d&rsquo;Auteuil ( les)"},"content":{"rendered":"<p>les sites internet :<br \/>\n<a href=\"http:\/\/www.apprentis-auteuil.org\/\">le site web de la fondation des Apprentis d&rsquo;Auteuil<\/a><br \/>\n<a href=\"http:\/\/saint-charles.apprentis-auteuil.org\/\">site de l&rsquo;\u00e9cole Saint Charles du V\u00e9sinet<\/a><\/p>\n<p>les vid\u00e9os:<br \/>\nP\u00e9dagogie institutionnelle \u00e0 l&rsquo; Ecole Saint Charles du V\u00e9sinet<br \/>\n<iframe loading=\"lazy\" src=\"https:\/\/www.youtube.com\/embed\/Fmfvk46C_vM\" width=\"560\" height=\"315\" frameborder=\"0\" allowfullscreen=\"allowfullscreen\"><\/iframe><\/p>\n<p>Documentations diverses<br \/>\n<a href=\"https:\/\/www.labelleviededaniel.fr\/wp-content\/uploads\/2017\/03\/1703catalogue-exposition-BDpourles150ansdelafondationauteuil.pdf\">1703catalogue-exposition-BDpourles150ansdelafondationauteuil<\/a><\/p>\n<div style=\"text-align: center;\">\n<div style=\"margin: 8px 0px 4px;\"><a href=\"http:\/\/www.calameo.com\/books\/001311124733458de60c1\" target=\"_blank\">Prendre le parti des Jeunes. Petit bouquin d&rsquo;utilit\u00e9 publique<\/a><\/div>\n<p><iframe loading=\"lazy\" style=\"margin: 0 auto;\" src=\"\/\/v.calameo.com\/?bkcode=001311124733458de60c1\" width=\"300\" height=\"194\" frameborder=\"0\" scrolling=\"no\" allowfullscreen=\"allowfullscreen\"><\/iframe><\/p>\n<div style=\"margin: 4px 0px 8px;\"><a href=\"http:\/\/www.calameo.com\/\">Publish at Calameo<\/a><\/div>\n<\/div>\n","protected":false},"excerpt":{"rendered":"<p>les sites internet : le site web de la fondation des Apprentis d&rsquo;Auteuil site de l&rsquo;\u00e9cole Saint Charles du V\u00e9sinet les vid\u00e9os: P\u00e9dagogie institutionnelle \u00e0 l&rsquo; Ecole Saint Charles du V\u00e9sinet Documentations diverses 1703catalogue-exposition-BDpourles150ansdelafondationauteuil Prendre le parti des Jeunes. Petit bouquin d&rsquo;utilit\u00e9 publique Publish at Calameo<\/p>\n","protected":false},"author":1,"featured_media":0,"parent":1585,"menu_order":0,"comment_status":"closed","ping_status":"closed","template":"","meta":{"footnotes":""},"class_list":["post-4926","page","type-page","status-publish","hentry"],"_links":{"self":[{"href":"https:\/\/www.labelleviededaniel.fr\/index.php?rest_route=\/wp\/v2\/pages\/4926","targetHints":{"allow":["GET"]}}],"collection":[{"href":"https:\/\/www.labelleviededaniel.fr\/index.php?rest_route=\/wp\/v2\/pages"}],"about":[{"href":"https:\/\/www.labelleviededaniel.fr\/index.php?rest_route=\/wp\/v2\/types\/page"}],"author":[{"embeddable":true,"href":"https:\/\/www.labelleviededaniel.fr\/index.php?rest_route=\/wp\/v2\/users\/1"}],"replies":[{"embeddable":true,"href":"https:\/\/www.labelleviededaniel.fr\/index.php?rest_route=%2Fwp%2Fv2%2Fcomments&post=4926"}],"version-history":[{"count":5,"href":"https:\/\/www.labelleviededaniel.fr\/index.php?rest_route=\/wp\/v2\/pages\/4926\/revisions"}],"predecessor-version":[{"id":4934,"href":"https:\/\/www.labelleviededaniel.fr\/index.php?rest_route=\/wp\/v2\/pages\/4926\/revisions\/4934"}],"up":[{"embeddable":true,"href":"https:\/\/www.labelleviededaniel.fr\/index.php?rest_route=\/wp\/v2\/pages\/1585"}],"wp:attachment":[{"href":"https:\/\/www.labelleviededaniel.fr\/index.php?rest_route=%2Fwp%2Fv2%2Fmedia&parent=4926"}],"curies":[{"name":"wp","href":"https:\/\/api.w.org\/{rel}","templated":true}]}}