{"id":5006,"date":"2017-03-24T09:41:42","date_gmt":"2017-03-24T08:41:42","guid":{"rendered":"https:\/\/www.labelleviededaniel.fr\/?page_id=5006"},"modified":"2019-12-09T08:43:50","modified_gmt":"2019-12-09T07:43:50","slug":"les-championnats-du-monde-de-bridge-a-lyon-en-aout-2017-trophee-de-lyon-1ers-internationaux-de-france","status":"publish","type":"page","link":"https:\/\/www.labelleviededaniel.fr\/?page_id=5006","title":{"rendered":"Les Championnats du monde de bridge \u00e0 LYON en ao\u00fbt 2017 &#8211; Troph\u00e9e de LYON- 1ers internationaux de France"},"content":{"rendered":"<p><strong>les\u00a0 43e Championnats du monde de bridge\u00a0 \u00e0 LYON du 12 au 26 ao\u00fbt 2017<\/strong><br \/>\n<a href=\"http:\/\/www.worldbridge.org\/\">le site web de la F\u00e9d\u00e9ration Mondiale de Bridge WBF<\/a><br \/>\nLa France vice-championne du monde de bridge \u00e0 Lyon<br \/>\nPar Antoine Silli\u00e8res. Article de<strong> Lyon Capitale<\/strong> du 28 ao\u00fbt 2017 \u00e0 l&rsquo; issue du dernier jour de la comp\u00e9tition.<br \/>\nAu terme de 100 heures de comp\u00e9tition, l&rsquo;\u00e9quipe de France s&rsquo;est inclin\u00e9e de deux petits points ce samedi face aux \u00c9tats-Unis en finale des championnats du monde de bridge, disput\u00e9s \u00e0 Lyon.<br \/>\nL&rsquo;\u00e9quipe de France de Bridge avec de gauche \u00e0 droite : Jean-Christophe Quantin, Fran\u00e7ois Combescure, Lionel Sebbane (capitaine non-joueur), C\u00e9dric Lorenzini, Fr\u00e9d\u00e9ric Volcker, J\u00e9r\u00f4me Rombaut et Thomas Bessis<br \/>\n\u00ab\u00a0Un d\u00e9nouement cruel pour les Fran\u00e7ais, \u00e9quivalent \u00e0 une d\u00e9faite aux tirs au but en finale de Coupe du Monde de football\u00a0\u00bb. La F\u00e9d\u00e9ration fran\u00e7aise de bridge est fi\u00e8re de ses (vice) champions, arriv\u00e9s second des championnats du monde disput\u00e9s \u00e0 la Cit\u00e9 internationale, pour deux petits points seulement. Score final 278 \u00e0 276 en faveur des \u00c9tats-Unis apr\u00e8s trois jours d&rsquo;affrontements particuli\u00e8rement serr\u00e9s. Hier soir encore, les deux \u00e9quipes \u00e9taient \u00e0 \u00e9galit\u00e9.<br \/>\n<strong>Cinq m\u00e9dailles et un titre handibridge<\/strong><\/p>\n<p>Apr\u00e8s son titre de championne d&rsquo;Europe, la s\u00e9lection fran\u00e7aise, compos\u00e9e de six joueurs de 28 \u00e0 51 ans, ajoute une nouvelle ligne \u00e0 son palmar\u00e8s. Les \u00c9tats-Unis triomphent \u00e9galement en cat\u00e9gorie senior. La Chine remporte la comp\u00e9tition f\u00e9minine. Le Lyonnais Yves Costel s&rsquo;\u00e9tait impos\u00e9 le 21 ao\u00fbt dans la cat\u00e9gorie handibridge.<\/p>\n<p>La seconde place fran\u00e7aise marque la fin de 15 jours de championnats \u00e0 la Cit\u00e9 internationale. Les diff\u00e9rentes \u00e9preuves ont r\u00e9uni<strong> 4000 comp\u00e9titeurs de 43 pays diff\u00e9rents, dont 700 dans les cat\u00e9gories jeunes.<\/strong> Au total la d\u00e9l\u00e9gation fran\u00e7aise remporte cinq m\u00e9dailles. L&rsquo;or chez les moins de 21 ans et les moins de 26 ans, l&rsquo;argent dans la comp\u00e9tition masculine et la comp\u00e9tition France Girls et le bronze chez les moins de 26 ans en paires.<\/p>\n<p><a href=\"http:\/\/www.worldbridge.org\/2017\/08\/26\/43rd-world-bridge-teams-championships-the-winners\/\">les vainqueurs 2017 \u00e0 LYON par \u00e9quipes Bermuda Bowl , Venice Cup , d&rsquo;Orsy Trophy, <\/a><br \/>\n<a href=\"https:\/\/youtu.be\/t9c--BGz6yY\">Emission TLS de France 3 diffus\u00e9e le 22 ao\u00fbt 2017<\/a><br \/>\n<iframe loading=\"lazy\" src=\"https:\/\/www.youtube.com\/embed\/SkmNOTLpENw\" width=\"560\" height=\"315\" frameborder=\"0\" allowfullscreen=\"allowfullscreen\"><\/iframe><br \/>\n<a href=\"https:\/\/www.facebook.com\/WorldBridgeFederation\/videos\/848907511929910\/\">https:\/\/www.facebook.com\/WorldBridgeFederation\/videos\/848907511929910\/<\/a><\/p>\n<p><strong>5th World Youth Open Championships \u2013 the Medal Winners (Pairs)<\/strong><\/p>\n<p><a href=\"http:\/\/www.worldbridge.org\/2017\/08\/19\/5th-world-youth-open-championships-the-medal-winners\/\">http:\/\/www.worldbridge.org\/2017\/08\/19\/5th-world-youth-open-championships-the-medal-winners\/<\/a><\/p>\n<p><strong>5th World Youth Open Championships \u2013 the Medal Winners (Teams)<\/strong><br \/>\nBy WBF In News On 24th August 2017<br \/>\nA prize-giving ceremony is always a happy occasion, and in Lyon on Wednesday evening there was plenty of joy as 12 teams in four categories \u2014 Juniors, Youngsters, Girls and Kids \u2014 were presented with the hardware for which they have played for more than a week \u2014 gold, silver and bronze medals.<br \/>\nWBF President Emeritus Jos\u00e9 Damiani congratulated all the competitors gathered in theVu-graph auditorium for what they are doing for the game of bridge and the world. \u201cYou are our future,\u201d said Damiani, \u201cand our bright future. You are doing something important for the world, which is peace.<br \/>\n<a href=\"http:\/\/www.worldbridge.org\/2017\/08\/24\/5th-world-youth-open-championships-the-medal-winners-teams\/\">http:\/\/www.worldbridge.org\/2017\/08\/24\/5th-world-youth-open-championships-the-medal-winners-teams\/<\/a><\/p>\n<p><strong>Le Troph\u00e9e de Lyon &#8211; simultan\u00e9 national organis\u00e9 le 25 f\u00e9vrier 2017<\/strong><br \/>\n<a href=\"https:\/\/www.labelleviededaniel.fr\/wp-content\/uploads\/2017\/03\/invitationpourles1ersinternationauxdeFrance-1.pdf\">invitationpourles1ersinternationauxdeFrance<\/a><\/p>\n<p><strong>Les 1ers internationaux de France de bridge\u00a0 \u00e0 LYON\u00a0 du 13 au 18 ao\u00fbt 2017<\/strong><br \/>\nQuelques photos prises ces trois jours-l\u00e0:<\/p>\n<div id='gallery-1' class='gallery galleryid-5006 gallery-columns-6 gallery-size-thumbnail'><figure class='gallery-item'>\n\t\t\t<div class='gallery-icon portrait'>\n\t\t\t\t<a href='https:\/\/www.labelleviededaniel.fr\/?attachment_id=5558'><img loading=\"lazy\" decoding=\"async\" width=\"150\" height=\"150\" src=\"https:\/\/www.labelleviededaniel.fr\/wp-content\/uploads\/2017\/03\/WP_20170816_001-150x150.jpg\" class=\"attachment-thumbnail size-thumbnail\" alt=\"\" aria-describedby=\"gallery-1-5558\" \/><\/a>\n\t\t\t<\/div>\n\t\t\t\t<figcaption class='wp-caption-text gallery-caption' id='gallery-1-5558'>\n\t\t\t\tLe crayon des Lyonnais\n\t\t\t\t<\/figcaption><\/figure><figure class='gallery-item'>\n\t\t\t<div class='gallery-icon landscape'>\n\t\t\t\t<a href='https:\/\/www.labelleviededaniel.fr\/?attachment_id=5563'><img loading=\"lazy\" decoding=\"async\" width=\"150\" height=\"150\" src=\"https:\/\/www.labelleviededaniel.fr\/wp-content\/uploads\/2017\/03\/WP_20170818_002-150x150.jpg\" class=\"attachment-thumbnail size-thumbnail\" alt=\"\" aria-describedby=\"gallery-1-5563\" \/><\/a>\n\t\t\t<\/div>\n\t\t\t\t<figcaption class='wp-caption-text gallery-caption' id='gallery-1-5563'>\n\t\t\t\tLe palais de congr\u00e8s\n\t\t\t\t<\/figcaption><\/figure><figure class='gallery-item'>\n\t\t\t<div class='gallery-icon landscape'>\n\t\t\t\t<a href='https:\/\/www.labelleviededaniel.fr\/?attachment_id=5564'><img loading=\"lazy\" decoding=\"async\" width=\"150\" height=\"150\" src=\"https:\/\/www.labelleviededaniel.fr\/wp-content\/uploads\/2017\/03\/WP_20170818_003-150x150.jpg\" class=\"attachment-thumbnail size-thumbnail\" alt=\"\" aria-describedby=\"gallery-1-5564\" \/><\/a>\n\t\t\t<\/div>\n\t\t\t\t<figcaption class='wp-caption-text gallery-caption' id='gallery-1-5564'>\n\t\t\t\tLe lac du parc de la t\u00eate d&rsquo;or\n\t\t\t\t<\/figcaption><\/figure><figure class='gallery-item'>\n\t\t\t<div class='gallery-icon landscape'>\n\t\t\t\t<a href='https:\/\/www.labelleviededaniel.fr\/?attachment_id=5589'><img loading=\"lazy\" decoding=\"async\" width=\"150\" height=\"150\" src=\"https:\/\/www.labelleviededaniel.fr\/wp-content\/uploads\/2017\/03\/photo2-150x150.jpg\" class=\"attachment-thumbnail size-thumbnail\" alt=\"\" aria-describedby=\"gallery-1-5589\" \/><\/a>\n\t\t\t<\/div>\n\t\t\t\t<figcaption class='wp-caption-text gallery-caption' id='gallery-1-5589'>\n\t\t\t\tL&rsquo;entr\u00e9e  au Palais de Congr\u00e8s de  Lyon\n\t\t\t\t<\/figcaption><\/figure><figure class='gallery-item'>\n\t\t\t<div class='gallery-icon portrait'>\n\t\t\t\t<a href='https:\/\/www.labelleviededaniel.fr\/?attachment_id=5559'><img loading=\"lazy\" decoding=\"async\" width=\"150\" height=\"150\" src=\"https:\/\/www.labelleviededaniel.fr\/wp-content\/uploads\/2017\/03\/WP_20170816_003-150x150.jpg\" class=\"attachment-thumbnail size-thumbnail\" alt=\"\" aria-describedby=\"gallery-1-5559\" \/><\/a>\n\t\t\t<\/div>\n\t\t\t\t<figcaption class='wp-caption-text gallery-caption' id='gallery-1-5559'>\n\t\t\t\tLe badge  officiel pour les  Internationaux de France\n\t\t\t\t<\/figcaption><\/figure><figure class='gallery-item'>\n\t\t\t<div class='gallery-icon landscape'>\n\t\t\t\t<a href='https:\/\/www.labelleviededaniel.fr\/?attachment_id=5587'><img loading=\"lazy\" decoding=\"async\" width=\"150\" height=\"150\" src=\"https:\/\/www.labelleviededaniel.fr\/wp-content\/uploads\/2017\/03\/photo-bruno-150x150.jpg\" class=\"attachment-thumbnail size-thumbnail\" alt=\"\" \/><\/a>\n\t\t\t<\/div><\/figure><figure class='gallery-item'>\n\t\t\t<div class='gallery-icon landscape'>\n\t\t\t\t<a href='https:\/\/www.labelleviededaniel.fr\/?attachment_id=5562'><img loading=\"lazy\" decoding=\"async\" width=\"150\" height=\"150\" src=\"https:\/\/www.labelleviededaniel.fr\/wp-content\/uploads\/2017\/03\/WP_20170817_005-150x150.jpg\" class=\"attachment-thumbnail size-thumbnail\" alt=\"\" aria-describedby=\"gallery-1-5562\" \/><\/a>\n\t\t\t<\/div>\n\t\t\t\t<figcaption class='wp-caption-text gallery-caption' id='gallery-1-5562'>\n\t\t\t\tle hall r\u00e9serv\u00e9 pour  nos  comp\u00e9titions\n\t\t\t\t<\/figcaption><\/figure><figure class='gallery-item'>\n\t\t\t<div class='gallery-icon landscape'>\n\t\t\t\t<a href='https:\/\/www.labelleviededaniel.fr\/?attachment_id=5560'><img loading=\"lazy\" decoding=\"async\" width=\"150\" height=\"150\" src=\"https:\/\/www.labelleviededaniel.fr\/wp-content\/uploads\/2017\/03\/WP_20170817_002-150x150.jpg\" class=\"attachment-thumbnail size-thumbnail\" alt=\"\" aria-describedby=\"gallery-1-5560\" \/><\/a>\n\t\t\t<\/div>\n\t\t\t\t<figcaption class='wp-caption-text gallery-caption' id='gallery-1-5560'>\n\t\t\t\tUne des salle o\u00f9 nous avons jou\u00e9\n\t\t\t\t<\/figcaption><\/figure><figure class='gallery-item'>\n\t\t\t<div class='gallery-icon landscape'>\n\t\t\t\t<a href='https:\/\/www.labelleviededaniel.fr\/?attachment_id=5566'><img loading=\"lazy\" decoding=\"async\" width=\"150\" height=\"150\" src=\"https:\/\/www.labelleviededaniel.fr\/wp-content\/uploads\/2017\/03\/WP_20170818_006-150x150.jpg\" class=\"attachment-thumbnail size-thumbnail\" alt=\"\" aria-describedby=\"gallery-1-5566\" \/><\/a>\n\t\t\t<\/div>\n\t\t\t\t<figcaption class='wp-caption-text gallery-caption' id='gallery-1-5566'>\n\t\t\t\tLa derni\u00e8re salle du vendredi  18 ao\u00fbt \n\t\t\t\t<\/figcaption><\/figure><figure class='gallery-item'>\n\t\t\t<div class='gallery-icon landscape'>\n\t\t\t\t<a href='https:\/\/www.labelleviededaniel.fr\/?attachment_id=5565'><img loading=\"lazy\" decoding=\"async\" width=\"150\" height=\"150\" src=\"https:\/\/www.labelleviededaniel.fr\/wp-content\/uploads\/2017\/03\/WP_20170818_004-150x150.jpg\" class=\"attachment-thumbnail size-thumbnail\" alt=\"\" aria-describedby=\"gallery-1-5565\" \/><\/a>\n\t\t\t<\/div>\n\t\t\t\t<figcaption class='wp-caption-text gallery-caption' id='gallery-1-5565'>\n\t\t\t\tvers le hall menant aux salles du championnat du monde de bridge 2017\n\t\t\t\t<\/figcaption><\/figure><figure class='gallery-item'>\n\t\t\t<div class='gallery-icon landscape'>\n\t\t\t\t<a href='https:\/\/www.labelleviededaniel.fr\/?attachment_id=5588'><img loading=\"lazy\" decoding=\"async\" width=\"150\" height=\"150\" src=\"https:\/\/www.labelleviededaniel.fr\/wp-content\/uploads\/2017\/03\/photo1-150x150.jpg\" class=\"attachment-thumbnail size-thumbnail\" alt=\"\" \/><\/a>\n\t\t\t<\/div><\/figure><figure class='gallery-item'>\n\t\t\t<div class='gallery-icon landscape'>\n\t\t\t\t<a href='https:\/\/www.labelleviededaniel.fr\/?attachment_id=5586'><img loading=\"lazy\" decoding=\"async\" width=\"150\" height=\"150\" src=\"https:\/\/www.labelleviededaniel.fr\/wp-content\/uploads\/2017\/03\/les-jeunes-fran\u00e7ais-au-championnat-du-monde-2017-150x150.jpg\" class=\"attachment-thumbnail size-thumbnail\" alt=\"\" aria-describedby=\"gallery-1-5586\" \/><\/a>\n\t\t\t<\/div>\n\t\t\t\t<figcaption class='wp-caption-text gallery-caption' id='gallery-1-5586'>\n\t\t\t\tLes Youngsters U21 fran\u00e7ais champions du  Monde par \u00e9quipes et les Girls fran\u00e7aises, vice-championnes du Monde  par \u00e9quipes \n\t\t\t\t<\/figcaption><\/figure><figure class='gallery-item'>\n\t\t\t<div class='gallery-icon landscape'>\n\t\t\t\t<a href='https:\/\/www.labelleviededaniel.fr\/?attachment_id=5590'><img loading=\"lazy\" decoding=\"async\" width=\"150\" height=\"150\" src=\"https:\/\/www.labelleviededaniel.fr\/wp-content\/uploads\/2017\/03\/photo3-150x150.jpg\" class=\"attachment-thumbnail size-thumbnail\" alt=\"\" aria-describedby=\"gallery-1-5590\" \/><\/a>\n\t\t\t<\/div>\n\t\t\t\t<figcaption class='wp-caption-text gallery-caption' id='gallery-1-5590'>\n\t\t\t\tLes kids chinois au travail\n\t\t\t\t<\/figcaption><\/figure><figure class='gallery-item'>\n\t\t\t<div class='gallery-icon landscape'>\n\t\t\t\t<a href='https:\/\/www.labelleviededaniel.fr\/?attachment_id=5591'><img loading=\"lazy\" decoding=\"async\" width=\"150\" height=\"150\" src=\"https:\/\/www.labelleviededaniel.fr\/wp-content\/uploads\/2017\/03\/photo4-150x150.jpg\" class=\"attachment-thumbnail size-thumbnail\" alt=\"\" aria-describedby=\"gallery-1-5591\" \/><\/a>\n\t\t\t<\/div>\n\t\t\t\t<figcaption class='wp-caption-text gallery-caption' id='gallery-1-5591'>\n\t\t\t\tles participants du 5th World Youth Open  championships 2017 \u00e0 Lyon\n\t\t\t\t<\/figcaption><\/figure>\n\t\t<\/div>\n\n<p><iframe loading=\"lazy\" src=\"https:\/\/www.youtube.com\/embed\/sGKTOJ_2Rv0\" width=\"560\" height=\"315\" frameborder=\"0\" allowfullscreen=\"allowfullscreen\"><\/iframe><\/p>\n<p>Ces premiers internationaux de France de bridge se d\u00e9roulent du 13 au 18 ao\u00fbt dans le cadre des 43e championnats du Monde de bridge qui se tiennent \u00e0 Lyon \u00e0 la m\u00eame \u00e9poque du 12 au 26 ao\u00fbt.<br \/>\nDeux formules sont propos\u00e9es : en mixte du 13 au 15 ao\u00fbt et en open du 16 au 18 ao\u00fbt.<br \/>\nMon partenaire du troph\u00e9e de LYON Patrick (Huleu) avec qui j&rsquo;ai gagn\u00e9 cette invitation gratuite ( 100 \u20ac ) pour participer \u00e0 ces Internationaux de France n&rsquo;\u00e9tant pas disponible \u00e0 cette p\u00e9riode, c&rsquo;est donc avec Bruno B que je suis inscrit.<br \/>\nIl y a une \u00e9preuve GOLD r\u00e9serv\u00e9e aux paires sans joueurs de 1\u00e8re s\u00e9rie et une \u00e9preuve PLATINIUM ouvertes \u00e0 tous. Nous sommes inscrits en GOLD.<br \/>\nIL y a deux s\u00e9ances par jour : Nous jouons 24 donnes par s\u00e9ance<br \/>\nPremi\u00e8re s\u00e9ance : 11h15-14h30<br \/>\nDeuxi\u00e8me s\u00e9ance : 15h45-19h00<\/p>\n<p>Le sch\u00e9ma est le suivant:<br \/>\n<a href=\"https:\/\/www.labelleviededaniel.fr\/wp-content\/uploads\/2017\/03\/competition-gold.jpg\"><img loading=\"lazy\" decoding=\"async\" class=\"alignnone size-full wp-image-5573\" src=\"https:\/\/www.labelleviededaniel.fr\/wp-content\/uploads\/2017\/03\/competition-gold.jpg\" alt=\"\" width=\"617\" height=\"435\" srcset=\"https:\/\/www.labelleviededaniel.fr\/wp-content\/uploads\/2017\/03\/competition-gold.jpg 617w, https:\/\/www.labelleviededaniel.fr\/wp-content\/uploads\/2017\/03\/competition-gold-300x212.jpg 300w\" sizes=\"auto, (max-width: 617px) 100vw, 617px\" \/><\/a><\/p>\n<p>Jour 1 :qualifs: 174 paires participantes<br \/>\nnous terminons 122e en cumul avec 47.89 % pour la s\u00e9ance 1 et 47.13 % pour la s\u00e9ance 2. Soit un cumul de <strong>47.51%<\/strong> Nous sommes \u00e0 notre niveau th\u00e9orique.<br \/>\nDeux chelems r\u00e9ussis en s\u00e9ance 1 ( 89% et 63%). La fatigue se fait sentir en fin de journ\u00e9e et les \u00e9carts de temp\u00e9rature sont importants entre le matin et l&rsquo;apr\u00e8s-midi.<br \/>\nNous sommes donc revers\u00e9s\u00a0 en 1\/2 finale B pour le prochain jour.<\/p>\n<p>Jour 2 :\u00a0 1\/2 finale B : 81 paires<br \/>\nTr\u00e8s bonne premi\u00e8re s\u00e9ance avec 57.7 % ( 11e ) et un tr\u00e8s bon chelem de 6 SA demand\u00e9 et r\u00e9ussi par Bruno qui nous vaut un top \u00e0 93%.<br \/>\nMalheureusement, nous fl\u00e9chissons dans la s\u00e9ance 2 avec un 46.29 % qui nous donne quand m\u00eame un score de <strong>52.03 %<\/strong> en cumul et une <strong>belle 29e place sur 81<\/strong>.<br \/>\nNous restons donc dans le groupe B et nous allons disputer le lendemain la finale B de cet open GOLD<\/p>\n<p>Jour 3 : Finale B : 92 paires participantes<br \/>\nDans la premi\u00e8re s\u00e9ance, Bruno n&rsquo;est pas en forme. Il le dit et le prouve d\u00e8s le d\u00e9marrage avec un Michael cue bid imaginaire du genre 1P 2K sans aucun carreau dans sa main.<\/p>\n<p>Nous faisons 44.03 % sur cette s\u00e9ance ( 80e ) et 43.14 % dans la s\u00e9ance 2 soit\u00a0 un cumul de <strong>43.63 %<\/strong> pour cette finale B qui nous donne la 85e sur 92.<\/p>\n<p>Au final, une\u00a0 tr\u00e8s bonne exp\u00e9rience, pas mal de fatigue le troisi\u00e8me\u00a0 jour et la possibilit\u00e9 de voir\u00a0 beaucoup de participants \u00e0\u00a0 ces 43 e championnats du monde et\u00a0 ces 5e mondiaux des jeunes &#8211; juniors de &#8211; de 26 ans,\u00a0 youngsters de moins de 21 ans et enfin kids de moins de 16 ans.<\/p>\n<p>&nbsp;<\/p>\n<p>&nbsp;<\/p>\n","protected":false},"excerpt":{"rendered":"<p>les\u00a0 43e Championnats du monde de bridge\u00a0 \u00e0 LYON du 12 au 26 ao\u00fbt 2017 le site web de la F\u00e9d\u00e9ration Mondiale de Bridge WBF La France vice-championne du monde de bridge \u00e0 Lyon Par Antoine Silli\u00e8res. Article de Lyon Capitale du 28 ao\u00fbt 2017 \u00e0 l&rsquo; issue du dernier jour de la comp\u00e9tition. Au &hellip; <a href=\"https:\/\/www.labelleviededaniel.fr\/?page_id=5006\" class=\"more-link\">Continuer la lecture de <span class=\"screen-reader-text\">Les Championnats du monde de bridge \u00e0 LYON en ao\u00fbt 2017 &#8211; Troph\u00e9e de LYON- 1ers internationaux de France<\/span> <span class=\"meta-nav\">&rarr;<\/span><\/a><\/p>\n","protected":false},"author":1,"featured_media":0,"parent":5197,"menu_order":0,"comment_status":"closed","ping_status":"closed","template":"","meta":{"footnotes":""},"class_list":["post-5006","page","type-page","status-publish","hentry"],"_links":{"self":[{"href":"https:\/\/www.labelleviededaniel.fr\/index.php?rest_route=\/wp\/v2\/pages\/5006","targetHints":{"allow":["GET"]}}],"collection":[{"href":"https:\/\/www.labelleviededaniel.fr\/index.php?rest_route=\/wp\/v2\/pages"}],"about":[{"href":"https:\/\/www.labelleviededaniel.fr\/index.php?rest_route=\/wp\/v2\/types\/page"}],"author":[{"embeddable":true,"href":"https:\/\/www.labelleviededaniel.fr\/index.php?rest_route=\/wp\/v2\/users\/1"}],"replies":[{"embeddable":true,"href":"https:\/\/www.labelleviededaniel.fr\/index.php?rest_route=%2Fwp%2Fv2%2Fcomments&post=5006"}],"version-history":[{"count":25,"href":"https:\/\/www.labelleviededaniel.fr\/index.php?rest_route=\/wp\/v2\/pages\/5006\/revisions"}],"predecessor-version":[{"id":8421,"href":"https:\/\/www.labelleviededaniel.fr\/index.php?rest_route=\/wp\/v2\/pages\/5006\/revisions\/8421"}],"up":[{"embeddable":true,"href":"https:\/\/www.labelleviededaniel.fr\/index.php?rest_route=\/wp\/v2\/pages\/5197"}],"wp:attachment":[{"href":"https:\/\/www.labelleviededaniel.fr\/index.php?rest_route=%2Fwp%2Fv2%2Fmedia&parent=5006"}],"curies":[{"name":"wp","href":"https:\/\/api.w.org\/{rel}","templated":true}]}}