{"id":5068,"date":"2017-04-26T08:37:39","date_gmt":"2017-04-26T07:37:39","guid":{"rendered":"https:\/\/www.labelleviededaniel.fr\/?page_id=5068"},"modified":"2019-01-31T16:44:47","modified_gmt":"2019-01-31T15:44:47","slug":"divers","status":"publish","type":"page","link":"https:\/\/www.labelleviededaniel.fr\/?page_id=5068","title":{"rendered":"Divers"},"content":{"rendered":"\n<ul class=\"wp-block-gallery columns-1 is-cropped wp-block-gallery-2 is-layout-flex wp-block-gallery-is-layout-flex\"><li class=\"blocks-gallery-item\"><figure><img loading=\"lazy\" decoding=\"async\" width=\"700\" height=\"1241\" src=\"https:\/\/www.labelleviededaniel.fr\/wp-content\/uploads\/2019\/01\/IMG-20190131-WA0001-700x1241.jpg\" alt=\"\" data-id=\"7460\" class=\"wp-image-7460\" srcset=\"https:\/\/www.labelleviededaniel.fr\/wp-content\/uploads\/2019\/01\/IMG-20190131-WA0001-700x1241.jpg 700w, https:\/\/www.labelleviededaniel.fr\/wp-content\/uploads\/2019\/01\/IMG-20190131-WA0001-169x300.jpg 169w, https:\/\/www.labelleviededaniel.fr\/wp-content\/uploads\/2019\/01\/IMG-20190131-WA0001-768x1361.jpg 768w, https:\/\/www.labelleviededaniel.fr\/wp-content\/uploads\/2019\/01\/IMG-20190131-WA0001.jpg 844w\" sizes=\"auto, (max-width: 700px) 100vw, 700px\" \/><figcaption>le Coll\u00e8ge de Cany-Barville en 1963 ou 1964?<\/figcaption><\/figure><\/li><\/ul>\n\n\n<p><strong>Petite s\u00e9quence nostalgie:<\/strong><br \/><a href=\"https:\/\/www.labelleviededaniel.fr\/wp-content\/uploads\/2017\/04\/FESTIVAL-DE-CANNES-DANTAN-ISA-MA.pps\">Images des ann\u00e9es 50 et 60 du Festival de Cannes<\/a><br \/><a href=\"https:\/\/www.labelleviededaniel.fr\/wp-content\/uploads\/2017\/04\/JAI-RETROUVE-TON-CAHIER-DECOLE112.pps\">Souvenirs de l&rsquo;\u00e9cole dans l&rsquo;ancien temps<\/a><br \/><a href=\"https:\/\/www.labelleviededaniel.fr\/wp-content\/uploads\/2018\/05\/la-4-CV-renault-jb.pps\">la 4 CV renault <\/a><\/p>","protected":false},"excerpt":{"rendered":"<p>Petite s\u00e9quence nostalgie:Images des ann\u00e9es 50 et 60 du Festival de CannesSouvenirs de l&rsquo;\u00e9cole dans l&rsquo;ancien tempsla 4 CV renault<\/p>\n","protected":false},"author":1,"featured_media":0,"parent":1599,"menu_order":0,"comment_status":"closed","ping_status":"closed","template":"","meta":{"footnotes":""},"class_list":["post-5068","page","type-page","status-publish","hentry"],"_links":{"self":[{"href":"https:\/\/www.labelleviededaniel.fr\/index.php?rest_route=\/wp\/v2\/pages\/5068","targetHints":{"allow":["GET"]}}],"collection":[{"href":"https:\/\/www.labelleviededaniel.fr\/index.php?rest_route=\/wp\/v2\/pages"}],"about":[{"href":"https:\/\/www.labelleviededaniel.fr\/index.php?rest_route=\/wp\/v2\/types\/page"}],"author":[{"embeddable":true,"href":"https:\/\/www.labelleviededaniel.fr\/index.php?rest_route=\/wp\/v2\/users\/1"}],"replies":[{"embeddable":true,"href":"https:\/\/www.labelleviededaniel.fr\/index.php?rest_route=%2Fwp%2Fv2%2Fcomments&post=5068"}],"version-history":[{"count":8,"href":"https:\/\/www.labelleviededaniel.fr\/index.php?rest_route=\/wp\/v2\/pages\/5068\/revisions"}],"predecessor-version":[{"id":7465,"href":"https:\/\/www.labelleviededaniel.fr\/index.php?rest_route=\/wp\/v2\/pages\/5068\/revisions\/7465"}],"up":[{"embeddable":true,"href":"https:\/\/www.labelleviededaniel.fr\/index.php?rest_route=\/wp\/v2\/pages\/1599"}],"wp:attachment":[{"href":"https:\/\/www.labelleviededaniel.fr\/index.php?rest_route=%2Fwp%2Fv2%2Fmedia&parent=5068"}],"curies":[{"name":"wp","href":"https:\/\/api.w.org\/{rel}","templated":true}]}}