{"id":5239,"date":"2017-05-19T16:03:23","date_gmt":"2017-05-19T15:03:23","guid":{"rendered":"https:\/\/www.labelleviededaniel.fr\/?page_id=5239"},"modified":"2017-05-21T10:01:03","modified_gmt":"2017-05-21T09:01:03","slug":"biographie-documentation","status":"publish","type":"page","link":"https:\/\/www.labelleviededaniel.fr\/?page_id=5239","title":{"rendered":"Biographie &#8211; documentation &#8211; livres"},"content":{"rendered":"<p><strong>El\u00e9ments de Biographie :<\/strong><br \/>\nN\u00e9 le 21 d\u00e9cembre 1977 \u00e0 Amiens<br \/>\nDipl\u00f4m\u00e9 de l\u2019Institut d\u2019\u00e9tudes politiques (IEP) de Paris et de l\u2019Ecole nationale d\u2019administration (promotion 2004, \u00ab L\u00e9opold S\u00e9dar Senghor \u00bb), Emmanuel Macron commence sa carri\u00e8re dans l\u2019administration publique comme inspecteur adjoint des finances. En 2008, il devient le rapporteur adjoint de la commission Jacques Attali, install\u00e9e par le pr\u00e9sident Nicolas Sarkozy pour relancer la croissance \u00e9conomique du pays.<br \/>\nJuste apr\u00e8s la commission Attali, il se met en disponibilit\u00e9 de la fonction publique et rejoint la banque Rothschild, o\u00f9 il est rapidement promu associ\u00e9-g\u00e9rant. <em>En 2012, il conclut un deal \u00e0 9 milliards d\u2019euros entre Nestl\u00e9 et Pfizer qui restera dans les annales de la banque. Le surnom de \u00ab banquier-de-chez-Rothschild \u00bb lui collera \u00e0 la peau.<\/em><br \/>\nEn 2012, Emmanuel Macron r\u00e9int\u00e8gre la fonction publique et est nomm\u00e9 secr\u00e9taire g\u00e9n\u00e9ral adjoint de l\u2019Elys\u00e9e. Il est notamment l\u2019un des artisans du cr\u00e9dit d\u2019imp\u00f4t pour la comp\u00e9titivit\u00e9 (CICE). Le 26 ao\u00fbt 2014, il est nomm\u00e9 ministre de l\u2019\u00e9conomie dans le gouvernement Valls II en remplacement d\u2019Arnaud Montebourg. Son passage \u00e0 Bercy sera surtout marqu\u00e9 par le projet de loi pour la croissance, l\u2019activit\u00e9 et l\u2019\u00e9galit\u00e9 des chances \u00e9conomiques, plus connue sous le nom de \u00ab loi Macron \u00bb, adopt\u00e9e au moyen de l\u2019article 49.3 de la Constitution.<br \/>\nLe 6 avril 2016, alors qu\u2019il est encore ministre de l\u2019\u00e9conomie, Emmanuel Macron lance le mouvement En marche ! Le 12 juillet 2016, il tient son premier grand meeting \u00e0 la Mutualit\u00e9 durant lequel il affirme vouloir porter son mouvement \u00ab jusqu\u2019\u00e0 2017 et jusqu\u2019\u00e0 la victoire \u00bb. Il d\u00e9missionne du gouvernement le 30 ao\u00fbt et d\u00e9clare officiellement sa candidature \u00e0 la pr\u00e9sidence de la R\u00e9publique le 16 novembre ( source : journal le Monde : pr\u00e9sentation des candidats \u00e0 l&rsquo;\u00e9lection Pr\u00e9sidentielle 2017 )<\/p>\n<p><strong>Livres :<\/strong><\/p>\n<div id='gallery-1' class='gallery galleryid-5239 gallery-columns-6 gallery-size-medium'><figure class='gallery-item'>\n\t\t\t<div class='gallery-icon portrait'>\n\t\t\t\t<a href='https:\/\/www.labelleviededaniel.fr\/?attachment_id=5246'><img loading=\"lazy\" decoding=\"async\" width=\"197\" height=\"300\" src=\"https:\/\/www.labelleviededaniel.fr\/wp-content\/uploads\/2017\/05\/PHOTO-DU-LIVRE-D-ANNE-FULDA-197x300.jpg\" class=\"attachment-medium size-medium\" alt=\"\" srcset=\"https:\/\/www.labelleviededaniel.fr\/wp-content\/uploads\/2017\/05\/PHOTO-DU-LIVRE-D-ANNE-FULDA-197x300.jpg 197w, https:\/\/www.labelleviededaniel.fr\/wp-content\/uploads\/2017\/05\/PHOTO-DU-LIVRE-D-ANNE-FULDA.jpg 370w\" sizes=\"auto, (max-width: 197px) 100vw, 197px\" \/><\/a>\n\t\t\t<\/div><\/figure><figure class='gallery-item'>\n\t\t\t<div class='gallery-icon portrait'>\n\t\t\t\t<a href='https:\/\/www.labelleviededaniel.fr\/?attachment_id=5254'><img loading=\"lazy\" decoding=\"async\" width=\"188\" height=\"300\" src=\"https:\/\/www.labelleviededaniel.fr\/wp-content\/uploads\/2017\/05\/R\u00e9volution-188x300.jpg\" class=\"attachment-medium size-medium\" alt=\"\" srcset=\"https:\/\/www.labelleviededaniel.fr\/wp-content\/uploads\/2017\/05\/R\u00e9volution-188x300.jpg 188w, https:\/\/www.labelleviededaniel.fr\/wp-content\/uploads\/2017\/05\/R\u00e9volution.jpg 287w\" sizes=\"auto, (max-width: 188px) 100vw, 188px\" \/><\/a>\n\t\t\t<\/div><\/figure>\n\t\t<\/div>\n\n<h2>Emmanuel Macron, un jeune homme si parfait , Anne Fulda, Ed Plon , avril 2017<\/h2>\n<p>Anne Fulda brosse un portrait intime et in\u00e9dit de ce don Juan atypique pour lequel l&rsquo;esprit de conqu\u00eate s&rsquo;apparente \u00e0 un besoin de plaire et de convaincre, quitte \u00e0 r\u00eaver sa vie.<br \/>\nDepuis qu&rsquo;il est enfant, Emmanuel Macron \u2013 ce candidat aux allures de Petit Prince virtuel \u2013 a toujours \u00e9t\u00e9 d\u00e9sign\u00e9 et reconnu comme le meilleur.<br \/>\nIl a trouv\u00e9 dans le regard des autres, et plus sp\u00e9cifiquement de ses a\u00een\u00e9s, l&rsquo;admiration, l&rsquo;encouragement, la bienveillance. Il y a eu, longtemps, le regard de sa grand-m\u00e8re, fondateur et essentiel, avec laquelle il a entretenu des liens exclusifs, presque passionnels, qui ont m\u00eame influ\u00e9 sur sa relation avec Fran\u00e7ois Hollande. Il y a eu le regard de ses professeurs, puis de tous ses \u00ab parrains \u00bb, qui, tout au long de sa carri\u00e8re, l&rsquo;ont toujours \u00e9paul\u00e9 et qu&rsquo;il a souvent subjugu\u00e9s par son intelligence et son empathie. Il y a bien s\u00fbr le regard de Brigitte, son \u00e9pouse, avec qui il forme un couple dont la singularit\u00e9 ne tient pas \u00e0 leur diff\u00e9rence d&rsquo;\u00e2ge mais au fait qu&rsquo;elle est l&rsquo;unique femme qu&rsquo;il aime depuis qu&rsquo;il a seize ans. Et il y a maintenant le regard des Fran\u00e7ais, qu&rsquo;il entend s\u00e9duire avec la m\u00eame d\u00e9termination, en bousculant les convenances et en leur d\u00e9clarant qu&rsquo;il les aime&#8230;<\/p>\n<h2>R\u00e9volution<br \/>\nEmmanuel Macron<br \/>\nDocuments, Essai , XO Editions, novembre 2016<\/h2>\n<p>Dans ce livre publi\u00e9 en novembre 2016, Emmanuel Macron, alors candidat \u00e0 l\u2019\u00e9lection pr\u00e9sidentielle, raconte pour la premi\u00e8re fois son histoire personnelle, ses inspirations, sa vision de la France et de son avenir, dans un monde nouveau qui vit une \u00ab grande transformation \u00bb comme il n\u2019en a pas connu depuis l\u2019invention de l\u2019imprimerie et la Renaissance. Un livre fort, singulier, qui pose les fondements d\u2019une nouvelle soci\u00e9t\u00e9.<\/p>\n","protected":false},"excerpt":{"rendered":"<p>El\u00e9ments de Biographie : N\u00e9 le 21 d\u00e9cembre 1977 \u00e0 Amiens Dipl\u00f4m\u00e9 de l\u2019Institut d\u2019\u00e9tudes politiques (IEP) de Paris et de l\u2019Ecole nationale d\u2019administration (promotion 2004, \u00ab L\u00e9opold S\u00e9dar Senghor \u00bb), Emmanuel Macron commence sa carri\u00e8re dans l\u2019administration publique comme inspecteur adjoint des finances. En 2008, il devient le rapporteur adjoint de la commission Jacques &hellip; <a href=\"https:\/\/www.labelleviededaniel.fr\/?page_id=5239\" class=\"more-link\">Continuer la lecture de <span class=\"screen-reader-text\">Biographie &#8211; documentation &#8211; livres<\/span> <span class=\"meta-nav\">&rarr;<\/span><\/a><\/p>\n","protected":false},"author":1,"featured_media":0,"parent":5237,"menu_order":0,"comment_status":"closed","ping_status":"closed","template":"","meta":{"footnotes":""},"class_list":["post-5239","page","type-page","status-publish","hentry"],"_links":{"self":[{"href":"https:\/\/www.labelleviededaniel.fr\/index.php?rest_route=\/wp\/v2\/pages\/5239","targetHints":{"allow":["GET"]}}],"collection":[{"href":"https:\/\/www.labelleviededaniel.fr\/index.php?rest_route=\/wp\/v2\/pages"}],"about":[{"href":"https:\/\/www.labelleviededaniel.fr\/index.php?rest_route=\/wp\/v2\/types\/page"}],"author":[{"embeddable":true,"href":"https:\/\/www.labelleviededaniel.fr\/index.php?rest_route=\/wp\/v2\/users\/1"}],"replies":[{"embeddable":true,"href":"https:\/\/www.labelleviededaniel.fr\/index.php?rest_route=%2Fwp%2Fv2%2Fcomments&post=5239"}],"version-history":[{"count":6,"href":"https:\/\/www.labelleviededaniel.fr\/index.php?rest_route=\/wp\/v2\/pages\/5239\/revisions"}],"predecessor-version":[{"id":5256,"href":"https:\/\/www.labelleviededaniel.fr\/index.php?rest_route=\/wp\/v2\/pages\/5239\/revisions\/5256"}],"up":[{"embeddable":true,"href":"https:\/\/www.labelleviededaniel.fr\/index.php?rest_route=\/wp\/v2\/pages\/5237"}],"wp:attachment":[{"href":"https:\/\/www.labelleviededaniel.fr\/index.php?rest_route=%2Fwp%2Fv2%2Fmedia&parent=5239"}],"curies":[{"name":"wp","href":"https:\/\/api.w.org\/{rel}","templated":true}]}}