{"id":5241,"date":"2017-05-19T16:04:13","date_gmt":"2017-05-19T15:04:13","guid":{"rendered":"https:\/\/www.labelleviededaniel.fr\/?page_id=5241"},"modified":"2018-07-31T14:07:28","modified_gmt":"2018-07-31T13:07:28","slug":"discours-videos","status":"publish","type":"page","link":"https:\/\/www.labelleviededaniel.fr\/?page_id=5241","title":{"rendered":"Discours &#8211; vid\u00e9os"},"content":{"rendered":"<p><strong>Discours:<\/strong><br \/>\n<a href=\"https:\/\/www.labelleviededaniel.fr\/wp-content\/uploads\/2018\/05\/Discours-sur-les-banlieues-prononc\u00e9-par-Emmanuel-Macron-le-mardi-22-mai-2018-\u00e0-l.pdf\">Discours sur les banlieues prononc\u00e9 par E. Macron le mardi 22 mai 2018 <\/a><br \/>\n<strong>Vid\u00e9os:<\/strong><\/p>\n<p>Int\u00e9grer la vid\u00e9o<br \/>\nDiscours du Pr\u00e9sident de la R\u00e9publique, Emmanuel Macron lors de la c\u00e9r\u00e9monie de remise du Prix Charlemagne \u00e0 Aix-la-Chapelle\u00a0 en mai 208<br \/>\nLecture auto<br \/>\nOnOff<br \/>\n<iframe loading=\"lazy\" src=\"\/\/www.dailymotion.com\/embed\/video\/x6j8ipk\" width=\"480\" height=\"270\" frameborder=\"0\" allowfullscreen=\"allowfullscreen\"><\/iframe><br \/>\nDiscours devant le congr\u00e8s Am\u00e9ricain lors de la visite d&rsquo; Etat le\u00a0 25 avril 2018<br \/>\n<iframe loading=\"lazy\" src=\"\/\/www.dailymotion.com\/embed\/video\/x6ieal7\" width=\"480\" height=\"270\" frameborder=\"0\" allowfullscreen=\"allowfullscreen\"><\/iframe><\/p>\n<p>Lancement du mouvement \u00ab\u00a0En Marche\u00a0\u00bb le 6 avril 2016 : le clip de lancement<br \/>\n<iframe loading=\"lazy\" src=\"https:\/\/www.youtube.com\/embed\/uEs1Evc42ZE\" width=\"560\" height=\"315\" frameborder=\"0\" allowfullscreen=\"allowfullscreen\"><\/iframe><br \/>\nPropos tenus apr\u00e8s la d\u00e9cision du Pr\u00e9sident am\u00e9ricain Donald Trump de ne pas suivre les accords de Paris de la COP 21 sur le changement climatique ( juin 2017)<br \/>\n<iframe loading=\"lazy\" src=\"\/\/players.brightcove.net\/624246174001\/2d3d4a83-ba40-464e-9bfb-2804b076bf67_default\/index.html?videoId=5457105390001\" width=\"300\" height=\"150\" frameborder=\"0\" allowfullscreen=\"allowfullscreen\"><\/iframe><br \/>\nDiscours aux Pr\u00e9fets : le 5 septembre 2017<br \/>\n<iframe loading=\"lazy\" src=\"\/\/www.dailymotion.com\/embed\/video\/x5zkb4b\" width=\"480\" height=\"270\" frameborder=\"0\" allowfullscreen=\"allowfullscreen\"><\/iframe><br \/>\nSpeach at the Bloomberg Global Business Forum in New York le 20 septembre 2017<br \/>\n<iframe loading=\"lazy\" src=\"\/\/www.dailymotion.com\/embed\/video\/x61ew7i\" width=\"480\" height=\"270\" frameborder=\"0\" allowfullscreen=\"allowfullscreen\"><\/iframe><\/p>\n<p>Initiative pour l&rsquo;Europe \u00e0 la Sorbonne , Discours d&rsquo;Emmanuel Macron, le 26 septembre 2017 ( jour de naissance de Louis)<br \/>\n<iframe loading=\"lazy\" src=\"\/\/www.dailymotion.com\/embed\/video\/x623khx\" width=\"480\" height=\"270\" frameborder=\"0\" allowfullscreen=\"allowfullscreen\"><\/iframe><br \/>\nQuestions apr\u00e8s le discours de la Sorbonne sur l&rsquo;Europe le 26 septembre 2017:<br \/>\n<iframe loading=\"lazy\" src=\"\/\/www.dailymotion.com\/embed\/video\/x623b99\" width=\"480\" height=\"270\" frameborder=\"0\" allowfullscreen=\"allowfullscreen\"><\/iframe><br \/>\nla foire du Livre \u00e0 Francfort le 11 octobre 2017<br \/>\n<iframe loading=\"lazy\" src=\"\/\/www.dailymotion.com\/embed\/video\/x641ny0\" width=\"480\" height=\"270\" frameborder=\"0\" allowfullscreen=\"allowfullscreen\"><\/iframe><br \/>\n<iframe loading=\"lazy\" src=\"\/\/www.dailymotion.com\/embed\/video\/x640a1t\" width=\"480\" height=\"270\" frameborder=\"0\" allowfullscreen=\"allowfullscreen\"><\/iframe><br \/>\n<iframe loading=\"lazy\" src=\"\/\/www.dailymotion.com\/embed\/video\/x6clh6q\" width=\"480\" height=\"270\" frameborder=\"0\" allowfullscreen=\"allowfullscreen\"><\/iframe><br \/>\n<iframe loading=\"lazy\" src=\"\/\/www.dailymotion.com\/embed\/video\/x6f52e2\" width=\"480\" height=\"270\" frameborder=\"0\" allowfullscreen=\"allowfullscreen\"><\/iframe><\/p>\n","protected":false},"excerpt":{"rendered":"<p>Discours: Discours sur les banlieues prononc\u00e9 par E. Macron le mardi 22 mai 2018 Vid\u00e9os: Int\u00e9grer la vid\u00e9o Discours du Pr\u00e9sident de la R\u00e9publique, Emmanuel Macron lors de la c\u00e9r\u00e9monie de remise du Prix Charlemagne \u00e0 Aix-la-Chapelle\u00a0 en mai 208 Lecture auto OnOff Discours devant le congr\u00e8s Am\u00e9ricain lors de la visite d&rsquo; Etat le\u00a0 &hellip; <a href=\"https:\/\/www.labelleviededaniel.fr\/?page_id=5241\" class=\"more-link\">Continuer la lecture de <span class=\"screen-reader-text\">Discours &#8211; vid\u00e9os<\/span> <span class=\"meta-nav\">&rarr;<\/span><\/a><\/p>\n","protected":false},"author":1,"featured_media":0,"parent":5237,"menu_order":0,"comment_status":"closed","ping_status":"closed","template":"","meta":{"footnotes":""},"class_list":["post-5241","page","type-page","status-publish","hentry"],"_links":{"self":[{"href":"https:\/\/www.labelleviededaniel.fr\/index.php?rest_route=\/wp\/v2\/pages\/5241","targetHints":{"allow":["GET"]}}],"collection":[{"href":"https:\/\/www.labelleviededaniel.fr\/index.php?rest_route=\/wp\/v2\/pages"}],"about":[{"href":"https:\/\/www.labelleviededaniel.fr\/index.php?rest_route=\/wp\/v2\/types\/page"}],"author":[{"embeddable":true,"href":"https:\/\/www.labelleviededaniel.fr\/index.php?rest_route=\/wp\/v2\/users\/1"}],"replies":[{"embeddable":true,"href":"https:\/\/www.labelleviededaniel.fr\/index.php?rest_route=%2Fwp%2Fv2%2Fcomments&post=5241"}],"version-history":[{"count":17,"href":"https:\/\/www.labelleviededaniel.fr\/index.php?rest_route=\/wp\/v2\/pages\/5241\/revisions"}],"predecessor-version":[{"id":7160,"href":"https:\/\/www.labelleviededaniel.fr\/index.php?rest_route=\/wp\/v2\/pages\/5241\/revisions\/7160"}],"up":[{"embeddable":true,"href":"https:\/\/www.labelleviededaniel.fr\/index.php?rest_route=\/wp\/v2\/pages\/5237"}],"wp:attachment":[{"href":"https:\/\/www.labelleviededaniel.fr\/index.php?rest_route=%2Fwp%2Fv2%2Fmedia&parent=5241"}],"curies":[{"name":"wp","href":"https:\/\/api.w.org\/{rel}","templated":true}]}}