{"id":5243,"date":"2017-05-19T16:06:07","date_gmt":"2017-05-19T15:06:07","guid":{"rendered":"https:\/\/www.labelleviededaniel.fr\/?page_id=5243"},"modified":"2018-01-24T15:05:17","modified_gmt":"2018-01-24T14:05:17","slug":"faits-marquants-de-son-premier-mandat-de-8e-president-de-la-republique-francaise-2017-2022","status":"publish","type":"page","link":"https:\/\/www.labelleviededaniel.fr\/?page_id=5243","title":{"rendered":"Faits marquants de son premier  mandat de 8e  Pr\u00e9sident de la R\u00e9publique Fran\u00e7aise ( 2017-2022)"},"content":{"rendered":"<p>le discours sur l&rsquo; Europe \u00e0 la Sorbonne le 26 septembre 2017 :<br \/>\n<a href=\"https:\/\/www.labelleviededaniel.fr\/wp-content\/uploads\/2017\/05\/Initiative-pour-lEurope-une-Europe-souveraine-unie-et-democratique-Emmanuel-Macron.pdf\">Initiative-pour-lEurope-une-Europe-souveraine-unie-et-democratique-Emmanuel-Macron<\/a><br \/>\nLe sommet \u00a0\u00bb Choose France\u00a0\u00bb organis\u00e9 au ch\u00e2teau de Versailles le 22 janvier 2018<br \/>\n<a href=\"https:\/\/www.labelleviededaniel.fr\/wp-content\/uploads\/2018\/01\/Fiche-presse-CHOOSE-FRANCE-DEF-SA1.pdf\">Fiche presse CHOOSE FRANCE DEF (SA)(1)<\/a><\/p>\n","protected":false},"excerpt":{"rendered":"<p>le discours sur l&rsquo; Europe \u00e0 la Sorbonne le 26 septembre 2017 : Initiative-pour-lEurope-une-Europe-souveraine-unie-et-democratique-Emmanuel-Macron Le sommet \u00a0\u00bb Choose France\u00a0\u00bb organis\u00e9 au ch\u00e2teau de Versailles le 22 janvier 2018 Fiche presse CHOOSE FRANCE DEF (SA)(1)<\/p>\n","protected":false},"author":1,"featured_media":0,"parent":5237,"menu_order":0,"comment_status":"closed","ping_status":"closed","template":"","meta":{"footnotes":""},"class_list":["post-5243","page","type-page","status-publish","hentry"],"_links":{"self":[{"href":"https:\/\/www.labelleviededaniel.fr\/index.php?rest_route=\/wp\/v2\/pages\/5243","targetHints":{"allow":["GET"]}}],"collection":[{"href":"https:\/\/www.labelleviededaniel.fr\/index.php?rest_route=\/wp\/v2\/pages"}],"about":[{"href":"https:\/\/www.labelleviededaniel.fr\/index.php?rest_route=\/wp\/v2\/types\/page"}],"author":[{"embeddable":true,"href":"https:\/\/www.labelleviededaniel.fr\/index.php?rest_route=\/wp\/v2\/users\/1"}],"replies":[{"embeddable":true,"href":"https:\/\/www.labelleviededaniel.fr\/index.php?rest_route=%2Fwp%2Fv2%2Fcomments&post=5243"}],"version-history":[{"count":4,"href":"https:\/\/www.labelleviededaniel.fr\/index.php?rest_route=\/wp\/v2\/pages\/5243\/revisions"}],"predecessor-version":[{"id":6532,"href":"https:\/\/www.labelleviededaniel.fr\/index.php?rest_route=\/wp\/v2\/pages\/5243\/revisions\/6532"}],"up":[{"embeddable":true,"href":"https:\/\/www.labelleviededaniel.fr\/index.php?rest_route=\/wp\/v2\/pages\/5237"}],"wp:attachment":[{"href":"https:\/\/www.labelleviededaniel.fr\/index.php?rest_route=%2Fwp%2Fv2%2Fmedia&parent=5243"}],"curies":[{"name":"wp","href":"https:\/\/api.w.org\/{rel}","templated":true}]}}