{"id":5378,"date":"2017-06-06T16:30:20","date_gmt":"2017-06-06T15:30:20","guid":{"rendered":"https:\/\/www.labelleviededaniel.fr\/?page_id=5378"},"modified":"2018-06-24T14:26:46","modified_gmt":"2018-06-24T13:26:46","slug":"lions-centenary-circuit-du-7-juin-2017","status":"publish","type":"page","link":"https:\/\/www.labelleviededaniel.fr\/?page_id=5378","title":{"rendered":"Lions Centenary Circuit ( LCC )  du 7 juin 2017"},"content":{"rendered":"<p><a href=\"https:\/\/www.labelleviededaniel.fr\/wp-content\/uploads\/2017\/06\/LCC-Logo-Poster-revised-WIP-@-20-Jan-17.pdf\">affichette de l \u00e9v\u00e8nement LCC du 7 juin 2017<\/a><br \/>\n<a href=\"https:\/\/www.labelleviededaniel.fr\/wp-content\/uploads\/2017\/06\/LCC-RouteMontage-MapsPhotosGoogleEarth_170214.pdf\">Circuit d\u00e9taill\u00e9 du LCC<\/a><\/p>\n","protected":false},"excerpt":{"rendered":"<p>affichette de l \u00e9v\u00e8nement LCC du 7 juin 2017 Circuit d\u00e9taill\u00e9 du LCC<\/p>\n","protected":false},"author":1,"featured_media":0,"parent":5201,"menu_order":0,"comment_status":"closed","ping_status":"closed","template":"","meta":{"footnotes":""},"class_list":["post-5378","page","type-page","status-publish","hentry"],"_links":{"self":[{"href":"https:\/\/www.labelleviededaniel.fr\/index.php?rest_route=\/wp\/v2\/pages\/5378","targetHints":{"allow":["GET"]}}],"collection":[{"href":"https:\/\/www.labelleviededaniel.fr\/index.php?rest_route=\/wp\/v2\/pages"}],"about":[{"href":"https:\/\/www.labelleviededaniel.fr\/index.php?rest_route=\/wp\/v2\/types\/page"}],"author":[{"embeddable":true,"href":"https:\/\/www.labelleviededaniel.fr\/index.php?rest_route=\/wp\/v2\/users\/1"}],"replies":[{"embeddable":true,"href":"https:\/\/www.labelleviededaniel.fr\/index.php?rest_route=%2Fwp%2Fv2%2Fcomments&post=5378"}],"version-history":[{"count":6,"href":"https:\/\/www.labelleviededaniel.fr\/index.php?rest_route=\/wp\/v2\/pages\/5378\/revisions"}],"predecessor-version":[{"id":7079,"href":"https:\/\/www.labelleviededaniel.fr\/index.php?rest_route=\/wp\/v2\/pages\/5378\/revisions\/7079"}],"up":[{"embeddable":true,"href":"https:\/\/www.labelleviededaniel.fr\/index.php?rest_route=\/wp\/v2\/pages\/5201"}],"wp:attachment":[{"href":"https:\/\/www.labelleviededaniel.fr\/index.php?rest_route=%2Fwp%2Fv2%2Fmedia&parent=5378"}],"curies":[{"name":"wp","href":"https:\/\/api.w.org\/{rel}","templated":true}]}}