{"id":6018,"date":"2017-12-13T10:27:44","date_gmt":"2017-12-13T09:27:44","guid":{"rendered":"https:\/\/www.labelleviededaniel.fr\/?page_id=6018"},"modified":"2017-12-19T22:16:29","modified_gmt":"2017-12-19T21:16:29","slug":"les-personnages-du-roman-du-xviie-siecle-a-nos-jours","status":"publish","type":"page","link":"https:\/\/www.labelleviededaniel.fr\/?page_id=6018","title":{"rendered":"Les personnages du roman du XVIIe si\u00e8cle \u00e0 nos jours"},"content":{"rendered":"<p><a href=\"https:\/\/www.labelleviededaniel.fr\/wp-content\/uploads\/2017\/12\/Le-personnage-de-roman-du-XVIIe-si\u00e8cle-\u00e0-nos-jours.pdf\">Le personnage de roman du XVIIe si\u00e8cle \u00e0 nos jours<\/a><br \/>\n<a href=\"https:\/\/www.labelleviededaniel.fr\/wp-content\/uploads\/2017\/12\/Le-personnage-de-roman-du-XVIIe-si\u00e8cle-\u00e0-nos-jours-2.pdf\">Le personnage de roman du XVIIe si\u00e8cle \u00e0 nos jours 2<\/a><br \/>\n<a href=\"https:\/\/www.labelleviededaniel.fr\/wp-content\/uploads\/2017\/12\/le-roman-et-ses-personnages.pdf\">le roman et ses personnages<\/a><\/p>\n","protected":false},"excerpt":{"rendered":"<p>Le personnage de roman du XVIIe si\u00e8cle \u00e0 nos jours Le personnage de roman du XVIIe si\u00e8cle \u00e0 nos jours 2 le roman et ses personnages<\/p>\n","protected":false},"author":1,"featured_media":0,"parent":6016,"menu_order":0,"comment_status":"closed","ping_status":"closed","template":"","meta":{"footnotes":""},"class_list":["post-6018","page","type-page","status-publish","hentry"],"_links":{"self":[{"href":"https:\/\/www.labelleviededaniel.fr\/index.php?rest_route=\/wp\/v2\/pages\/6018","targetHints":{"allow":["GET"]}}],"collection":[{"href":"https:\/\/www.labelleviededaniel.fr\/index.php?rest_route=\/wp\/v2\/pages"}],"about":[{"href":"https:\/\/www.labelleviededaniel.fr\/index.php?rest_route=\/wp\/v2\/types\/page"}],"author":[{"embeddable":true,"href":"https:\/\/www.labelleviededaniel.fr\/index.php?rest_route=\/wp\/v2\/users\/1"}],"replies":[{"embeddable":true,"href":"https:\/\/www.labelleviededaniel.fr\/index.php?rest_route=%2Fwp%2Fv2%2Fcomments&post=6018"}],"version-history":[{"count":4,"href":"https:\/\/www.labelleviededaniel.fr\/index.php?rest_route=\/wp\/v2\/pages\/6018\/revisions"}],"predecessor-version":[{"id":6065,"href":"https:\/\/www.labelleviededaniel.fr\/index.php?rest_route=\/wp\/v2\/pages\/6018\/revisions\/6065"}],"up":[{"embeddable":true,"href":"https:\/\/www.labelleviededaniel.fr\/index.php?rest_route=\/wp\/v2\/pages\/6016"}],"wp:attachment":[{"href":"https:\/\/www.labelleviededaniel.fr\/index.php?rest_route=%2Fwp%2Fv2%2Fmedia&parent=6018"}],"curies":[{"name":"wp","href":"https:\/\/api.w.org\/{rel}","templated":true}]}}