{"id":6082,"date":"2017-12-22T14:10:48","date_gmt":"2017-12-22T13:10:48","guid":{"rendered":"https:\/\/www.labelleviededaniel.fr\/?page_id=6082"},"modified":"2024-11-27T08:03:17","modified_gmt":"2024-11-27T07:03:17","slug":"maison-d-education-des-loges-la-de-st-germain-en-laye","status":"publish","type":"page","link":"https:\/\/www.labelleviededaniel.fr\/?page_id=6082","title":{"rendered":"Maison d&rsquo; Education des  Loges ( La) de St Germain-en-Laye"},"content":{"rendered":"<p><strong>Documentation:<\/strong><br \/>\nVisite \u00e0 la maison d&rsquo; \u00e9ducation des loges de St Germain-en-Laye le 22 d\u00e9cembre 2017 pour le projet LCYH :\u00a0\u00bbLast Ring Home\u00a0\u00bb. Personne rencontr\u00e9e : Roxane LAVERGNE<br \/>\n<a href=\"https:\/\/www.labelleviededaniel.fr\/wp-content\/uploads\/2017\/12\/La-maison-d-\u00e9duction-des-loges-de-st-germain-en-Laye.pdf\">La maison d&rsquo; \u00e9ducation des loges de st germain-en-Laye<\/a><br \/>\n<a href=\"https:\/\/www.labelleviededaniel.fr\/wp-content\/uploads\/2017\/12\/procedure_admission_2018.pdf\">La proc\u00e9dure d&rsquo;admission en 2018<\/a><br \/>\n<a href=\"https:\/\/www.labelleviededaniel.fr\/wp-content\/uploads\/2018\/02\/Projets-pr\u00e9vus-gr\u00e2ce-\u00e0-la-donation-du-Lions-3.pdf\">Projets pr\u00e9vus gr\u00e2ce \u00e0 la donation du Lions (3)<\/a><br \/>\n<a href=\"https:\/\/www.labelleviededaniel.fr\/wp-content\/uploads\/2018\/02\/MAGMOISELLE_Numero-3-1-pdf.pdf\">MAGMOISELLE_Numero-3-1 pdf<\/a><br \/>\n<strong>Liens internet:<\/strong><br \/>\n<a href=\"http:\/\/www.legiondhonneur.fr\/fr\">La grande chancellerie de la L\u00e9gion d&rsquo; honneur<\/a><\/p>\n<p>&nbsp;<\/p>\n","protected":false},"excerpt":{"rendered":"<p>Documentation: Visite \u00e0 la maison d&rsquo; \u00e9ducation des loges de St Germain-en-Laye le 22 d\u00e9cembre 2017 pour le projet LCYH :\u00a0\u00bbLast Ring Home\u00a0\u00bb. Personne rencontr\u00e9e : Roxane LAVERGNE La maison d&rsquo; \u00e9ducation des loges de st germain-en-Laye La proc\u00e9dure d&rsquo;admission en 2018 Projets pr\u00e9vus gr\u00e2ce \u00e0 la donation du Lions (3) MAGMOISELLE_Numero-3-1 pdf Liens internet: &hellip; <a href=\"https:\/\/www.labelleviededaniel.fr\/?page_id=6082\" class=\"more-link\">Continuer la lecture de <span class=\"screen-reader-text\">Maison d&rsquo; Education des  Loges ( La) de St Germain-en-Laye<\/span> <span class=\"meta-nav\">&rarr;<\/span><\/a><\/p>\n","protected":false},"author":1,"featured_media":0,"parent":1585,"menu_order":0,"comment_status":"closed","ping_status":"closed","template":"","meta":{"footnotes":""},"class_list":["post-6082","page","type-page","status-publish","hentry"],"_links":{"self":[{"href":"https:\/\/www.labelleviededaniel.fr\/index.php?rest_route=\/wp\/v2\/pages\/6082","targetHints":{"allow":["GET"]}}],"collection":[{"href":"https:\/\/www.labelleviededaniel.fr\/index.php?rest_route=\/wp\/v2\/pages"}],"about":[{"href":"https:\/\/www.labelleviededaniel.fr\/index.php?rest_route=\/wp\/v2\/types\/page"}],"author":[{"embeddable":true,"href":"https:\/\/www.labelleviededaniel.fr\/index.php?rest_route=\/wp\/v2\/users\/1"}],"replies":[{"embeddable":true,"href":"https:\/\/www.labelleviededaniel.fr\/index.php?rest_route=%2Fwp%2Fv2%2Fcomments&post=6082"}],"version-history":[{"count":11,"href":"https:\/\/www.labelleviededaniel.fr\/index.php?rest_route=\/wp\/v2\/pages\/6082\/revisions"}],"predecessor-version":[{"id":11812,"href":"https:\/\/www.labelleviededaniel.fr\/index.php?rest_route=\/wp\/v2\/pages\/6082\/revisions\/11812"}],"up":[{"embeddable":true,"href":"https:\/\/www.labelleviededaniel.fr\/index.php?rest_route=\/wp\/v2\/pages\/1585"}],"wp:attachment":[{"href":"https:\/\/www.labelleviededaniel.fr\/index.php?rest_route=%2Fwp%2Fv2%2Fmedia&parent=6082"}],"curies":[{"name":"wp","href":"https:\/\/api.w.org\/{rel}","templated":true}]}}