{"id":6135,"date":"2017-12-26T11:04:02","date_gmt":"2017-12-26T10:04:02","guid":{"rendered":"https:\/\/www.labelleviededaniel.fr\/?page_id=6135"},"modified":"2017-12-26T11:28:39","modified_gmt":"2017-12-26T10:28:39","slug":"guerre-et-paix-de-leon-tosltoi","status":"publish","type":"page","link":"https:\/\/www.labelleviededaniel.fr\/?page_id=6135","title":{"rendered":"\u00ab\u00a0Guerre et Paix\u00a0\u00bb de L\u00e9on Toslto\u00ef  (parution entre 1865 et 1869)"},"content":{"rendered":"<p>La s\u00e9rie de la BBC \u00ab\u00a0War and Peace\u00a0\u00bb pr\u00e9sent\u00e9e en 2015<br \/>\n<iframe loading=\"lazy\" src=\"https:\/\/www.youtube.com\/embed\/H-BCmUeHE5c\" width=\"560\" height=\"315\" frameborder=\"0\" allowfullscreen=\"allowfullscreen\"><\/iframe><br \/>\n<a href=\"http:\/\/www.lemonde.fr\/televisions-radio\/article\/2016\/01\/08\/guerre-et-paix-meilleur-programme-du-dimanche-soir-de-la-bbc_4844218_1655027.html\">Critique du journal \u00ab\u00a0Le monde\u00a0\u00bb apr\u00e8s la diffusion de la s\u00e9rie en six \u00e9pisodes sur la BBC en 2015<\/a><br \/>\n<a href=\"http:\/\/journals.openedition.org\/edl\/377\">La franc-ma\u00e7onnerie comme exotisme dans \u00a0\u00bb Guerre et Paix \u00a0\u00bb de Tolsto\u00ef<\/a> : source : Etudes de lettres ( 2009)<\/p>\n","protected":false},"excerpt":{"rendered":"<p>La s\u00e9rie de la BBC \u00ab\u00a0War and Peace\u00a0\u00bb pr\u00e9sent\u00e9e en 2015 Critique du journal \u00ab\u00a0Le monde\u00a0\u00bb apr\u00e8s la diffusion de la s\u00e9rie en six \u00e9pisodes sur la BBC en 2015 La franc-ma\u00e7onnerie comme exotisme dans \u00a0\u00bb Guerre et Paix \u00a0\u00bb de Tolsto\u00ef : source : Etudes de lettres ( 2009)<\/p>\n","protected":false},"author":1,"featured_media":0,"parent":6133,"menu_order":0,"comment_status":"closed","ping_status":"closed","template":"","meta":{"footnotes":""},"class_list":["post-6135","page","type-page","status-publish","hentry"],"_links":{"self":[{"href":"https:\/\/www.labelleviededaniel.fr\/index.php?rest_route=\/wp\/v2\/pages\/6135","targetHints":{"allow":["GET"]}}],"collection":[{"href":"https:\/\/www.labelleviededaniel.fr\/index.php?rest_route=\/wp\/v2\/pages"}],"about":[{"href":"https:\/\/www.labelleviededaniel.fr\/index.php?rest_route=\/wp\/v2\/types\/page"}],"author":[{"embeddable":true,"href":"https:\/\/www.labelleviededaniel.fr\/index.php?rest_route=\/wp\/v2\/users\/1"}],"replies":[{"embeddable":true,"href":"https:\/\/www.labelleviededaniel.fr\/index.php?rest_route=%2Fwp%2Fv2%2Fcomments&post=6135"}],"version-history":[{"count":5,"href":"https:\/\/www.labelleviededaniel.fr\/index.php?rest_route=\/wp\/v2\/pages\/6135\/revisions"}],"predecessor-version":[{"id":6142,"href":"https:\/\/www.labelleviededaniel.fr\/index.php?rest_route=\/wp\/v2\/pages\/6135\/revisions\/6142"}],"up":[{"embeddable":true,"href":"https:\/\/www.labelleviededaniel.fr\/index.php?rest_route=\/wp\/v2\/pages\/6133"}],"wp:attachment":[{"href":"https:\/\/www.labelleviededaniel.fr\/index.php?rest_route=%2Fwp%2Fv2%2Fmedia&parent=6135"}],"curies":[{"name":"wp","href":"https:\/\/api.w.org\/{rel}","templated":true}]}}