{"id":6483,"date":"2018-01-13T20:56:29","date_gmt":"2018-01-13T19:56:29","guid":{"rendered":"https:\/\/www.labelleviededaniel.fr\/?page_id=6483"},"modified":"2024-07-23T16:43:30","modified_gmt":"2024-07-23T15:43:30","slug":"documents-pour-la-genealogie","status":"publish","type":"page","link":"https:\/\/www.labelleviededaniel.fr\/?page_id=6483","title":{"rendered":"Documents pour la g\u00e9n\u00e9alogie"},"content":{"rendered":"<h4><strong>Mon arbre g\u00e9n\u00e9alogique sur Geneanet: Famille BLONDEL-GRANCHER -FERAY-CAPRON-LEMONNIER- BECHET &#8211; DOUTRELEAU-DUBOSC<\/strong><\/h4>\n<p><a href=\"https:\/\/gw.geneanet.org\/viking53_w?lang=fr&amp;p=daniel+etienne+roland&amp;n=blondel&amp;oc=0&amp;type=tree\">Mon arbre g\u00e9n\u00e9alogique<\/a><br \/>\n<a href=\"https:\/\/francearchives.fr\/article\/37865\">Une introduction \u00e0 la g\u00e9n\u00e9alogie. Source : site web France Archives<\/a><br \/>\n<em>Rappel : il est possible en France de faire une recherche g\u00e9n\u00e9alogique sur ses anc\u00eatres jusqu&rsquo;au r\u00e8gne de Louis XIII \u00e0 savoir sur la p\u00e9riode<strong> 1610<\/strong> date \u00e0 laquelle il devient Roi de France \u00e0 l&rsquo;\u00e2ge de neuf ans\u00a0 \u00e0\u00a0 la mort de son p\u00e8re Henri IV -jusqu&rsquo;en <strong>1643<\/strong> date de sa mort ( source : le g\u00e9n\u00e9alogiste Jean-Louis Beaucarnot).<\/em><br \/>\n<a href=\"https:\/\/www.labelleviededaniel.fr\/wp-content\/uploads\/2018\/02\/arbre-gen\u00e9a.jpg\"><img loading=\"lazy\" decoding=\"async\" class=\"alignnone wp-image-6580 size-large\" src=\"https:\/\/www.labelleviededaniel.fr\/wp-content\/uploads\/2018\/02\/arbre-gen\u00e9a-700x262.jpg\" alt=\"\" width=\"604\" height=\"226\" srcset=\"https:\/\/www.labelleviededaniel.fr\/wp-content\/uploads\/2018\/02\/arbre-gen\u00e9a-700x262.jpg 700w, https:\/\/www.labelleviededaniel.fr\/wp-content\/uploads\/2018\/02\/arbre-gen\u00e9a-300x112.jpg 300w, https:\/\/www.labelleviededaniel.fr\/wp-content\/uploads\/2018\/02\/arbre-gen\u00e9a-768x287.jpg 768w, https:\/\/www.labelleviededaniel.fr\/wp-content\/uploads\/2018\/02\/arbre-gen\u00e9a.jpg 1479w\" sizes=\"auto, (max-width: 604px) 100vw, 604px\" \/><\/a><\/p>\n<h6><strong>La branche BLONDEL-GRANCHER<br \/>\n<\/strong><\/h6>\n<ul>\n<li style=\"list-style-type: none;\">\n<ul>\n<li><a href=\"https:\/\/www.labelleviededaniel.fr\/wp-content\/uploads\/2018\/09\/Mariage-de-Jean-Blondel.pdf\">Mariage de Jean Blondel_copie du registre en date du 17 f\u00e9vrier 1745<\/a><\/li>\n<\/ul>\n<h6><strong>La branche FERAY-CAPRON<\/strong><\/h6>\n<ul>\n<li>Mariage de Gustave Marie FERAY &#8211;<strong>Sosa 10<\/strong>&#8211; et de El\u00e9onore CAPRON &#8211;<strong>Sosa 11<\/strong>&#8211; parents de mon\u00a0 grand-m\u00e8re paternelle Berthe Marie FERAY &#8211;<strong>Sosa\u00a0 5<\/strong>&#8211; , le 19 janvier 1874 \u00e0 Ocqueville : <em>18740119_feray-gustave_capron-eleonore_m_76_ocqueville<\/em><\/li>\n<li>\u00a0<strong>Sosa\u00a0 5<\/strong> &#8211; Extrait de naissance de ma grand-m\u00e8re paternelle, Berthe Marie FERAY n\u00e9\u00e9 \u00e0 Cany-Barville le 21 mai\u00a0 1889 &#8211; acte N\u00b0 000005_feray-berthe_18890521_n_76_cany-barville<br \/>\n<a href=\"https:\/\/www.labelleviededaniel.fr\/wp-content\/uploads\/2018\/01\/Sosa-N0-5-extrait-de-naissance-Berthe-Marie-FERAY.pdf\">Sosa N\u00b0 5 extrait de naissance Berthe Marie FERAY : Source Mairie de Cany-Barville en Seine-Maritime<\/a><\/li>\n<li><strong>Sosa 23<\/strong> D\u00e9c\u00e8s de\u00a0 Pulch\u00e9rie Alexandrine HERMAY le 9 janvier 1858 &#8211; acte N\u00b0 000023_hermay-pulcherie_18580109_d_76_ocqueville<\/li>\n<li><strong>Sosa 10<\/strong> Gustave Marie FERAY, n\u00e9 le 7 novembre 1847 \u00e0 Craville-la-Mallet, acte de naissance<\/li>\n<li><strong>Sosa\u00a0 20 &amp; 21<\/strong> le 4 juin 1843, mariage de Juste Hypolite ( ou Hippolite ? )\u00a0 FERAY et de Marie Zo\u00e9 Lamy ( ou Zo\u00e9 Marie\u00a0 LAMY\u00a0 \u00e0 Crasville-la-Mallet<\/li>\n<li><strong>Sosa 21<\/strong> : 000021_lamy-marie_18180926_n_76_crasville-la-mallet<\/li>\n<li style=\"list-style-type: none;\"><\/li>\n<\/ul>\n<h6>La branche DOUTRELEAU-DUBOSC<\/h6>\n<ul>\n<li><strong>Sosa 7<\/strong> ,ma Grand-m\u00e8re maternelle : Berthe\u00a0 L\u00e9opoldine Emilie DOUTRELEAU, n\u00e9e \u00e0 Ocqueville le 6 mars 1890 \u00e0 Ocqueville et d\u00e9c\u00e9d\u00e9e le 27 avril 1940 \u00e0 Saint-Vaast-Dieppedalle. acte N\u00b0 : 000007_doutreleau-berthe_18900306_n_76_saint-vaast-dieppedalle<\/li>\n<li><a href=\"https:\/\/www.labelleviededaniel.fr\/wp-content\/uploads\/2024\/07\/certificat-deces-Berthe-DOUTRELEAU-1.pdf\">certificat d\u00e9c\u00e8s Berthe DOUTRELEAU<\/a><\/li>\n<li>Mariage des parents de ma grand-m\u00e8re maternelle Berthe L\u00e9opoldine Emilie Doutreleau\u00a0 :\u00a0 Albert Ars\u00e8ne DOUTRELAU ( <strong>Sosa 14<\/strong> )\u00a0 avec Marie Armande DUBOSC, ( <strong>Sosa 15<\/strong>) mari\u00e9s \u00e0 Ocqueville le 30 septembre\u00a0 1884<\/li>\n<li><strong>Sosa 15<\/strong> Acte de naissance de Marie Armande DUBOSC ,mon arri\u00e8re grand-m\u00e8re maternelle,n\u00e9e le 26 mai 1860 \u00e0 Ocqueville<\/li>\n<li>000015_dubosc-marie_18600526_n_76_ocqueville<\/li>\n<li><strong>Sosa 14<\/strong> Acte de naissance de Albert Ars\u00e8ne DOUTRELEAU, mon arri\u00e8re grand-p\u00e8re maternel, n\u00e9 le\u00a0 11 novembre 1859 \u00e0 Ocqueville :<\/li>\n<li>000014_doutreleau-albert_18591111_n_76_ocqueville<\/li>\n<li><strong>Sosa 28 &amp; 29<\/strong> Mariage des parents de Albert Ars\u00e8ne DOUTRELEAU, le 6 juillet 1850 \u00e0 Ocqueville ( acte N\u00b030)<\/li>\n<li>Le m\u00e9tier de tisserand dans le Pays-de-Caux<br \/>\n<a href=\"http:\/\/histoiredeveauville.monsite-orange.fr\/\">\u00ab\u00a0lin et tissage \u00a0\u00bb en Pays-de-Caux extrait du site web d&rsquo;Alain Gardeur de Veauville-les-Quelles<\/a><\/li>\n<\/ul>\n<p><strong>La branche LEMONNIER-BECHET<\/strong><\/p>\n<ul>\n<li style=\"list-style-type: none;\">\n<ul>\n<li><strong>Sosa 12 &amp; 13<\/strong> 18881110_lemonnier-albert_bechet-marie_m_76-bosville<\/li>\n<li><a href=\"https:\/\/www.labelleviededaniel.fr\/wp-content\/uploads\/2024\/07\/certificat-deces-Mary-Lemonnier-1.pdf\">certificat d\u00e9c\u00e8s Mary Albert Pierre Lemonnier<\/a><\/li>\n<li><strong>Sosa 24<\/strong> 000024 _lemonnier-lucien_18821002_d_76-veauville-les-quelles<\/li>\n<li><strong>Sosa 25<\/strong> 000025_bachelet-marie_18840926_d_76-veauville-les-quelles<\/li>\n<li><strong>Sosa 24 &amp; 25<\/strong>\u00a0 : 18441114_lemonnier-lucien_bachelet-marie_m_76-sasseville<\/li>\n<\/ul>\n<\/li>\n<\/ul>\n<\/li>\n<\/ul>\n","protected":false},"excerpt":{"rendered":"<p>Mon arbre g\u00e9n\u00e9alogique sur Geneanet: Famille BLONDEL-GRANCHER -FERAY-CAPRON-LEMONNIER- BECHET &#8211; DOUTRELEAU-DUBOSC Mon arbre g\u00e9n\u00e9alogique Une introduction \u00e0 la g\u00e9n\u00e9alogie. Source : site web France Archives Rappel : il est possible en France de faire une recherche g\u00e9n\u00e9alogique sur ses anc\u00eatres jusqu&rsquo;au r\u00e8gne de Louis XIII \u00e0 savoir sur la p\u00e9riode 1610 date \u00e0 laquelle il &hellip; <a href=\"https:\/\/www.labelleviededaniel.fr\/?page_id=6483\" class=\"more-link\">Continuer la lecture de <span class=\"screen-reader-text\">Documents pour la g\u00e9n\u00e9alogie<\/span> <span class=\"meta-nav\">&rarr;<\/span><\/a><\/p>\n","protected":false},"author":1,"featured_media":0,"parent":6481,"menu_order":0,"comment_status":"closed","ping_status":"closed","template":"","meta":{"footnotes":""},"class_list":["post-6483","page","type-page","status-publish","hentry"],"_links":{"self":[{"href":"https:\/\/www.labelleviededaniel.fr\/index.php?rest_route=\/wp\/v2\/pages\/6483","targetHints":{"allow":["GET"]}}],"collection":[{"href":"https:\/\/www.labelleviededaniel.fr\/index.php?rest_route=\/wp\/v2\/pages"}],"about":[{"href":"https:\/\/www.labelleviededaniel.fr\/index.php?rest_route=\/wp\/v2\/types\/page"}],"author":[{"embeddable":true,"href":"https:\/\/www.labelleviededaniel.fr\/index.php?rest_route=\/wp\/v2\/users\/1"}],"replies":[{"embeddable":true,"href":"https:\/\/www.labelleviededaniel.fr\/index.php?rest_route=%2Fwp%2Fv2%2Fcomments&post=6483"}],"version-history":[{"count":63,"href":"https:\/\/www.labelleviededaniel.fr\/index.php?rest_route=\/wp\/v2\/pages\/6483\/revisions"}],"predecessor-version":[{"id":11571,"href":"https:\/\/www.labelleviededaniel.fr\/index.php?rest_route=\/wp\/v2\/pages\/6483\/revisions\/11571"}],"up":[{"embeddable":true,"href":"https:\/\/www.labelleviededaniel.fr\/index.php?rest_route=\/wp\/v2\/pages\/6481"}],"wp:attachment":[{"href":"https:\/\/www.labelleviededaniel.fr\/index.php?rest_route=%2Fwp%2Fv2%2Fmedia&parent=6483"}],"curies":[{"name":"wp","href":"https:\/\/api.w.org\/{rel}","templated":true}]}}