{"id":6552,"date":"2018-01-27T12:05:00","date_gmt":"2018-01-27T11:05:00","guid":{"rendered":"https:\/\/www.labelleviededaniel.fr\/?page_id=6552"},"modified":"2023-05-18T16:25:59","modified_gmt":"2023-05-18T15:25:59","slug":"la-numerotation-en-genealogie-la-numerotation-ascendante-sosa-stradonitz","status":"publish","type":"page","link":"https:\/\/www.labelleviededaniel.fr\/?page_id=6552","title":{"rendered":"La num\u00e9rotation ascendante Sosa-Stradonitz"},"content":{"rendered":"<p><strong>Informations sur la num\u00e9rotation ascendante Sosa-Stradonitz<\/strong><br \/>\n<a href=\"https:\/\/www.labelleviededaniel.fr\/wp-content\/uploads\/2018\/01\/numerotation-Sosa.jpg\"><img loading=\"lazy\" decoding=\"async\" class=\"alignnone size-full wp-image-6555\" src=\"https:\/\/www.labelleviededaniel.fr\/wp-content\/uploads\/2018\/01\/numerotation-Sosa.jpg\" alt=\"\" width=\"530\" height=\"205\" srcset=\"https:\/\/www.labelleviededaniel.fr\/wp-content\/uploads\/2018\/01\/numerotation-Sosa.jpg 530w, https:\/\/www.labelleviededaniel.fr\/wp-content\/uploads\/2018\/01\/numerotation-Sosa-300x116.jpg 300w\" sizes=\"auto, (max-width: 530px) 100vw, 530px\" \/><\/a><br \/>\n<a href=\"http:\/\/www.guide-genealogie.com\/guide\/numerotation.html\">source : www.guide-genealogie.com<\/a><br \/>\n<a href=\"https:\/\/fr.wikipedia.org\/wiki\/Num%C3%A9rotation_de_Sosa-Stradonitz\">Source : wikip\u00e9dia<\/a><\/p>\n<ul>\n<li>Principes de la num\u00e9rotation sosa : Source : www.guide-genealogie.com ( voir plus haut)<\/li>\n<\/ul>\n<p>Chaque anc\u00eatre a un num\u00e9ro invariable.<br \/>\nLa num\u00e9rotation part de la personne dont on fait l&rsquo;ascendance, c&rsquo;est le de-cujus (glossaire), il porte le num\u00e9ro 1.<br \/>\nSon p\u00e8re porte le num\u00e9ro 2 et sa m\u00e8re le num\u00e9ro 3.<br \/>\nLe num\u00e9ro 4 est son grand-p\u00e8re paternel, le num\u00e9ro 5 sa grand-m\u00e8re paternelle, le num\u00e9ro 6 son grand-p\u00e8re maternel et le num\u00e9ro 7 sa grand-m\u00e8re maternelle.<br \/>\nEt ainsi de suite\u2026<\/p>\n<ul>\n<li>R\u00e8gles de la num\u00e9rotation sosa<\/li>\n<\/ul>\n<p>Un chiffre pair d\u00e9signe toujours un homme, un chiffre impair une femme sauf bien s\u00fbr le num\u00e9ro 1 qui est un homme ou une femme<br \/>\nLe num\u00e9ro d&rsquo;un p\u00e8re est le double de celui de son enfant<br \/>\nLe num\u00e9ro d&rsquo;une femme est celui de son mari plus 1<br \/>\nLe num\u00e9ro d&rsquo;une m\u00e8re est le double de celui de son enfant plus un<\/p>\n<ul>\n<li>Notes sur la num\u00e9rotation sosa<\/li>\n<\/ul>\n<p>Le premier num\u00e9ro d&rsquo;une g\u00e9n\u00e9ration donne le nombre d&rsquo;anc\u00eatres \u00e0 cette g\u00e9n\u00e9ration. Par exemple, le num\u00e9ro 16 nous indique qu&rsquo;il y a 16 anc\u00eatres \u00e0 la 5e g\u00e9n\u00e9ration.<br \/>\nUn m\u00eame anc\u00eatre peut appara\u00eetre plusieurs fois dans la g\u00e9n\u00e9alogie : c&rsquo;est un implexe (glossaire). L&rsquo;anc\u00eatre porte alors plusieurs num\u00e9ros de sosa.<br \/>\nLa num\u00e9rotation sosa \u00e9tablie n&rsquo;est valable que pour un individu. Pour ses enfants ou ses petits-enfants, la num\u00e9rotation est \u00e0 refaire.<br \/>\nCe syst\u00e8me ne tient compte que des ascendants directs. Les collat\u00e9raux n&rsquo;ont pas de num\u00e9ro.<\/p>\n","protected":false},"excerpt":{"rendered":"<p>Informations sur la num\u00e9rotation ascendante Sosa-Stradonitz source : www.guide-genealogie.com Source : wikip\u00e9dia Principes de la num\u00e9rotation sosa : Source : www.guide-genealogie.com ( voir plus haut) Chaque anc\u00eatre a un num\u00e9ro invariable. La num\u00e9rotation part de la personne dont on fait l&rsquo;ascendance, c&rsquo;est le de-cujus (glossaire), il porte le num\u00e9ro 1. Son p\u00e8re porte le num\u00e9ro &hellip; <a href=\"https:\/\/www.labelleviededaniel.fr\/?page_id=6552\" class=\"more-link\">Continuer la lecture de <span class=\"screen-reader-text\">La num\u00e9rotation ascendante Sosa-Stradonitz<\/span> <span class=\"meta-nav\">&rarr;<\/span><\/a><\/p>\n","protected":false},"author":1,"featured_media":0,"parent":6481,"menu_order":0,"comment_status":"closed","ping_status":"closed","template":"","meta":{"footnotes":""},"class_list":["post-6552","page","type-page","status-publish","hentry"],"_links":{"self":[{"href":"https:\/\/www.labelleviededaniel.fr\/index.php?rest_route=\/wp\/v2\/pages\/6552","targetHints":{"allow":["GET"]}}],"collection":[{"href":"https:\/\/www.labelleviededaniel.fr\/index.php?rest_route=\/wp\/v2\/pages"}],"about":[{"href":"https:\/\/www.labelleviededaniel.fr\/index.php?rest_route=\/wp\/v2\/types\/page"}],"author":[{"embeddable":true,"href":"https:\/\/www.labelleviededaniel.fr\/index.php?rest_route=\/wp\/v2\/users\/1"}],"replies":[{"embeddable":true,"href":"https:\/\/www.labelleviededaniel.fr\/index.php?rest_route=%2Fwp%2Fv2%2Fcomments&post=6552"}],"version-history":[{"count":4,"href":"https:\/\/www.labelleviededaniel.fr\/index.php?rest_route=\/wp\/v2\/pages\/6552\/revisions"}],"predecessor-version":[{"id":6557,"href":"https:\/\/www.labelleviededaniel.fr\/index.php?rest_route=\/wp\/v2\/pages\/6552\/revisions\/6557"}],"up":[{"embeddable":true,"href":"https:\/\/www.labelleviededaniel.fr\/index.php?rest_route=\/wp\/v2\/pages\/6481"}],"wp:attachment":[{"href":"https:\/\/www.labelleviededaniel.fr\/index.php?rest_route=%2Fwp%2Fv2%2Fmedia&parent=6552"}],"curies":[{"name":"wp","href":"https:\/\/api.w.org\/{rel}","templated":true}]}}