{"id":6718,"date":"2018-04-02T19:06:39","date_gmt":"2018-04-02T18:06:39","guid":{"rendered":"https:\/\/www.labelleviededaniel.fr\/?page_id=6718"},"modified":"2018-04-04T07:03:54","modified_gmt":"2018-04-04T06:03:54","slug":"bosville","status":"publish","type":"page","link":"https:\/\/www.labelleviededaniel.fr\/?page_id=6718","title":{"rendered":"Bosville"},"content":{"rendered":"<p>Un site web tr\u00e8s utile sur les villages de France :<br \/>\n<a href=\"http:\/\/www.auxpaysdemesancetres.com\/\">Aux pays de mes anc\u00eatres le site web<\/a><br \/>\n<a href=\"http:\/\/www.auxpaysdemesancetres.com\/pages\/haute-normandie\/seine-maritime-76\/bosville.html\">Bosville<\/a><br \/>\n<a href=\"https:\/\/gw.geneanet.org\/roxalka?lang=fr\">l&rsquo;arbre g\u00e9n\u00e9alogique de Roseline Soudan sur Geneanet<\/a><\/p>\n","protected":false},"excerpt":{"rendered":"<p>Un site web tr\u00e8s utile sur les villages de France : Aux pays de mes anc\u00eatres le site web Bosville l&rsquo;arbre g\u00e9n\u00e9alogique de Roseline Soudan sur Geneanet<\/p>\n","protected":false},"author":1,"featured_media":0,"parent":6716,"menu_order":0,"comment_status":"closed","ping_status":"closed","template":"","meta":{"footnotes":""},"class_list":["post-6718","page","type-page","status-publish","hentry"],"_links":{"self":[{"href":"https:\/\/www.labelleviededaniel.fr\/index.php?rest_route=\/wp\/v2\/pages\/6718","targetHints":{"allow":["GET"]}}],"collection":[{"href":"https:\/\/www.labelleviededaniel.fr\/index.php?rest_route=\/wp\/v2\/pages"}],"about":[{"href":"https:\/\/www.labelleviededaniel.fr\/index.php?rest_route=\/wp\/v2\/types\/page"}],"author":[{"embeddable":true,"href":"https:\/\/www.labelleviededaniel.fr\/index.php?rest_route=\/wp\/v2\/users\/1"}],"replies":[{"embeddable":true,"href":"https:\/\/www.labelleviededaniel.fr\/index.php?rest_route=%2Fwp%2Fv2%2Fcomments&post=6718"}],"version-history":[{"count":5,"href":"https:\/\/www.labelleviededaniel.fr\/index.php?rest_route=\/wp\/v2\/pages\/6718\/revisions"}],"predecessor-version":[{"id":6724,"href":"https:\/\/www.labelleviededaniel.fr\/index.php?rest_route=\/wp\/v2\/pages\/6718\/revisions\/6724"}],"up":[{"embeddable":true,"href":"https:\/\/www.labelleviededaniel.fr\/index.php?rest_route=\/wp\/v2\/pages\/6716"}],"wp:attachment":[{"href":"https:\/\/www.labelleviededaniel.fr\/index.php?rest_route=%2Fwp%2Fv2%2Fmedia&parent=6718"}],"curies":[{"name":"wp","href":"https:\/\/api.w.org\/{rel}","templated":true}]}}