{"id":6848,"date":"2018-04-27T09:09:28","date_gmt":"2018-04-27T08:09:28","guid":{"rendered":"https:\/\/www.labelleviededaniel.fr\/?page_id=6848"},"modified":"2018-04-30T10:29:40","modified_gmt":"2018-04-30T09:29:40","slug":"la-nostalgie-de-l-honneur-par-jean-rene-van-der-plaetsen-septembre-2017-edition-grasset","status":"publish","type":"page","link":"https:\/\/www.labelleviededaniel.fr\/?page_id=6848","title":{"rendered":"\u00ab\u00a0La Nostalgie de l&rsquo; honneur\u00a0\u00bb par Jean-Ren\u00e9 Van der Plaetsen &#8211; septembre 2017 ( \u00e9dition Grasset)"},"content":{"rendered":"<p><a href=\"https:\/\/www.labelleviededaniel.fr\/wp-content\/uploads\/2018\/04\/La-nostalgie-de-l-honneur.jpg\"><img loading=\"lazy\" decoding=\"async\" class=\"size-full wp-image-6849 aligncenter\" src=\"https:\/\/www.labelleviededaniel.fr\/wp-content\/uploads\/2018\/04\/La-nostalgie-de-l-honneur.jpg\" alt=\"\" width=\"275\" height=\"406\" srcset=\"https:\/\/www.labelleviededaniel.fr\/wp-content\/uploads\/2018\/04\/La-nostalgie-de-l-honneur.jpg 275w, https:\/\/www.labelleviededaniel.fr\/wp-content\/uploads\/2018\/04\/La-nostalgie-de-l-honneur-203x300.jpg 203w\" sizes=\"auto, (max-width: 275px) 100vw, 275px\" \/><\/a><\/p>\n<p><strong class=\"ff18\">Laur\u00e9at du prix Jean Giono 2017, l&rsquo;auteur a \u00e9galement d\u00e9croch\u00e9 l&rsquo;Interalli\u00e9 pour <em>La nostalgie de l&rsquo;honneur<\/em>, paru chez Grasset ( source : livre hebdo). Livre pr\u00eat\u00e9 par Jean-Jacques Foubert, ancien colonnel en avril 2017 \u00e0 POISSY<br \/>\n<\/strong><\/p>\n<div>\n<p>Le jury du prix Interalli\u00e9 a r\u00e9compens\u00e9, le 22 novembre, Jean-Ren\u00e9 Van der Plaetsen pour son premier r\u00e9cit La nostalgie de l&rsquo;honneur, paru le 6 septembre chez Grasset. L&rsquo;\u00e9crivain l&rsquo;a emport\u00e9 au 3e tour de scrutin par 7 voix contre 3 pour Fran\u00e7ois-Henri D\u00e9s\u00e9rable (Un certain M. Piekielny, Gallimard) et une pour Nicolas d&rsquo;Estienne-d&rsquo;Orves (La gloire des maudits, Albin Michel).<\/p>\n<p>D<span id=\"ctl00_mainBody_ResumeLabel\">irecteur d\u00e9l\u00e9gu\u00e9 de la r\u00e9daction du Figaro Magazine, Jean-Ren\u00e9 Van der Plaetsen \u00e9voque les conversations avec son grand-p\u00e8re, le g\u00e9n\u00e9ral Cr\u00e9pin, sur ses souvenirs de la R\u00e9sistance et de la guerre, et sur les valeurs du courage, du m\u00e9pris de l&rsquo;argent, de la carri\u00e8re et de la fid\u00e9lit\u00e9. L&rsquo;auteur s&rsquo;interroge sur l&rsquo;oubli contemporain de l&rsquo;int\u00e9r\u00eat g\u00e9n\u00e9ral, du souci d&rsquo;autrui, du respect du pass\u00e9 et de la grandeur.<\/span><\/p>\n<p>Le laur\u00e9at, pr\u00e9sent au restaurant Lasserre o\u00f9 le jury a d\u00e9lib\u00e9r\u00e9, s&rsquo;est dit \u00e9mu par cette r\u00e9compense, attribu\u00e9e \u00ab\u00a0le jour de la naissance du g\u00e9n\u00e9ral Leclerc que mon grand-p\u00e8re a suivi d\u00e8s le premier jour\u00a0\u00bb, a-t-il d\u00e9clar\u00e9.<\/p>\n<p>Finaliste malheureux du <a href=\"http:\/\/www.livreshebdo.fr\/article\/le-renaudot-2017-decerne-olivier-guez\">Renaudot essais<\/a>, l&rsquo;auteur a toutefois \u00e9t\u00e9 distingu\u00e9 par le prix <a href=\"http:\/\/www.livreshebdo.fr\/article\/jean-rene-van-der-plaetsen-recoit-le-prix-jean-giono-2017\">Jean Giono 2017<\/a>, le prix litt\u00e9raire de l&rsquo;Arm\u00e9e de Terre &#8211; Erwan Bergot et le prix du Nouveau Cercle de l&rsquo;Union.<\/p>\n<p>En 2016, le prix Interalli\u00e9 a \u00e9t\u00e9 attribu\u00e9 \u00e0 Serge Joncour pour Repose-toi sur moi (Flammarion).<\/p>\n<p>lien internet :<br \/>\n<a href=\"http:\/\/www.lefigaro.fr\/vox\/societe\/2017\/10\/06\/31003-20171006ARTFIG00190-van-der-plaetsen-notre-civilisation-est-fondee-sur-l-humilite-et-sur-l-honneur.php\">un article du figaro sur le sujet<\/a><\/p>\n<p><iframe loading=\"lazy\" style=\"border: 0;\" src=\"https:\/\/www.google.com\/maps\/embed?pb=!1m28!1m12!1m3!1d2037090.7405085308!2d9.451580744660774!3d4.279777389565199!2m3!1f0!2f0!3f0!3m2!1i1024!2i768!4f13.1!4m13!3e0!4m5!1s0x1061128be2e1fe6d%3A0x92daa1444781c48b!2sDouala%2C+Cameroun!3m2!1d4.0510564!2d9.7678687!4m5!1s0x1061643eb1909fd9%3A0x8ca728b0fb1ad5f4!2sIle+Manoka%2C+Cameroun!3m2!1d3.7955555999999997!2d9.6516667!5e0!3m2!1sfr!2sfr!4v1525080057320\" width=\"600\" height=\"450\" frameborder=\"0\" allowfullscreen=\"allowfullscreen\"><\/iframe><br \/>\nL&#8217;emplacement de Manoka au Cameroun, lieu du fameux\u00a0\u00bb serment de Manoka\u00a0 d\u00e9crit page 14 du livre \u00ab\u00a0qui marque le d\u00e9but de l&rsquo;aventure de ce qui sera la\u00a0 2e DB du Colonnel leclerc \u00e0 l&rsquo;\u00e9poque qui viendra ensuite lib\u00e9rer Paris en ao\u00fbt 1944 et Strasbourg ensuite la m\u00eame ann\u00e9e.<\/p>\n<p><iframe loading=\"lazy\" src=\"\/\/www.dailymotion.com\/embed\/video\/x6blvov\" width=\"480\" height=\"270\" frameborder=\"0\" allowfullscreen=\"allowfullscreen\"><\/iframe><\/p>\n<\/div>\n","protected":false},"excerpt":{"rendered":"<p>Laur\u00e9at du prix Jean Giono 2017, l&rsquo;auteur a \u00e9galement d\u00e9croch\u00e9 l&rsquo;Interalli\u00e9 pour La nostalgie de l&rsquo;honneur, paru chez Grasset ( source : livre hebdo). Livre pr\u00eat\u00e9 par Jean-Jacques Foubert, ancien colonnel en avril 2017 \u00e0 POISSY Le jury du prix Interalli\u00e9 a r\u00e9compens\u00e9, le 22 novembre, Jean-Ren\u00e9 Van der Plaetsen pour son premier r\u00e9cit La &hellip; <a href=\"https:\/\/www.labelleviededaniel.fr\/?page_id=6848\" class=\"more-link\">Continuer la lecture de <span class=\"screen-reader-text\">\u00ab\u00a0La Nostalgie de l&rsquo; honneur\u00a0\u00bb par Jean-Ren\u00e9 Van der Plaetsen &#8211; septembre 2017 ( \u00e9dition Grasset)<\/span> <span class=\"meta-nav\">&rarr;<\/span><\/a><\/p>\n","protected":false},"author":1,"featured_media":0,"parent":3284,"menu_order":0,"comment_status":"closed","ping_status":"closed","template":"","meta":{"footnotes":""},"class_list":["post-6848","page","type-page","status-publish","hentry"],"_links":{"self":[{"href":"https:\/\/www.labelleviededaniel.fr\/index.php?rest_route=\/wp\/v2\/pages\/6848","targetHints":{"allow":["GET"]}}],"collection":[{"href":"https:\/\/www.labelleviededaniel.fr\/index.php?rest_route=\/wp\/v2\/pages"}],"about":[{"href":"https:\/\/www.labelleviededaniel.fr\/index.php?rest_route=\/wp\/v2\/types\/page"}],"author":[{"embeddable":true,"href":"https:\/\/www.labelleviededaniel.fr\/index.php?rest_route=\/wp\/v2\/users\/1"}],"replies":[{"embeddable":true,"href":"https:\/\/www.labelleviededaniel.fr\/index.php?rest_route=%2Fwp%2Fv2%2Fcomments&post=6848"}],"version-history":[{"count":4,"href":"https:\/\/www.labelleviededaniel.fr\/index.php?rest_route=\/wp\/v2\/pages\/6848\/revisions"}],"predecessor-version":[{"id":6864,"href":"https:\/\/www.labelleviededaniel.fr\/index.php?rest_route=\/wp\/v2\/pages\/6848\/revisions\/6864"}],"up":[{"embeddable":true,"href":"https:\/\/www.labelleviededaniel.fr\/index.php?rest_route=\/wp\/v2\/pages\/3284"}],"wp:attachment":[{"href":"https:\/\/www.labelleviededaniel.fr\/index.php?rest_route=%2Fwp%2Fv2%2Fmedia&parent=6848"}],"curies":[{"name":"wp","href":"https:\/\/api.w.org\/{rel}","templated":true}]}}