{"id":6859,"date":"2018-04-28T11:17:31","date_gmt":"2018-04-28T10:17:31","guid":{"rendered":"https:\/\/www.labelleviededaniel.fr\/?page_id=6859"},"modified":"2018-04-28T11:22:55","modified_gmt":"2018-04-28T10:22:55","slug":"insomnie","status":"publish","type":"page","link":"https:\/\/www.labelleviededaniel.fr\/?page_id=6859","title":{"rendered":"Insomnie"},"content":{"rendered":"<h3 class=\"tv-episode-infos-subtitle\">L&rsquo;insomnie: source chaine TV\u00a0 LCP<\/h3>\n<p>Diffus\u00e9e le 05\/12\/2016<\/p>\n<p>Pr\u00e8s d&rsquo;un Fran\u00e7ais sur trois se plaint de troubles du sommeil et un Fran\u00e7ais sur dix est diagnostiqu\u00e9 insomniaque chronique. L&rsquo;insomnie est bel et bien une pathologie et elle n&rsquo;est pas sans cons\u00e9quence pour la sant\u00e9&#8230;<br \/>\nPour la pallier, beaucoup de Fran\u00e7ais consomment des m\u00e9dicaments, mais est-ce l&rsquo;unique recours pour s&rsquo;en sortir ?<br \/>\nL&rsquo;insomnie est une souffrance du monde moderne, souvent mal prise en charge. Pourtant, des solutions existent pour la combattre. Certains pr\u00e9conisent le recours \u00e0 des techniques alternatives comme l&rsquo;hypnose tandis que d&rsquo;autres sugg\u00e8rent de surveiller l&rsquo;usage que nous faisons des \u00e9crans, d\u00e9sormais omnipr\u00e9sents dans notre quotidien.<br \/>\nL&rsquo;insomnie, ce mal qui nous emp\u00eache de dormir&#8230; C&rsquo;est le sujet de ce nouvel \u00e9pisode d&rsquo;Etat de Sant\u00e9.<\/p>\n<p><iframe loading=\"lazy\" src=\"\/\/www.dailymotion.com\/embed\/video\/x63jqzv\" width=\"480\" height=\"270\" frameborder=\"0\" allowfullscreen=\"allowfullscreen\"><\/iframe><\/p>\n","protected":false},"excerpt":{"rendered":"<p>L&rsquo;insomnie: source chaine TV\u00a0 LCP Diffus\u00e9e le 05\/12\/2016 Pr\u00e8s d&rsquo;un Fran\u00e7ais sur trois se plaint de troubles du sommeil et un Fran\u00e7ais sur dix est diagnostiqu\u00e9 insomniaque chronique. L&rsquo;insomnie est bel et bien une pathologie et elle n&rsquo;est pas sans cons\u00e9quence pour la sant\u00e9&#8230; Pour la pallier, beaucoup de Fran\u00e7ais consomment des m\u00e9dicaments, mais est-ce &hellip; <a href=\"https:\/\/www.labelleviededaniel.fr\/?page_id=6859\" class=\"more-link\">Continuer la lecture de <span class=\"screen-reader-text\">Insomnie<\/span> <span class=\"meta-nav\">&rarr;<\/span><\/a><\/p>\n","protected":false},"author":1,"featured_media":0,"parent":6855,"menu_order":0,"comment_status":"closed","ping_status":"closed","template":"","meta":{"footnotes":""},"class_list":["post-6859","page","type-page","status-publish","hentry"],"_links":{"self":[{"href":"https:\/\/www.labelleviededaniel.fr\/index.php?rest_route=\/wp\/v2\/pages\/6859","targetHints":{"allow":["GET"]}}],"collection":[{"href":"https:\/\/www.labelleviededaniel.fr\/index.php?rest_route=\/wp\/v2\/pages"}],"about":[{"href":"https:\/\/www.labelleviededaniel.fr\/index.php?rest_route=\/wp\/v2\/types\/page"}],"author":[{"embeddable":true,"href":"https:\/\/www.labelleviededaniel.fr\/index.php?rest_route=\/wp\/v2\/users\/1"}],"replies":[{"embeddable":true,"href":"https:\/\/www.labelleviededaniel.fr\/index.php?rest_route=%2Fwp%2Fv2%2Fcomments&post=6859"}],"version-history":[{"count":3,"href":"https:\/\/www.labelleviededaniel.fr\/index.php?rest_route=\/wp\/v2\/pages\/6859\/revisions"}],"predecessor-version":[{"id":6862,"href":"https:\/\/www.labelleviededaniel.fr\/index.php?rest_route=\/wp\/v2\/pages\/6859\/revisions\/6862"}],"up":[{"embeddable":true,"href":"https:\/\/www.labelleviededaniel.fr\/index.php?rest_route=\/wp\/v2\/pages\/6855"}],"wp:attachment":[{"href":"https:\/\/www.labelleviededaniel.fr\/index.php?rest_route=%2Fwp%2Fv2%2Fmedia&parent=6859"}],"curies":[{"name":"wp","href":"https:\/\/api.w.org\/{rel}","templated":true}]}}