{"id":7103,"date":"2018-06-28T08:34:46","date_gmt":"2018-06-28T07:34:46","guid":{"rendered":"https:\/\/www.labelleviededaniel.fr\/?page_id=7103"},"modified":"2018-06-28T10:16:21","modified_gmt":"2018-06-28T09:16:21","slug":"les-arches-de-chavenay-dans-les-yvelines","status":"publish","type":"page","link":"https:\/\/www.labelleviededaniel.fr\/?page_id=7103","title":{"rendered":"Les arches de Chavenay dans les Yvelines"},"content":{"rendered":"<p>Mardi 26 juin 2018, voil\u00e0 plus de quatre ans que j&rsquo;\u00e9tais \u00e0 la recherche de ces fameuses arches de puits du village de Chavenay dans les Yvelines.<br \/>\nCes arches de puits ont servi \u00e0 extraire la pierre qui fut ensuite utilis\u00e9e pour la construction du ch\u00e2teau de Versailles voisin.<br \/>\nDommage que le site soit mal indiqu\u00e9 dans le village, que les habitants que j&rsquo;ai rencontr\u00e9s ignoraient l&rsquo; existence et l&#8217;emplacement de ces deux arches et que nous sommes \u00ab\u00a0accueillis\u00a0\u00bb sur le site par des panneaux : Terrain Priv\u00e9 et interdit au public!<br \/>\n<iframe loading=\"lazy\" style=\"border: 0;\" src=\"https:\/\/www.google.com\/maps\/embed?pb=!1m17!1m11!1m3!1d3611.015424290703!2d1.9745449879145403!3d48.84749490434823!2m2!1f0!2f0!3m2!1i1024!2i768!4f13.1!3m3!1m2!1s0x47e685eb451794f7%3A0x40b82c3688c4240!2s78450+Chavenay!5e1!3m2!1sfr!2sfr!4v1530177334173\" width=\"600\" height=\"450\" frameborder=\"0\" allowfullscreen=\"allowfullscreen\"><\/iframe><\/p>\n<div id='gallery-1' class='gallery galleryid-7103 gallery-columns-6 gallery-size-thumbnail'><figure class='gallery-item'>\n\t\t\t<div class='gallery-icon landscape'>\n\t\t\t\t<a href='https:\/\/www.labelleviededaniel.fr\/?attachment_id=7113'><img loading=\"lazy\" decoding=\"async\" width=\"150\" height=\"150\" src=\"https:\/\/www.labelleviededaniel.fr\/wp-content\/uploads\/2018\/06\/WP_20180625_001-1-150x150.jpg\" class=\"attachment-thumbnail size-thumbnail\" alt=\"\" \/><\/a>\n\t\t\t<\/div><\/figure><figure class='gallery-item'>\n\t\t\t<div class='gallery-icon landscape'>\n\t\t\t\t<a href='https:\/\/www.labelleviededaniel.fr\/?attachment_id=7114'><img loading=\"lazy\" decoding=\"async\" width=\"150\" height=\"150\" src=\"https:\/\/www.labelleviededaniel.fr\/wp-content\/uploads\/2018\/06\/WP_20180625_002-1-150x150.jpg\" class=\"attachment-thumbnail size-thumbnail\" alt=\"\" \/><\/a>\n\t\t\t<\/div><\/figure><figure class='gallery-item'>\n\t\t\t<div class='gallery-icon landscape'>\n\t\t\t\t<a href='https:\/\/www.labelleviededaniel.fr\/?attachment_id=7115'><img loading=\"lazy\" decoding=\"async\" width=\"150\" height=\"150\" src=\"https:\/\/www.labelleviededaniel.fr\/wp-content\/uploads\/2018\/06\/WP_20180625_003-1-150x150.jpg\" class=\"attachment-thumbnail size-thumbnail\" alt=\"\" \/><\/a>\n\t\t\t<\/div><\/figure><figure class='gallery-item'>\n\t\t\t<div class='gallery-icon landscape'>\n\t\t\t\t<a href='https:\/\/www.labelleviededaniel.fr\/?attachment_id=7116'><img loading=\"lazy\" decoding=\"async\" width=\"150\" height=\"150\" src=\"https:\/\/www.labelleviededaniel.fr\/wp-content\/uploads\/2018\/06\/WP_20180625_004-1-150x150.jpg\" class=\"attachment-thumbnail size-thumbnail\" alt=\"\" \/><\/a>\n\t\t\t<\/div><\/figure><figure class='gallery-item'>\n\t\t\t<div class='gallery-icon landscape'>\n\t\t\t\t<a href='https:\/\/www.labelleviededaniel.fr\/?attachment_id=7117'><img loading=\"lazy\" decoding=\"async\" width=\"150\" height=\"150\" src=\"https:\/\/www.labelleviededaniel.fr\/wp-content\/uploads\/2018\/06\/WP_20180625_005-1-150x150.jpg\" class=\"attachment-thumbnail size-thumbnail\" alt=\"\" \/><\/a>\n\t\t\t<\/div><\/figure><figure class='gallery-item'>\n\t\t\t<div class='gallery-icon landscape'>\n\t\t\t\t<a href='https:\/\/www.labelleviededaniel.fr\/?attachment_id=7118'><img loading=\"lazy\" decoding=\"async\" width=\"150\" height=\"150\" src=\"https:\/\/www.labelleviededaniel.fr\/wp-content\/uploads\/2018\/06\/WP_20180625_006-1-150x150.jpg\" class=\"attachment-thumbnail size-thumbnail\" alt=\"\" \/><\/a>\n\t\t\t<\/div><\/figure><figure class='gallery-item'>\n\t\t\t<div class='gallery-icon landscape'>\n\t\t\t\t<a href='https:\/\/www.labelleviededaniel.fr\/?attachment_id=7119'><img loading=\"lazy\" decoding=\"async\" width=\"150\" height=\"150\" src=\"https:\/\/www.labelleviededaniel.fr\/wp-content\/uploads\/2018\/06\/WP_20180625_007-1-150x150.jpg\" class=\"attachment-thumbnail size-thumbnail\" alt=\"\" \/><\/a>\n\t\t\t<\/div><\/figure><figure class='gallery-item'>\n\t\t\t<div class='gallery-icon landscape'>\n\t\t\t\t<a href='https:\/\/www.labelleviededaniel.fr\/?attachment_id=7120'><img loading=\"lazy\" decoding=\"async\" width=\"150\" height=\"150\" src=\"https:\/\/www.labelleviededaniel.fr\/wp-content\/uploads\/2018\/06\/WP_20180625_008-1-150x150.jpg\" class=\"attachment-thumbnail size-thumbnail\" alt=\"\" \/><\/a>\n\t\t\t<\/div><\/figure><figure class='gallery-item'>\n\t\t\t<div class='gallery-icon landscape'>\n\t\t\t\t<a href='https:\/\/www.labelleviededaniel.fr\/?attachment_id=7121'><img loading=\"lazy\" decoding=\"async\" width=\"150\" height=\"150\" src=\"https:\/\/www.labelleviededaniel.fr\/wp-content\/uploads\/2018\/06\/WP_20180625_009-1-150x150.jpg\" class=\"attachment-thumbnail size-thumbnail\" alt=\"\" \/><\/a>\n\t\t\t<\/div><\/figure>\n\t\t<\/div>\n\n","protected":false},"excerpt":{"rendered":"<p>Mardi 26 juin 2018, voil\u00e0 plus de quatre ans que j&rsquo;\u00e9tais \u00e0 la recherche de ces fameuses arches de puits du village de Chavenay dans les Yvelines. Ces arches de puits ont servi \u00e0 extraire la pierre qui fut ensuite utilis\u00e9e pour la construction du ch\u00e2teau de Versailles voisin. Dommage que le site soit mal &hellip; <a href=\"https:\/\/www.labelleviededaniel.fr\/?page_id=7103\" class=\"more-link\">Continuer la lecture de <span class=\"screen-reader-text\">Les arches de Chavenay dans les Yvelines<\/span> <span class=\"meta-nav\">&rarr;<\/span><\/a><\/p>\n","protected":false},"author":1,"featured_media":0,"parent":124,"menu_order":0,"comment_status":"closed","ping_status":"closed","template":"","meta":{"footnotes":""},"class_list":["post-7103","page","type-page","status-publish","hentry"],"_links":{"self":[{"href":"https:\/\/www.labelleviededaniel.fr\/index.php?rest_route=\/wp\/v2\/pages\/7103","targetHints":{"allow":["GET"]}}],"collection":[{"href":"https:\/\/www.labelleviededaniel.fr\/index.php?rest_route=\/wp\/v2\/pages"}],"about":[{"href":"https:\/\/www.labelleviededaniel.fr\/index.php?rest_route=\/wp\/v2\/types\/page"}],"author":[{"embeddable":true,"href":"https:\/\/www.labelleviededaniel.fr\/index.php?rest_route=\/wp\/v2\/users\/1"}],"replies":[{"embeddable":true,"href":"https:\/\/www.labelleviededaniel.fr\/index.php?rest_route=%2Fwp%2Fv2%2Fcomments&post=7103"}],"version-history":[{"count":5,"href":"https:\/\/www.labelleviededaniel.fr\/index.php?rest_route=\/wp\/v2\/pages\/7103\/revisions"}],"predecessor-version":[{"id":7126,"href":"https:\/\/www.labelleviededaniel.fr\/index.php?rest_route=\/wp\/v2\/pages\/7103\/revisions\/7126"}],"up":[{"embeddable":true,"href":"https:\/\/www.labelleviededaniel.fr\/index.php?rest_route=\/wp\/v2\/pages\/124"}],"wp:attachment":[{"href":"https:\/\/www.labelleviededaniel.fr\/index.php?rest_route=%2Fwp%2Fv2%2Fmedia&parent=7103"}],"curies":[{"name":"wp","href":"https:\/\/api.w.org\/{rel}","templated":true}]}}