{"id":8093,"date":"2019-09-21T12:45:00","date_gmt":"2019-09-21T11:45:00","guid":{"rendered":"https:\/\/www.labelleviededaniel.fr\/?page_id=8093"},"modified":"2020-09-17T18:08:57","modified_gmt":"2020-09-17T17:08:57","slug":"l-ecole-de-danse-de-claude-et-simone-germain-a-rouen-dans-les-annees-1970","status":"publish","type":"page","link":"https:\/\/www.labelleviededaniel.fr\/?page_id=8093","title":{"rendered":"l&rsquo; \u00e9cole de danse de Claude et Simonne Germain \u00e0 Rouen dans les ann\u00e9es 1970"},"content":{"rendered":"<figure id=\"attachment_8117\" aria-describedby=\"caption-attachment-8117\" style=\"width: 4000px\" class=\"wp-caption aligncenter\"><a href=\"https:\/\/www.labelleviededaniel.fr\/wp-content\/uploads\/2019\/09\/IMG_20190924_173558.jpg\"><img loading=\"lazy\" decoding=\"async\" class=\"wp-image-8117 size-full\" src=\"https:\/\/www.labelleviededaniel.fr\/wp-content\/uploads\/2019\/09\/IMG_20190924_173558.jpg\" alt=\"\" width=\"4000\" height=\"2250\" srcset=\"https:\/\/www.labelleviededaniel.fr\/wp-content\/uploads\/2019\/09\/IMG_20190924_173558.jpg 4000w, https:\/\/www.labelleviededaniel.fr\/wp-content\/uploads\/2019\/09\/IMG_20190924_173558-300x169.jpg 300w, https:\/\/www.labelleviededaniel.fr\/wp-content\/uploads\/2019\/09\/IMG_20190924_173558-768x432.jpg 768w, https:\/\/www.labelleviededaniel.fr\/wp-content\/uploads\/2019\/09\/IMG_20190924_173558-700x394.jpg 700w\" sizes=\"auto, (max-width: 4000px) 100vw, 4000px\" \/><\/a><figcaption id=\"caption-attachment-8117\" class=\"wp-caption-text\">Une sc\u00e8ne de danse dans le film : \u00a0\u00bb Le dernier tango \u00e0 Paris\u00a0\u00bb de Bertolucci (d\u00e9cembre 1972)<\/figcaption><\/figure>\n<p><a href=\"https:\/\/www.centre-danse-rouen.com\/\">Le centre de danse Germain \u00e0 Rouen<\/a><\/p>\n","protected":false},"excerpt":{"rendered":"<p>Le centre de danse Germain \u00e0 Rouen<\/p>\n","protected":false},"author":1,"featured_media":0,"parent":8091,"menu_order":0,"comment_status":"closed","ping_status":"closed","template":"","meta":{"footnotes":""},"class_list":["post-8093","page","type-page","status-publish","hentry"],"_links":{"self":[{"href":"https:\/\/www.labelleviededaniel.fr\/index.php?rest_route=\/wp\/v2\/pages\/8093","targetHints":{"allow":["GET"]}}],"collection":[{"href":"https:\/\/www.labelleviededaniel.fr\/index.php?rest_route=\/wp\/v2\/pages"}],"about":[{"href":"https:\/\/www.labelleviededaniel.fr\/index.php?rest_route=\/wp\/v2\/types\/page"}],"author":[{"embeddable":true,"href":"https:\/\/www.labelleviededaniel.fr\/index.php?rest_route=\/wp\/v2\/users\/1"}],"replies":[{"embeddable":true,"href":"https:\/\/www.labelleviededaniel.fr\/index.php?rest_route=%2Fwp%2Fv2%2Fcomments&post=8093"}],"version-history":[{"count":10,"href":"https:\/\/www.labelleviededaniel.fr\/index.php?rest_route=\/wp\/v2\/pages\/8093\/revisions"}],"predecessor-version":[{"id":8620,"href":"https:\/\/www.labelleviededaniel.fr\/index.php?rest_route=\/wp\/v2\/pages\/8093\/revisions\/8620"}],"up":[{"embeddable":true,"href":"https:\/\/www.labelleviededaniel.fr\/index.php?rest_route=\/wp\/v2\/pages\/8091"}],"wp:attachment":[{"href":"https:\/\/www.labelleviededaniel.fr\/index.php?rest_route=%2Fwp%2Fv2%2Fmedia&parent=8093"}],"curies":[{"name":"wp","href":"https:\/\/api.w.org\/{rel}","templated":true}]}}